{"id":843,"date":"2017-05-08T13:13:44","date_gmt":"2017-05-08T10:13:44","guid":{"rendered":"https:\/\/semarkitchen.com\/?post_type=product&#038;p=843\/"},"modified":"2025-12-23T20:39:07","modified_gmt":"2025-12-23T18:39:07","slug":"%d0%be%d0%b1%d0%b5%d0%b4%d0%b5%d0%bd%d0%bd%d1%8b%d0%b9-%d1%81%d1%82%d0%be%d0%bb","status":"publish","type":"product","link":"https:\/\/semarkitchen.com\/ru\/product\/%d0%be%d0%b1%d0%b5%d0%b4%d0%b5%d0%bd%d0%bd%d1%8b%d0%b9-%d1%81%d1%82%d0%be%d0%bb\/","title":{"rendered":"\u041e\u0411\u0415\u0414\u0415\u041d\u041d\u042b\u0419 \u0421\u0422\u041e\u041b"},"content":{"rendered":"","protected":false},"excerpt":{"rendered":"<ul>\n<li style=\"text-align: left;\">\u041e\u0411\u0415\u0414\u0415\u041d\u041d\u042b\u0419 \u0421\u0422\u041e\u041b<\/li>\n<li style=\"text-align: left;\">\u041e\u0431\u0435\u0434\u0435\u043d\u043d\u044b\u0439 \u0441\u0442\u043e\u043b \u043d\u0430 \u0441\u0442\u0430\u043b\u044c\u043d\u043e\u043c \u043a\u0430\u0440\u043a\u0430\u0441\u0435<\/li>\n<li style=\"text-align: left;\">\u041a\u0430\u0440\u043a\u0430\u0441 \u0433\u043e\u0440\u044f\u0447\u0435\u0433\u043e \u0446\u0438\u043d\u043a\u043e\u0432\u0430\u043d\u0438\u044f<\/li>\n<li style=\"text-align: left;\">\u0421\u0442\u043e\u043b\u0435\u0448\u043d\u0438\u0446\u0430 \u2014 \u0434\u0443\u0431\u043e\u0432\u044b\u0439 \u0448\u043f\u043e\u043d, 40 \u043c\u043c<\/li>\n<li>\u041a\u0430\u0436\u0434\u043e\u0435 \u0438\u0437\u0433\u043e\u0442\u043e\u0432\u043b\u0435\u043d\u043d\u043e\u0435 \u0438\u0437\u0434\u0435\u043b\u0438\u0435 \u044f\u0432\u043b\u044f\u0435\u0442\u0441\u044f \u0443\u043d\u0438\u043a\u0430\u043b\u044c\u043d\u044b\u043c<\/li>\n<\/ul>\n","protected":false},"featured_media":2720,"comment_status":"open","ping_status":"closed","template":"","meta":{"_acf_changed":false},"product_brand":[],"product_cat":[48],"product_tag":[],"class_list":{"0":"post-843","1":"product","2":"type-product","3":"status-publish","4":"has-post-thumbnail","6":"product_cat-48","8":"first","9":"instock","10":"shipping-taxable","11":"purchasable","12":"product-type-variable"},"acf":[],"yoast_head":"<!-- This site is optimized with the Yoast SEO plugin v25.6 - https:\/\/yoast.com\/wordpress\/plugins\/seo\/ -->\n<title>\u041e\u0411\u0415\u0414\u0415\u041d\u041d\u042b\u0419 \u0421\u0422\u041e\u041b | K\u00f6\u00f6gim\u00f6\u00f6bli valmistamine | M\u00f6\u00f6bli tootmine | V\u00e4lik\u00f6\u00f6gid<\/title>\n<meta name=\"description\" content=\"PVC hallide m\u00fc\u00fck ja PVC hallide hinnad - meie lehelt saad k\u00f5ik vajaliku t\u00e4pselt teada. Vaata edasi siit\" \/>\n<meta name=\"robots\" content=\"index, follow, max-snippet:-1, max-image-preview:large, max-video-preview:-1\" \/>\n<link rel=\"canonical\" href=\"https:\/\/semarkitchen.com\/ru\/product\/\u043e\u0431\u0435\u0434\u0435\u043d\u043d\u044b\u0439-\u0441\u0442\u043e\u043b\/\" \/>\n<meta property=\"og:locale\" content=\"ru_RU\" \/>\n<meta property=\"og:type\" content=\"article\" \/>\n<meta property=\"og:title\" content=\"\u041e\u0411\u0415\u0414\u0415\u041d\u041d\u042b\u0419 \u0421\u0422\u041e\u041b | K\u00f6\u00f6gim\u00f6\u00f6bli valmistamine | M\u00f6\u00f6bli tootmine | V\u00e4lik\u00f6\u00f6gid\" \/>\n<meta property=\"og:description\" content=\"PVC hallide m\u00fc\u00fck ja PVC hallide hinnad - meie lehelt saad k\u00f5ik vajaliku t\u00e4pselt teada. Vaata edasi siit\" \/>\n<meta property=\"og:url\" content=\"https:\/\/semarkitchen.com\/ru\/product\/\u043e\u0431\u0435\u0434\u0435\u043d\u043d\u044b\u0439-\u0441\u0442\u043e\u043b\/\" \/>\n<meta property=\"og:site_name\" content=\"K\u00f6\u00f6gim\u00f6\u00f6bli valmistamine | M\u00f6\u00f6bli tootmine | V\u00e4lik\u00f6\u00f6gid\" \/>\n<meta property=\"article:modified_time\" content=\"2025-12-23T18:39:07+00:00\" \/>\n<meta property=\"og:image\" content=\"https:\/\/semarkitchen.com\/wp-content\/uploads\/2025\/11\/soogilaud.jpg\" \/>\n\t<meta property=\"og:image:width\" content=\"1920\" \/>\n\t<meta property=\"og:image:height\" content=\"1440\" \/>\n\t<meta property=\"og:image:type\" content=\"image\/jpeg\" \/>\n<meta name=\"twitter:card\" content=\"summary_large_image\" \/>\n<meta name=\"twitter:label1\" content=\"\u041f\u0440\u0438\u043c\u0435\u0440\u043d\u043e\u0435 \u0432\u0440\u0435\u043c\u044f \u0434\u043b\u044f \u0447\u0442\u0435\u043d\u0438\u044f\" \/>\n\t<meta name=\"twitter:data1\" content=\"1 \u043c\u0438\u043d\u0443\u0442\u0430\" \/>\n<script type=\"application\/ld+json\" class=\"yoast-schema-graph\">{\"@context\":\"https:\/\/schema.org\",\"@graph\":[{\"@type\":\"WebPage\",\"@id\":\"https:\/\/semarkitchen.com\/ru\/product\/%d0%be%d0%b1%d0%b5%d0%b4%d0%b5%d0%bd%d0%bd%d1%8b%d0%b9-%d1%81%d1%82%d0%be%d0%bb\/\",\"url\":\"https:\/\/semarkitchen.com\/ru\/product\/%d0%be%d0%b1%d0%b5%d0%b4%d0%b5%d0%bd%d0%bd%d1%8b%d0%b9-%d1%81%d1%82%d0%be%d0%bb\/\",\"name\":\"\u041e\u0411\u0415\u0414\u0415\u041d\u041d\u042b\u0419 \u0421\u0422\u041e\u041b | K\u00f6\u00f6gim\u00f6\u00f6bli valmistamine | M\u00f6\u00f6bli tootmine | V\u00e4lik\u00f6\u00f6gid\",\"isPartOf\":{\"@id\":\"https:\/\/semarkitchen.com\/#website\"},\"primaryImageOfPage\":{\"@id\":\"https:\/\/semarkitchen.com\/ru\/product\/%d0%be%d0%b1%d0%b5%d0%b4%d0%b5%d0%bd%d0%bd%d1%8b%d0%b9-%d1%81%d1%82%d0%be%d0%bb\/#primaryimage\"},\"image\":{\"@id\":\"https:\/\/semarkitchen.com\/ru\/product\/%d0%be%d0%b1%d0%b5%d0%b4%d0%b5%d0%bd%d0%bd%d1%8b%d0%b9-%d1%81%d1%82%d0%be%d0%bb\/#primaryimage\"},\"thumbnailUrl\":\"https:\/\/semarkitchen.com\/wp-content\/uploads\/2025\/11\/soogilaud.jpg\",\"datePublished\":\"2017-05-08T10:13:44+00:00\",\"dateModified\":\"2025-12-23T18:39:07+00:00\",\"description\":\"PVC hallide m\u00fc\u00fck ja PVC hallide hinnad - meie lehelt saad k\u00f5ik vajaliku t\u00e4pselt teada. Vaata edasi siit\",\"breadcrumb\":{\"@id\":\"https:\/\/semarkitchen.com\/ru\/product\/%d0%be%d0%b1%d0%b5%d0%b4%d0%b5%d0%bd%d0%bd%d1%8b%d0%b9-%d1%81%d1%82%d0%be%d0%bb\/#breadcrumb\"},\"inLanguage\":\"ru-RU\",\"potentialAction\":[{\"@type\":\"ReadAction\",\"target\":[\"https:\/\/semarkitchen.com\/ru\/product\/%d0%be%d0%b1%d0%b5%d0%b4%d0%b5%d0%bd%d0%bd%d1%8b%d0%b9-%d1%81%d1%82%d0%be%d0%bb\/\"]}]},{\"@type\":\"ImageObject\",\"inLanguage\":\"ru-RU\",\"@id\":\"https:\/\/semarkitchen.com\/ru\/product\/%d0%be%d0%b1%d0%b5%d0%b4%d0%b5%d0%bd%d0%bd%d1%8b%d0%b9-%d1%81%d1%82%d0%be%d0%bb\/#primaryimage\",\"url\":\"https:\/\/semarkitchen.com\/wp-content\/uploads\/2025\/11\/soogilaud.jpg\",\"contentUrl\":\"https:\/\/semarkitchen.com\/wp-content\/uploads\/2025\/11\/soogilaud.jpg\",\"width\":1920,\"height\":1440},{\"@type\":\"BreadcrumbList\",\"@id\":\"https:\/\/semarkitchen.com\/ru\/product\/%d0%be%d0%b1%d0%b5%d0%b4%d0%b5%d0%bd%d0%bd%d1%8b%d0%b9-%d1%81%d1%82%d0%be%d0%bb\/#breadcrumb\",\"itemListElement\":[{\"@type\":\"ListItem\",\"position\":1,\"name\":\"Home\",\"item\":\"https:\/\/semarkitchen.com\/ru\/\"},{\"@type\":\"ListItem\",\"position\":2,\"name\":\"\u041f\u0440\u043e\u0434\u0443\u043a\u0446\u0438\u044f\",\"item\":\"https:\/\/semarkitchen.com\/ru\/%d0%b8%d0%b7%d0%b3%d0%be%d1%82%d0%be%d0%b2%d0%bb%d0%b5%d0%bd%d0%b8%d0%b5-%d0%ba%d1%83%d1%85%d0%be%d0%bd%d0%bd%d0%be%d0%b9-%d0%bc%d0%b5%d0%b1%d0%b5%d0%bb%d0%b8-%d0%bc%d0%b5%d0%b1%d0%b5%d0%bb%d1%8c\/\"},{\"@type\":\"ListItem\",\"position\":3,\"name\":\"\u041e\u0411\u0415\u0414\u0415\u041d\u041d\u042b\u0419 \u0421\u0422\u041e\u041b\"}]},{\"@type\":\"WebSite\",\"@id\":\"https:\/\/semarkitchen.com\/#website\",\"url\":\"https:\/\/semarkitchen.com\/\",\"name\":\"K\u00f6\u00f6gim\u00f6\u00f6bli valmistamine | M\u00f6\u00f6bli tootmine | V\u00e4lik\u00f6\u00f6gid\",\"description\":\"K\u00f6\u00f6gim\u00f6\u00f6bli valmistamine | M\u00f6\u00f6bli tootmine | V\u00e4lik\u00f6\u00f6gid\",\"potentialAction\":[{\"@type\":\"SearchAction\",\"target\":{\"@type\":\"EntryPoint\",\"urlTemplate\":\"https:\/\/semarkitchen.com\/?s={search_term_string}\"},\"query-input\":{\"@type\":\"PropertyValueSpecification\",\"valueRequired\":true,\"valueName\":\"search_term_string\"}}],\"inLanguage\":\"ru-RU\"}]}<\/script>\n<!-- \/ Yoast SEO plugin. -->","yoast_head_json":{"title":"\u041e\u0411\u0415\u0414\u0415\u041d\u041d\u042b\u0419 \u0421\u0422\u041e\u041b | K\u00f6\u00f6gim\u00f6\u00f6bli valmistamine | M\u00f6\u00f6bli tootmine | V\u00e4lik\u00f6\u00f6gid","description":"PVC hallide m\u00fc\u00fck ja PVC hallide hinnad - meie lehelt saad k\u00f5ik vajaliku t\u00e4pselt teada. Vaata edasi siit","robots":{"index":"index","follow":"follow","max-snippet":"max-snippet:-1","max-image-preview":"max-image-preview:large","max-video-preview":"max-video-preview:-1"},"canonical":"https:\/\/semarkitchen.com\/ru\/product\/\u043e\u0431\u0435\u0434\u0435\u043d\u043d\u044b\u0439-\u0441\u0442\u043e\u043b\/","og_locale":"ru_RU","og_type":"article","og_title":"\u041e\u0411\u0415\u0414\u0415\u041d\u041d\u042b\u0419 \u0421\u0422\u041e\u041b | K\u00f6\u00f6gim\u00f6\u00f6bli valmistamine | M\u00f6\u00f6bli tootmine | V\u00e4lik\u00f6\u00f6gid","og_description":"PVC hallide m\u00fc\u00fck ja PVC hallide hinnad - meie lehelt saad k\u00f5ik vajaliku t\u00e4pselt teada. Vaata edasi siit","og_url":"https:\/\/semarkitchen.com\/ru\/product\/\u043e\u0431\u0435\u0434\u0435\u043d\u043d\u044b\u0439-\u0441\u0442\u043e\u043b\/","og_site_name":"K\u00f6\u00f6gim\u00f6\u00f6bli valmistamine | M\u00f6\u00f6bli tootmine | V\u00e4lik\u00f6\u00f6gid","article_modified_time":"2025-12-23T18:39:07+00:00","og_image":[{"width":1920,"height":1440,"url":"https:\/\/semarkitchen.com\/wp-content\/uploads\/2025\/11\/soogilaud.jpg","type":"image\/jpeg"}],"twitter_card":"summary_large_image","twitter_misc":{"\u041f\u0440\u0438\u043c\u0435\u0440\u043d\u043e\u0435 \u0432\u0440\u0435\u043c\u044f \u0434\u043b\u044f \u0447\u0442\u0435\u043d\u0438\u044f":"1 \u043c\u0438\u043d\u0443\u0442\u0430"},"schema":{"@context":"https:\/\/schema.org","@graph":[{"@type":"WebPage","@id":"https:\/\/semarkitchen.com\/ru\/product\/%d0%be%d0%b1%d0%b5%d0%b4%d0%b5%d0%bd%d0%bd%d1%8b%d0%b9-%d1%81%d1%82%d0%be%d0%bb\/","url":"https:\/\/semarkitchen.com\/ru\/product\/%d0%be%d0%b1%d0%b5%d0%b4%d0%b5%d0%bd%d0%bd%d1%8b%d0%b9-%d1%81%d1%82%d0%be%d0%bb\/","name":"\u041e\u0411\u0415\u0414\u0415\u041d\u041d\u042b\u0419 \u0421\u0422\u041e\u041b | K\u00f6\u00f6gim\u00f6\u00f6bli valmistamine | M\u00f6\u00f6bli tootmine | V\u00e4lik\u00f6\u00f6gid","isPartOf":{"@id":"https:\/\/semarkitchen.com\/#website"},"primaryImageOfPage":{"@id":"https:\/\/semarkitchen.com\/ru\/product\/%d0%be%d0%b1%d0%b5%d0%b4%d0%b5%d0%bd%d0%bd%d1%8b%d0%b9-%d1%81%d1%82%d0%be%d0%bb\/#primaryimage"},"image":{"@id":"https:\/\/semarkitchen.com\/ru\/product\/%d0%be%d0%b1%d0%b5%d0%b4%d0%b5%d0%bd%d0%bd%d1%8b%d0%b9-%d1%81%d1%82%d0%be%d0%bb\/#primaryimage"},"thumbnailUrl":"https:\/\/semarkitchen.com\/wp-content\/uploads\/2025\/11\/soogilaud.jpg","datePublished":"2017-05-08T10:13:44+00:00","dateModified":"2025-12-23T18:39:07+00:00","description":"PVC hallide m\u00fc\u00fck ja PVC hallide hinnad - meie lehelt saad k\u00f5ik vajaliku t\u00e4pselt teada. Vaata edasi siit","breadcrumb":{"@id":"https:\/\/semarkitchen.com\/ru\/product\/%d0%be%d0%b1%d0%b5%d0%b4%d0%b5%d0%bd%d0%bd%d1%8b%d0%b9-%d1%81%d1%82%d0%be%d0%bb\/#breadcrumb"},"inLanguage":"ru-RU","potentialAction":[{"@type":"ReadAction","target":["https:\/\/semarkitchen.com\/ru\/product\/%d0%be%d0%b1%d0%b5%d0%b4%d0%b5%d0%bd%d0%bd%d1%8b%d0%b9-%d1%81%d1%82%d0%be%d0%bb\/"]}]},{"@type":"ImageObject","inLanguage":"ru-RU","@id":"https:\/\/semarkitchen.com\/ru\/product\/%d0%be%d0%b1%d0%b5%d0%b4%d0%b5%d0%bd%d0%bd%d1%8b%d0%b9-%d1%81%d1%82%d0%be%d0%bb\/#primaryimage","url":"https:\/\/semarkitchen.com\/wp-content\/uploads\/2025\/11\/soogilaud.jpg","contentUrl":"https:\/\/semarkitchen.com\/wp-content\/uploads\/2025\/11\/soogilaud.jpg","width":1920,"height":1440},{"@type":"BreadcrumbList","@id":"https:\/\/semarkitchen.com\/ru\/product\/%d0%be%d0%b1%d0%b5%d0%b4%d0%b5%d0%bd%d0%bd%d1%8b%d0%b9-%d1%81%d1%82%d0%be%d0%bb\/#breadcrumb","itemListElement":[{"@type":"ListItem","position":1,"name":"Home","item":"https:\/\/semarkitchen.com\/ru\/"},{"@type":"ListItem","position":2,"name":"\u041f\u0440\u043e\u0434\u0443\u043a\u0446\u0438\u044f","item":"https:\/\/semarkitchen.com\/ru\/%d0%b8%d0%b7%d0%b3%d0%be%d1%82%d0%be%d0%b2%d0%bb%d0%b5%d0%bd%d0%b8%d0%b5-%d0%ba%d1%83%d1%85%d0%be%d0%bd%d0%bd%d0%be%d0%b9-%d0%bc%d0%b5%d0%b1%d0%b5%d0%bb%d0%b8-%d0%bc%d0%b5%d0%b1%d0%b5%d0%bb%d1%8c\/"},{"@type":"ListItem","position":3,"name":"\u041e\u0411\u0415\u0414\u0415\u041d\u041d\u042b\u0419 \u0421\u0422\u041e\u041b"}]},{"@type":"WebSite","@id":"https:\/\/semarkitchen.com\/#website","url":"https:\/\/semarkitchen.com\/","name":"K\u00f6\u00f6gim\u00f6\u00f6bli valmistamine | M\u00f6\u00f6bli tootmine | V\u00e4lik\u00f6\u00f6gid","description":"K\u00f6\u00f6gim\u00f6\u00f6bli valmistamine | M\u00f6\u00f6bli tootmine | V\u00e4lik\u00f6\u00f6gid","potentialAction":[{"@type":"SearchAction","target":{"@type":"EntryPoint","urlTemplate":"https:\/\/semarkitchen.com\/?s={search_term_string}"},"query-input":{"@type":"PropertyValueSpecification","valueRequired":true,"valueName":"search_term_string"}}],"inLanguage":"ru-RU"}]}},"_links":{"self":[{"href":"https:\/\/semarkitchen.com\/ru\/wp-json\/wp\/v2\/product\/843","targetHints":{"allow":["GET"]}}],"collection":[{"href":"https:\/\/semarkitchen.com\/ru\/wp-json\/wp\/v2\/product"}],"about":[{"href":"https:\/\/semarkitchen.com\/ru\/wp-json\/wp\/v2\/types\/product"}],"replies":[{"embeddable":true,"href":"https:\/\/semarkitchen.com\/ru\/wp-json\/wp\/v2\/comments?post=843"}],"wp:featuredmedia":[{"embeddable":true,"href":"https:\/\/semarkitchen.com\/ru\/wp-json\/wp\/v2\/media\/2720"}],"wp:attachment":[{"href":"https:\/\/semarkitchen.com\/ru\/wp-json\/wp\/v2\/media?parent=843"}],"wp:term":[{"taxonomy":"product_brand","embeddable":true,"href":"https:\/\/semarkitchen.com\/ru\/wp-json\/wp\/v2\/product_brand?post=843"},{"taxonomy":"product_cat","embeddable":true,"href":"https:\/\/semarkitchen.com\/ru\/wp-json\/wp\/v2\/product_cat?post=843"},{"taxonomy":"product_tag","embeddable":true,"href":"https:\/\/semarkitchen.com\/ru\/wp-json\/wp\/v2\/product_tag?post=843"}],"curies":[{"name":"wp","href":"https:\/\/api.w.org\/{rel}","templated":true}]}}