{"id":2909,"date":"2026-01-05T12:59:19","date_gmt":"2026-01-05T10:59:19","guid":{"rendered":"https:\/\/semarkitchen.com\/?page_id=2909"},"modified":"2026-01-05T19:20:22","modified_gmt":"2026-01-05T17:20:22","slug":"%d0%bc%d0%b5%d1%82%d0%b0%d0%bb%d0%bb%d0%b0_%d0%b8_%d0%b4%d0%b5%d1%80%d0%b5%d0%b2%d0%b0-2","status":"publish","type":"page","link":"https:\/\/semarkitchen.com\/ru\/%d0%bc%d0%b5%d1%82%d0%b0%d0%bb%d0%bb%d0%b0_%d0%b8_%d0%b4%d0%b5%d1%80%d0%b5%d0%b2%d0%b0-2\/","title":{"rendered":"\u041c\u0435\u0431\u0435\u043b\u044c \u0438\u0437 \u043c\u0435\u0442\u0430\u043b\u043b\u0430 \u0438 \u0434\u0435\u0440\u0435\u0432\u0430, \u0438\u043d\u0434\u0438\u0432\u0438\u0434\u0443\u0430\u043b\u044c\u043d\u044b\u0435 \u0440\u0435\u0448\u0435\u043d\u0438\u044f"},"content":{"rendered":"<div class=\"wpb-content-wrapper\">[vc_row el_class=&#187;pealkir&#187;][vc_column][vc_custom_heading text=&#187;\u041c\u0435\u0431\u0435\u043b\u044c \u0438\u0437 \u043c\u0435\u0442\u0430\u043b\u043b\u0430 \u0438 \u0434\u0435\u0440\u0435\u0432\u0430, \u0438\u043d\u0434\u0438\u0432\u0438\u0434\u0443\u0430\u043b\u044c\u043d\u044b\u0435 \u0440\u0435\u0448\u0435\u043d\u0438\u044f&#187; font_container=&#187;tag:h1|font_size:33px|text_align:center|color:%23ffffff|line_height:35px&#187; use_theme_fonts=&#187;yes&#187;][\/vc_column][\/vc_row][vc_row][vc_column][vc_widget_sidebar sidebar_id=&#187;sidebar-kuppel-menu&#187; el_class=&#187;menuuu&#187;][\/vc_column][\/vc_row][vc_row][vc_column][vc_column_text]\n<p data-start=\"24\" data-end=\"45\"><strong data-start=\"24\" data-end=\"45\">\u041c\u044b \u0438\u0437\u0433\u043e\u0442\u0430\u0432\u043b\u0438\u0432\u0430\u0435\u043c:<\/strong><\/p>\n<ul>\n<li data-start=\"47\" data-end=\"190\"><strong data-start=\"47\" data-end=\"70\">\u041c\u0435\u0431\u0435\u043b\u044c \u0434\u043b\u044f \u0433\u043e\u0441\u0442\u0438\u043d\u043e\u0439<\/strong> \u2013 \u043c\u0435\u0431\u0435\u043b\u044c, \u0438\u0437\u0433\u043e\u0442\u043e\u0432\u043b\u0435\u043d\u043d\u0430\u044f \u043f\u043e \u0438\u043d\u0434\u0438\u0432\u0438\u0434\u0443\u0430\u043b\u044c\u043d\u043e\u043c\u0443 \u0437\u0430\u043a\u0430\u0437\u0443. \u0418\u0441\u043f\u043e\u043b\u044c\u0437\u0443\u0435\u043c \u043c\u0435\u0442\u0430\u043b\u043b \u0438 \u0434\u0435\u0440\u0435\u0432\u043e. \u0428\u043a\u0430\u0444\u044b \u0438 \u043a\u043e\u043c\u043e\u0434\u044b \u043d\u0430 \u043c\u0435\u0442\u0430\u043b\u043b\u0438\u0447\u0435\u0441\u043a\u043e\u043c \u043a\u0430\u0440\u043a\u0430\u0441\u0435.<\/li>\n<li data-start=\"192\" data-end=\"340\"><strong data-start=\"192\" data-end=\"211\">\u041e\u0431\u0435\u0434\u0435\u043d\u043d\u044b\u0435 \u0441\u0442\u043e\u043b\u044b<\/strong> \u2013 \u0432 \u0430\u0441\u0441\u043e\u0440\u0442\u0438\u043c\u0435\u043d\u0442\u0435 \u0441\u0442\u0430\u043d\u0434\u0430\u0440\u0442\u043d\u044b\u0435 \u0440\u0430\u0437\u043c\u0435\u0440\u044b 1 \u00d7 2 \u043c \u0438 1 \u00d7 3 \u043c. \u041a\u0430\u0440\u043a\u0430\u0441 \u0441\u0442\u043e\u043b\u0430 \u0438\u0437\u0433\u043e\u0442\u043e\u0432\u043b\u0435\u043d \u0438\u0437 \u0441\u0442\u0430\u043b\u044c\u043d\u043e\u0439 \u0442\u0440\u0443\u0431\u044b, \u043e\u0442\u0434\u0435\u043b\u043a\u0430 \u2014 \u043f\u043e\u0440\u043e\u0448\u043a\u043e\u0432\u0430\u044f \u043e\u043a\u0440\u0430\u0441\u043a\u0430.<\/li>\n<li data-start=\"342\" data-end=\"430\"><strong data-start=\"342\" data-end=\"379\">\u0413\u0430\u0440\u0434\u0435\u0440\u043e\u0431\u043d\u044b\u0435 \u0438 \u043c\u0435\u0431\u0435\u043b\u044c \u0434\u043b\u044f \u043f\u0440\u0438\u0445\u043e\u0436\u0435\u0439<\/strong> \u2013 \u0438\u0437\u0433\u043e\u0442\u043e\u0432\u043b\u0435\u043d\u0438\u0435 \u043f\u043e \u0438\u043d\u0434\u0438\u0432\u0438\u0434\u0443\u0430\u043b\u044c\u043d\u044b\u043c \u0440\u0430\u0437\u043c\u0435\u0440\u0430\u043c \u043a\u043b\u0438\u0435\u043d\u0442\u0430.<\/li>\n<\/ul>\n<p><img decoding=\"async\" class=\"size-medium wp-image-2660 alignleft lazyload\" data-src=\"https:\/\/semarkitchen.com\/wp-content\/uploads\/2025\/11\/eritellimusmoobel-196x147.jpg\" alt=\"\" width=\"196\" height=\"147\" data-srcset=\"https:\/\/semarkitchen.com\/wp-content\/uploads\/2025\/11\/eritellimusmoobel-196x147.jpg 196w, https:\/\/semarkitchen.com\/wp-content\/uploads\/2025\/11\/eritellimusmoobel-1024x768.jpg 1024w, https:\/\/semarkitchen.com\/wp-content\/uploads\/2025\/11\/eritellimusmoobel-768x576.jpg 768w, https:\/\/semarkitchen.com\/wp-content\/uploads\/2025\/11\/eritellimusmoobel-1536x1152.jpg 1536w, https:\/\/semarkitchen.com\/wp-content\/uploads\/2025\/11\/eritellimusmoobel-381x285.jpg 381w, https:\/\/semarkitchen.com\/wp-content\/uploads\/2025\/11\/eritellimusmoobel-600x450.jpg 600w, https:\/\/semarkitchen.com\/wp-content\/uploads\/2025\/11\/eritellimusmoobel.jpg 1920w\" data-sizes=\"(max-width: 196px) 100vw, 196px\" src=\"data:image\/svg+xml;base64,PHN2ZyB3aWR0aD0iMSIgaGVpZ2h0PSIxIiB4bWxucz0iaHR0cDovL3d3dy53My5vcmcvMjAwMC9zdmciPjwvc3ZnPg==\" style=\"--smush-placeholder-width: 196px; --smush-placeholder-aspect-ratio: 196\/147;\" \/><img decoding=\"async\" class=\"size-medium wp-image-2720 alignnone lazyload\" data-src=\"https:\/\/semarkitchen.com\/wp-content\/uploads\/2025\/11\/soogilaud-196x147.jpg\" alt=\"\" width=\"196\" height=\"147\" data-srcset=\"https:\/\/semarkitchen.com\/wp-content\/uploads\/2025\/11\/soogilaud-196x147.jpg 196w, https:\/\/semarkitchen.com\/wp-content\/uploads\/2025\/11\/soogilaud-1024x768.jpg 1024w, https:\/\/semarkitchen.com\/wp-content\/uploads\/2025\/11\/soogilaud-768x576.jpg 768w, https:\/\/semarkitchen.com\/wp-content\/uploads\/2025\/11\/soogilaud-1536x1152.jpg 1536w, https:\/\/semarkitchen.com\/wp-content\/uploads\/2025\/11\/soogilaud-381x285.jpg 381w, https:\/\/semarkitchen.com\/wp-content\/uploads\/2025\/11\/soogilaud-600x450.jpg 600w, https:\/\/semarkitchen.com\/wp-content\/uploads\/2025\/11\/soogilaud.jpg 1920w\" data-sizes=\"(max-width: 196px) 100vw, 196px\" src=\"data:image\/svg+xml;base64,PHN2ZyB3aWR0aD0iMSIgaGVpZ2h0PSIxIiB4bWxucz0iaHR0cDovL3d3dy53My5vcmcvMjAwMC9zdmciPjwvc3ZnPg==\" style=\"--smush-placeholder-width: 196px; --smush-placeholder-aspect-ratio: 196\/147;\" \/>[\/vc_column_text][\/vc_column][\/vc_row][vc_row el_class=&#187;cfform&#187;][vc_column][vc_custom_heading text=&#187;\u0421\u0432\u044f\u0436\u0438\u0442\u0435\u0441\u044c \u0441 \u043d\u0430\u043c\u0438!&#187; font_container=&#187;tag:h3|font_size:30px|text_align:left|color:%23ffffff|line_height:35px&#187; use_theme_fonts=&#187;yes&#187; css=&#187;.vc_custom_1767633601933{margin-bottom: 30px !important;}&#187;]<div class=\"cf_scope_1\">\n<div class=\"wpcf7 no-js\" id=\"wpcf7-f1760-o1\" lang=\"et\" dir=\"ltr\" data-wpcf7-id=\"1760\">\n<div class=\"screen-reader-response\"><p role=\"status\" aria-live=\"polite\" aria-atomic=\"true\"><\/p> <ul><\/ul><\/div>\n<form action=\"\/ru\/wp-json\/wp\/v2\/pages\/2909#wpcf7-f1760-o1\" method=\"post\" class=\"wpcf7-form init\" aria-label=\"Contact form\" novalidate=\"novalidate\" data-status=\"init\">\n<fieldset class=\"hidden-fields-container\"><input type=\"hidden\" name=\"_wpcf7\" value=\"1760\" \/><input type=\"hidden\" name=\"_wpcf7_version\" value=\"6.1\" \/><input type=\"hidden\" name=\"_wpcf7_locale\" value=\"et\" \/><input type=\"hidden\" name=\"_wpcf7_unit_tag\" value=\"wpcf7-f1760-o1\" \/><input type=\"hidden\" name=\"_wpcf7_container_post\" value=\"0\" \/><input type=\"hidden\" name=\"_wpcf7_posted_data_hash\" value=\"\" \/><input type=\"hidden\" name=\"_wpcf7_recaptcha_response\" value=\"\" \/>\n<\/fieldset>\n<div class=\"flexter\">\n<span class=\"wpcf7-form-control-wrap\" data-name=\"text-370\"><input size=\"40\" maxlength=\"400\" class=\"wpcf7-form-control wpcf7-text wpcf7-validates-as-required slider-kast\" aria-required=\"true\" aria-invalid=\"false\" placeholder=\"\u0412\u0430\u0448\u0435 \u0438\u043c\u044f\" value=\"\" type=\"text\" name=\"text-370\" \/><\/span>\n<span class=\"wpcf7-form-control-wrap\" data-name=\"text-371\"><input size=\"40\" maxlength=\"400\" class=\"wpcf7-form-control wpcf7-email wpcf7-validates-as-required wpcf7-text wpcf7-validates-as-email slider-kast\" aria-required=\"true\" aria-invalid=\"false\" placeholder=\"\u042d\u043b. \u043f\u043e\u0447\u0442\u0430\" value=\"\" type=\"email\" name=\"text-371\" \/><\/span>\n<span class=\"wpcf7-form-control-wrap\" data-name=\"text-372\"><input size=\"40\" maxlength=\"400\" class=\"wpcf7-form-control wpcf7-text wpcf7-validates-as-required slider-kast\" aria-required=\"true\" aria-invalid=\"false\" placeholder=\"\u0422\u0435\u043b\u0435\u0444\u043e\u043d\" value=\"\" type=\"text\" name=\"text-372\" \/><\/span>\n<\/div>\n<span class=\"wpcf7-form-control-wrap\" data-name=\"textarea-144\"><textarea cols=\"40\" rows=\"10\" maxlength=\"2000\" class=\"wpcf7-form-control wpcf7-textarea wpcf7-validates-as-required suurem-kast1\" aria-required=\"true\" aria-invalid=\"false\" placeholder=\"\u0432\u043e\u043f\u0440\u043e\u0441\" name=\"textarea-144\"><\/textarea><\/span>\n<input class=\"wpcf7-form-control wpcf7-submit has-spinner saada-kast\" type=\"submit\" value=\"\u043f\u043e\u0441\u044b\u043b\u0430\u0442\u044c \u043f\u0438\u0441\u044c\u043c\u043e\" \/><div class=\"wpcf7-response-output\" aria-hidden=\"true\"><\/div>\n<\/form>\n<\/div>\n<\/div>[\/vc_column][\/vc_row]\n<\/div>","protected":false},"excerpt":{"rendered":"<p>[vc_row el_class=&#187;pealkir&#187;][vc_column][vc_custom_heading text=&#187;\u041c\u0435\u0431\u0435\u043b\u044c \u0438\u0437 \u043c\u0435\u0442\u0430\u043b\u043b\u0430 \u0438 \u0434\u0435\u0440\u0435\u0432\u0430, \u0438\u043d\u0434\u0438\u0432\u0438\u0434\u0443\u0430\u043b\u044c\u043d\u044b\u0435 \u0440\u0435\u0448\u0435\u043d\u0438\u044f&#187; font_container=&#187;tag:h1|font_size:33px|text_align:center|color:%23ffffff|line_height:35px&#187; use_theme_fonts=&#187;yes&#187;][\/vc_column][\/vc_row][vc_row][vc_column][vc_widget_sidebar sidebar_id=&#187;sidebar-kuppel-menu&#187; el_class=&#187;menuuu&#187;][\/vc_column][\/vc_row][vc_row][vc_column][vc_column_text] \u041c\u044b \u0438\u0437\u0433\u043e\u0442\u0430\u0432\u043b\u0438\u0432\u0430\u0435\u043c: \u041c\u0435\u0431\u0435\u043b\u044c \u0434\u043b\u044f \u0433\u043e\u0441\u0442\u0438\u043d\u043e\u0439 \u2013 \u043c\u0435\u0431\u0435\u043b\u044c, \u0438\u0437\u0433\u043e\u0442\u043e\u0432\u043b\u0435\u043d\u043d\u0430\u044f \u043f\u043e \u0438\u043d\u0434\u0438\u0432\u0438\u0434\u0443\u0430\u043b\u044c\u043d\u043e\u043c\u0443 \u0437\u0430\u043a\u0430\u0437\u0443. \u0418\u0441\u043f\u043e\u043b\u044c\u0437\u0443\u0435\u043c \u043c\u0435\u0442\u0430\u043b\u043b \u0438 \u0434\u0435\u0440\u0435\u0432\u043e. \u0428\u043a\u0430\u0444\u044b \u0438 \u043a\u043e\u043c\u043e\u0434\u044b \u043d\u0430 \u043c\u0435\u0442\u0430\u043b\u043b\u0438\u0447\u0435\u0441\u043a\u043e\u043c \u043a\u0430\u0440\u043a\u0430\u0441\u0435. \u041e\u0431\u0435\u0434\u0435\u043d\u043d\u044b\u0435 \u0441\u0442\u043e\u043b\u044b \u2013 \u0432 \u0430\u0441\u0441\u043e\u0440\u0442\u0438\u043c\u0435\u043d\u0442\u0435 \u0441\u0442\u0430\u043d\u0434\u0430\u0440\u0442\u043d\u044b\u0435 \u0440\u0430\u0437\u043c\u0435\u0440\u044b 1 \u00d7 2 \u043c \u0438 1 \u00d7 3 \u043c. \u041a\u0430\u0440\u043a\u0430\u0441 \u0441\u0442\u043e\u043b\u0430 \u0438\u0437\u0433\u043e\u0442\u043e\u0432\u043b\u0435\u043d \u0438\u0437 \u0441\u0442\u0430\u043b\u044c\u043d\u043e\u0439&#8230;<\/p>\n","protected":false},"author":1,"featured_media":0,"parent":0,"menu_order":0,"comment_status":"closed","ping_status":"closed","template":"page-full.php","meta":{"_acf_changed":false,"footnotes":""},"class_list":["post-2909","page","type-page","status-publish","hentry"],"acf":[],"yoast_head":"<!-- This site is optimized with the Yoast SEO plugin v25.6 - https:\/\/yoast.com\/wordpress\/plugins\/seo\/ -->\n<title>\u041c\u0435\u0431\u0435\u043b\u044c \u0438\u0437 \u043c\u0435\u0442\u0430\u043b\u043b\u0430 \u0438 \u0434\u0435\u0440\u0435\u0432\u0430, \u0438\u043d\u0434\u0438\u0432\u0438\u0434\u0443\u0430\u043b\u044c\u043d\u044b\u0435 \u0440\u0435\u0448\u0435\u043d\u0438\u044f | K\u00f6\u00f6gim\u00f6\u00f6bli valmistamine | M\u00f6\u00f6bli tootmine | V\u00e4lik\u00f6\u00f6gid<\/title>\n<meta name=\"description\" content=\"\u041c\u0435\u0431\u0435\u043b\u044c \u0438\u0437 \u043c\u0435\u0442\u0430\u043b\u043b\u0430 \u0438 \u0434\u0435\u0440\u0435\u0432\u0430, \u0438\u043d\u0434\u0438\u0432\u0438\u0434\u0443\u0430\u043b\u044c\u043d\u044b\u0435 \u0440\u0435\u0448\u0435\u043d\u0438\u044f\" \/>\n<meta name=\"robots\" content=\"index, follow, max-snippet:-1, max-image-preview:large, max-video-preview:-1\" \/>\n<link rel=\"canonical\" href=\"https:\/\/semarkitchen.com\/ru\/\u043c\u0435\u0442\u0430\u043b\u043b\u0430_\u0438_\u0434\u0435\u0440\u0435\u0432\u0430-2\/\" \/>\n<meta property=\"og:locale\" content=\"ru_RU\" \/>\n<meta property=\"og:type\" content=\"article\" \/>\n<meta property=\"og:title\" content=\"\u041c\u0435\u0431\u0435\u043b\u044c \u0438\u0437 \u043c\u0435\u0442\u0430\u043b\u043b\u0430 \u0438 \u0434\u0435\u0440\u0435\u0432\u0430, \u0438\u043d\u0434\u0438\u0432\u0438\u0434\u0443\u0430\u043b\u044c\u043d\u044b\u0435 \u0440\u0435\u0448\u0435\u043d\u0438\u044f | K\u00f6\u00f6gim\u00f6\u00f6bli valmistamine | M\u00f6\u00f6bli tootmine | V\u00e4lik\u00f6\u00f6gid\" \/>\n<meta property=\"og:description\" content=\"\u041c\u0435\u0431\u0435\u043b\u044c \u0438\u0437 \u043c\u0435\u0442\u0430\u043b\u043b\u0430 \u0438 \u0434\u0435\u0440\u0435\u0432\u0430, \u0438\u043d\u0434\u0438\u0432\u0438\u0434\u0443\u0430\u043b\u044c\u043d\u044b\u0435 \u0440\u0435\u0448\u0435\u043d\u0438\u044f\" \/>\n<meta property=\"og:url\" content=\"https:\/\/semarkitchen.com\/ru\/\u043c\u0435\u0442\u0430\u043b\u043b\u0430_\u0438_\u0434\u0435\u0440\u0435\u0432\u0430-2\/\" \/>\n<meta property=\"og:site_name\" content=\"K\u00f6\u00f6gim\u00f6\u00f6bli valmistamine | M\u00f6\u00f6bli tootmine | V\u00e4lik\u00f6\u00f6gid\" \/>\n<meta property=\"article:modified_time\" content=\"2026-01-05T17:20:22+00:00\" \/>\n<meta property=\"og:image\" content=\"https:\/\/semarkitchen.com\/wp-content\/uploads\/2025\/11\/eritellimusmoobel.jpg\" \/>\n\t<meta property=\"og:image:width\" content=\"1920\" \/>\n\t<meta property=\"og:image:height\" content=\"1440\" \/>\n\t<meta property=\"og:image:type\" content=\"image\/jpeg\" \/>\n<meta name=\"twitter:card\" content=\"summary_large_image\" \/>\n<meta name=\"twitter:label1\" content=\"\u041f\u0440\u0438\u043c\u0435\u0440\u043d\u043e\u0435 \u0432\u0440\u0435\u043c\u044f \u0434\u043b\u044f \u0447\u0442\u0435\u043d\u0438\u044f\" \/>\n\t<meta name=\"twitter:data1\" content=\"1 \u043c\u0438\u043d\u0443\u0442\u0430\" \/>\n<script type=\"application\/ld+json\" class=\"yoast-schema-graph\">{\"@context\":\"https:\/\/schema.org\",\"@graph\":[{\"@type\":\"WebPage\",\"@id\":\"https:\/\/semarkitchen.com\/ru\/%d0%bc%d0%b5%d1%82%d0%b0%d0%bb%d0%bb%d0%b0_%d0%b8_%d0%b4%d0%b5%d1%80%d0%b5%d0%b2%d0%b0-2\/\",\"url\":\"https:\/\/semarkitchen.com\/ru\/%d0%bc%d0%b5%d1%82%d0%b0%d0%bb%d0%bb%d0%b0_%d0%b8_%d0%b4%d0%b5%d1%80%d0%b5%d0%b2%d0%b0-2\/\",\"name\":\"\u041c\u0435\u0431\u0435\u043b\u044c \u0438\u0437 \u043c\u0435\u0442\u0430\u043b\u043b\u0430 \u0438 \u0434\u0435\u0440\u0435\u0432\u0430, \u0438\u043d\u0434\u0438\u0432\u0438\u0434\u0443\u0430\u043b\u044c\u043d\u044b\u0435 \u0440\u0435\u0448\u0435\u043d\u0438\u044f | K\u00f6\u00f6gim\u00f6\u00f6bli valmistamine | M\u00f6\u00f6bli tootmine | V\u00e4lik\u00f6\u00f6gid\",\"isPartOf\":{\"@id\":\"https:\/\/semarkitchen.com\/#website\"},\"primaryImageOfPage\":{\"@id\":\"https:\/\/semarkitchen.com\/ru\/%d0%bc%d0%b5%d1%82%d0%b0%d0%bb%d0%bb%d0%b0_%d0%b8_%d0%b4%d0%b5%d1%80%d0%b5%d0%b2%d0%b0-2\/#primaryimage\"},\"image\":{\"@id\":\"https:\/\/semarkitchen.com\/ru\/%d0%bc%d0%b5%d1%82%d0%b0%d0%bb%d0%bb%d0%b0_%d0%b8_%d0%b4%d0%b5%d1%80%d0%b5%d0%b2%d0%b0-2\/#primaryimage\"},\"thumbnailUrl\":\"https:\/\/semarkitchen.com\/wp-content\/uploads\/2025\/11\/eritellimusmoobel-196x147.jpg\",\"datePublished\":\"2026-01-05T10:59:19+00:00\",\"dateModified\":\"2026-01-05T17:20:22+00:00\",\"description\":\"\u041c\u0435\u0431\u0435\u043b\u044c \u0438\u0437 \u043c\u0435\u0442\u0430\u043b\u043b\u0430 \u0438 \u0434\u0435\u0440\u0435\u0432\u0430, \u0438\u043d\u0434\u0438\u0432\u0438\u0434\u0443\u0430\u043b\u044c\u043d\u044b\u0435 \u0440\u0435\u0448\u0435\u043d\u0438\u044f\",\"breadcrumb\":{\"@id\":\"https:\/\/semarkitchen.com\/ru\/%d0%bc%d0%b5%d1%82%d0%b0%d0%bb%d0%bb%d0%b0_%d0%b8_%d0%b4%d0%b5%d1%80%d0%b5%d0%b2%d0%b0-2\/#breadcrumb\"},\"inLanguage\":\"ru-RU\",\"potentialAction\":[{\"@type\":\"ReadAction\",\"target\":[\"https:\/\/semarkitchen.com\/ru\/%d0%bc%d0%b5%d1%82%d0%b0%d0%bb%d0%bb%d0%b0_%d0%b8_%d0%b4%d0%b5%d1%80%d0%b5%d0%b2%d0%b0-2\/\"]}]},{\"@type\":\"ImageObject\",\"inLanguage\":\"ru-RU\",\"@id\":\"https:\/\/semarkitchen.com\/ru\/%d0%bc%d0%b5%d1%82%d0%b0%d0%bb%d0%bb%d0%b0_%d0%b8_%d0%b4%d0%b5%d1%80%d0%b5%d0%b2%d0%b0-2\/#primaryimage\",\"url\":\"https:\/\/semarkitchen.com\/wp-content\/uploads\/2025\/11\/eritellimusmoobel-196x147.jpg\",\"contentUrl\":\"https:\/\/semarkitchen.com\/wp-content\/uploads\/2025\/11\/eritellimusmoobel-196x147.jpg\"},{\"@type\":\"BreadcrumbList\",\"@id\":\"https:\/\/semarkitchen.com\/ru\/%d0%bc%d0%b5%d1%82%d0%b0%d0%bb%d0%bb%d0%b0_%d0%b8_%d0%b4%d0%b5%d1%80%d0%b5%d0%b2%d0%b0-2\/#breadcrumb\",\"itemListElement\":[{\"@type\":\"ListItem\",\"position\":1,\"name\":\"Home\",\"item\":\"https:\/\/semarkitchen.com\/ru\/\"},{\"@type\":\"ListItem\",\"position\":2,\"name\":\"\u041c\u0435\u0431\u0435\u043b\u044c \u0438\u0437 \u043c\u0435\u0442\u0430\u043b\u043b\u0430 \u0438 \u0434\u0435\u0440\u0435\u0432\u0430, \u0438\u043d\u0434\u0438\u0432\u0438\u0434\u0443\u0430\u043b\u044c\u043d\u044b\u0435 \u0440\u0435\u0448\u0435\u043d\u0438\u044f\"}]},{\"@type\":\"WebSite\",\"@id\":\"https:\/\/semarkitchen.com\/#website\",\"url\":\"https:\/\/semarkitchen.com\/\",\"name\":\"K\u00f6\u00f6gim\u00f6\u00f6bli valmistamine | M\u00f6\u00f6bli tootmine | V\u00e4lik\u00f6\u00f6gid\",\"description\":\"K\u00f6\u00f6gim\u00f6\u00f6bli valmistamine | M\u00f6\u00f6bli tootmine | V\u00e4lik\u00f6\u00f6gid\",\"potentialAction\":[{\"@type\":\"SearchAction\",\"target\":{\"@type\":\"EntryPoint\",\"urlTemplate\":\"https:\/\/semarkitchen.com\/?s={search_term_string}\"},\"query-input\":{\"@type\":\"PropertyValueSpecification\",\"valueRequired\":true,\"valueName\":\"search_term_string\"}}],\"inLanguage\":\"ru-RU\"}]}<\/script>\n<!-- \/ Yoast SEO plugin. -->","yoast_head_json":{"title":"\u041c\u0435\u0431\u0435\u043b\u044c \u0438\u0437 \u043c\u0435\u0442\u0430\u043b\u043b\u0430 \u0438 \u0434\u0435\u0440\u0435\u0432\u0430, \u0438\u043d\u0434\u0438\u0432\u0438\u0434\u0443\u0430\u043b\u044c\u043d\u044b\u0435 \u0440\u0435\u0448\u0435\u043d\u0438\u044f | K\u00f6\u00f6gim\u00f6\u00f6bli valmistamine | M\u00f6\u00f6bli tootmine | V\u00e4lik\u00f6\u00f6gid","description":"\u041c\u0435\u0431\u0435\u043b\u044c \u0438\u0437 \u043c\u0435\u0442\u0430\u043b\u043b\u0430 \u0438 \u0434\u0435\u0440\u0435\u0432\u0430, \u0438\u043d\u0434\u0438\u0432\u0438\u0434\u0443\u0430\u043b\u044c\u043d\u044b\u0435 \u0440\u0435\u0448\u0435\u043d\u0438\u044f","robots":{"index":"index","follow":"follow","max-snippet":"max-snippet:-1","max-image-preview":"max-image-preview:large","max-video-preview":"max-video-preview:-1"},"canonical":"https:\/\/semarkitchen.com\/ru\/\u043c\u0435\u0442\u0430\u043b\u043b\u0430_\u0438_\u0434\u0435\u0440\u0435\u0432\u0430-2\/","og_locale":"ru_RU","og_type":"article","og_title":"\u041c\u0435\u0431\u0435\u043b\u044c \u0438\u0437 \u043c\u0435\u0442\u0430\u043b\u043b\u0430 \u0438 \u0434\u0435\u0440\u0435\u0432\u0430, \u0438\u043d\u0434\u0438\u0432\u0438\u0434\u0443\u0430\u043b\u044c\u043d\u044b\u0435 \u0440\u0435\u0448\u0435\u043d\u0438\u044f | K\u00f6\u00f6gim\u00f6\u00f6bli valmistamine | M\u00f6\u00f6bli tootmine | V\u00e4lik\u00f6\u00f6gid","og_description":"\u041c\u0435\u0431\u0435\u043b\u044c \u0438\u0437 \u043c\u0435\u0442\u0430\u043b\u043b\u0430 \u0438 \u0434\u0435\u0440\u0435\u0432\u0430, \u0438\u043d\u0434\u0438\u0432\u0438\u0434\u0443\u0430\u043b\u044c\u043d\u044b\u0435 \u0440\u0435\u0448\u0435\u043d\u0438\u044f","og_url":"https:\/\/semarkitchen.com\/ru\/\u043c\u0435\u0442\u0430\u043b\u043b\u0430_\u0438_\u0434\u0435\u0440\u0435\u0432\u0430-2\/","og_site_name":"K\u00f6\u00f6gim\u00f6\u00f6bli valmistamine | M\u00f6\u00f6bli tootmine | V\u00e4lik\u00f6\u00f6gid","article_modified_time":"2026-01-05T17:20:22+00:00","og_image":[{"width":1920,"height":1440,"url":"https:\/\/semarkitchen.com\/wp-content\/uploads\/2025\/11\/eritellimusmoobel.jpg","type":"image\/jpeg"}],"twitter_card":"summary_large_image","twitter_misc":{"\u041f\u0440\u0438\u043c\u0435\u0440\u043d\u043e\u0435 \u0432\u0440\u0435\u043c\u044f \u0434\u043b\u044f \u0447\u0442\u0435\u043d\u0438\u044f":"1 \u043c\u0438\u043d\u0443\u0442\u0430"},"schema":{"@context":"https:\/\/schema.org","@graph":[{"@type":"WebPage","@id":"https:\/\/semarkitchen.com\/ru\/%d0%bc%d0%b5%d1%82%d0%b0%d0%bb%d0%bb%d0%b0_%d0%b8_%d0%b4%d0%b5%d1%80%d0%b5%d0%b2%d0%b0-2\/","url":"https:\/\/semarkitchen.com\/ru\/%d0%bc%d0%b5%d1%82%d0%b0%d0%bb%d0%bb%d0%b0_%d0%b8_%d0%b4%d0%b5%d1%80%d0%b5%d0%b2%d0%b0-2\/","name":"\u041c\u0435\u0431\u0435\u043b\u044c \u0438\u0437 \u043c\u0435\u0442\u0430\u043b\u043b\u0430 \u0438 \u0434\u0435\u0440\u0435\u0432\u0430, \u0438\u043d\u0434\u0438\u0432\u0438\u0434\u0443\u0430\u043b\u044c\u043d\u044b\u0435 \u0440\u0435\u0448\u0435\u043d\u0438\u044f | K\u00f6\u00f6gim\u00f6\u00f6bli valmistamine | M\u00f6\u00f6bli tootmine | V\u00e4lik\u00f6\u00f6gid","isPartOf":{"@id":"https:\/\/semarkitchen.com\/#website"},"primaryImageOfPage":{"@id":"https:\/\/semarkitchen.com\/ru\/%d0%bc%d0%b5%d1%82%d0%b0%d0%bb%d0%bb%d0%b0_%d0%b8_%d0%b4%d0%b5%d1%80%d0%b5%d0%b2%d0%b0-2\/#primaryimage"},"image":{"@id":"https:\/\/semarkitchen.com\/ru\/%d0%bc%d0%b5%d1%82%d0%b0%d0%bb%d0%bb%d0%b0_%d0%b8_%d0%b4%d0%b5%d1%80%d0%b5%d0%b2%d0%b0-2\/#primaryimage"},"thumbnailUrl":"https:\/\/semarkitchen.com\/wp-content\/uploads\/2025\/11\/eritellimusmoobel-196x147.jpg","datePublished":"2026-01-05T10:59:19+00:00","dateModified":"2026-01-05T17:20:22+00:00","description":"\u041c\u0435\u0431\u0435\u043b\u044c \u0438\u0437 \u043c\u0435\u0442\u0430\u043b\u043b\u0430 \u0438 \u0434\u0435\u0440\u0435\u0432\u0430, \u0438\u043d\u0434\u0438\u0432\u0438\u0434\u0443\u0430\u043b\u044c\u043d\u044b\u0435 \u0440\u0435\u0448\u0435\u043d\u0438\u044f","breadcrumb":{"@id":"https:\/\/semarkitchen.com\/ru\/%d0%bc%d0%b5%d1%82%d0%b0%d0%bb%d0%bb%d0%b0_%d0%b8_%d0%b4%d0%b5%d1%80%d0%b5%d0%b2%d0%b0-2\/#breadcrumb"},"inLanguage":"ru-RU","potentialAction":[{"@type":"ReadAction","target":["https:\/\/semarkitchen.com\/ru\/%d0%bc%d0%b5%d1%82%d0%b0%d0%bb%d0%bb%d0%b0_%d0%b8_%d0%b4%d0%b5%d1%80%d0%b5%d0%b2%d0%b0-2\/"]}]},{"@type":"ImageObject","inLanguage":"ru-RU","@id":"https:\/\/semarkitchen.com\/ru\/%d0%bc%d0%b5%d1%82%d0%b0%d0%bb%d0%bb%d0%b0_%d0%b8_%d0%b4%d0%b5%d1%80%d0%b5%d0%b2%d0%b0-2\/#primaryimage","url":"https:\/\/semarkitchen.com\/wp-content\/uploads\/2025\/11\/eritellimusmoobel-196x147.jpg","contentUrl":"https:\/\/semarkitchen.com\/wp-content\/uploads\/2025\/11\/eritellimusmoobel-196x147.jpg"},{"@type":"BreadcrumbList","@id":"https:\/\/semarkitchen.com\/ru\/%d0%bc%d0%b5%d1%82%d0%b0%d0%bb%d0%bb%d0%b0_%d0%b8_%d0%b4%d0%b5%d1%80%d0%b5%d0%b2%d0%b0-2\/#breadcrumb","itemListElement":[{"@type":"ListItem","position":1,"name":"Home","item":"https:\/\/semarkitchen.com\/ru\/"},{"@type":"ListItem","position":2,"name":"\u041c\u0435\u0431\u0435\u043b\u044c \u0438\u0437 \u043c\u0435\u0442\u0430\u043b\u043b\u0430 \u0438 \u0434\u0435\u0440\u0435\u0432\u0430, \u0438\u043d\u0434\u0438\u0432\u0438\u0434\u0443\u0430\u043b\u044c\u043d\u044b\u0435 \u0440\u0435\u0448\u0435\u043d\u0438\u044f"}]},{"@type":"WebSite","@id":"https:\/\/semarkitchen.com\/#website","url":"https:\/\/semarkitchen.com\/","name":"K\u00f6\u00f6gim\u00f6\u00f6bli valmistamine | M\u00f6\u00f6bli tootmine | V\u00e4lik\u00f6\u00f6gid","description":"K\u00f6\u00f6gim\u00f6\u00f6bli valmistamine | M\u00f6\u00f6bli tootmine | V\u00e4lik\u00f6\u00f6gid","potentialAction":[{"@type":"SearchAction","target":{"@type":"EntryPoint","urlTemplate":"https:\/\/semarkitchen.com\/?s={search_term_string}"},"query-input":{"@type":"PropertyValueSpecification","valueRequired":true,"valueName":"search_term_string"}}],"inLanguage":"ru-RU"}]}},"_links":{"self":[{"href":"https:\/\/semarkitchen.com\/ru\/wp-json\/wp\/v2\/pages\/2909","targetHints":{"allow":["GET"]}}],"collection":[{"href":"https:\/\/semarkitchen.com\/ru\/wp-json\/wp\/v2\/pages"}],"about":[{"href":"https:\/\/semarkitchen.com\/ru\/wp-json\/wp\/v2\/types\/page"}],"author":[{"embeddable":true,"href":"https:\/\/semarkitchen.com\/ru\/wp-json\/wp\/v2\/users\/1"}],"replies":[{"embeddable":true,"href":"https:\/\/semarkitchen.com\/ru\/wp-json\/wp\/v2\/comments?post=2909"}],"version-history":[{"count":4,"href":"https:\/\/semarkitchen.com\/ru\/wp-json\/wp\/v2\/pages\/2909\/revisions"}],"predecessor-version":[{"id":2945,"href":"https:\/\/semarkitchen.com\/ru\/wp-json\/wp\/v2\/pages\/2909\/revisions\/2945"}],"wp:attachment":[{"href":"https:\/\/semarkitchen.com\/ru\/wp-json\/wp\/v2\/media?parent=2909"}],"curies":[{"name":"wp","href":"https:\/\/api.w.org\/{rel}","templated":true}]}}