{"id":2141,"date":"2021-05-03T13:10:33","date_gmt":"2021-05-03T10:10:33","guid":{"rendered":"https:\/\/semarkitchen.com\/portfoolio\/"},"modified":"2025-12-17T18:55:04","modified_gmt":"2025-12-17T16:55:04","slug":"portfoolio","status":"publish","type":"page","link":"https:\/\/semarkitchen.com\/ru\/portfoolio\/","title":{"rendered":"Portfoolio"},"content":{"rendered":"<div class=\"wpb-content-wrapper\">[vc_row el_class=&#187;pealkir&#187;][vc_column][vc_custom_heading text=&#187;Portfoolio&#187; font_container=&#187;tag:h1|font_size:33px|text_align:center|color:%23ffffff|line_height:35px&#187; use_theme_fonts=&#187;yes&#187;][\/vc_column][\/vc_row][vc_row css=&#187;.vc_custom_1620035809747{margin-bottom: 20px !important;}&#187; el_class=&#187;portfolio-objects-container&#187;][vc_column width=&#187;1\/3&#8243; el_class=&#187;portfolio-object&#187;][vc_single_image image=&#187;2675&#8243; img_size=&#187;full&#187; el_class=&#187;portfolio-object-image&#187;][vc_column_text el_class=&#187;portfolio-object-text&#187;][\/vc_column_text][\/vc_column][vc_column width=&#187;1\/3&#8243; el_class=&#187;portfolio-object&#187;][vc_single_image image=&#187;2720&#8243; img_size=&#187;full&#187; el_class=&#187;portfolio-object-image&#187;][vc_column_text el_class=&#187;portfolio-object-text&#187;]\n<h3><\/h3>\n[\/vc_column_text][\/vc_column][vc_column width=&#187;1\/3&#8243; el_class=&#187;portfolio-object&#187;][vc_single_image image=&#187;2660&#8243; img_size=&#187;full&#187; el_class=&#187;portfolio-object-image&#187;][vc_column_text el_class=&#187;portfolio-object-text&#187;]\n<h3><\/h3>\n[\/vc_column_text][\/vc_column][\/vc_row][vc_row css=&#187;.vc_custom_1620035809747{margin-bottom: 20px !important;}&#187; el_class=&#187;portfolio-objects-container&#187;][vc_column width=&#187;1\/3&#8243; el_class=&#187;portfolio-object&#187;][vc_single_image image=&#187;2685&#8243; img_size=&#187;full&#187; el_class=&#187;portfolio-object-image&#187;][vc_column_text el_class=&#187;portfolio-object-text&#187;]\n<h3><\/h3>\n[\/vc_column_text][\/vc_column][vc_column width=&#187;1\/3&#8243; el_class=&#187;portfolio-object&#187;][vc_single_image image=&#187;2715&#8243; img_size=&#187;full&#187; el_class=&#187;portfolio-object-image&#187;][vc_column_text el_class=&#187;portfolio-object-text&#187;]\n<h3><\/h3>\n[\/vc_column_text][\/vc_column][vc_column width=&#187;1\/3&#8243; el_class=&#187;portfolio-object&#187;][vc_single_image image=&#187;2665&#8243; img_size=&#187;full&#187; el_class=&#187;portfolio-object-image&#187;][vc_column_text el_class=&#187;portfolio-object-text&#187;][\/vc_column_text][\/vc_column][\/vc_row][vc_row css=&#187;.vc_custom_1620035809747{margin-bottom: 20px !important;}&#187; el_class=&#187;portfolio-objects-container&#187;][vc_column width=&#187;1\/3&#8243; el_class=&#187;portfolio-object&#187;][vc_single_image image=&#187;2630&#8243; img_size=&#187;full&#187; el_class=&#187;portfolio-object-image&#187;][vc_column_text el_class=&#187;portfolio-object-text&#187;][\/vc_column_text][\/vc_column][vc_column width=&#187;1\/3&#8243; el_class=&#187;portfolio-object&#187;][vc_single_image image=&#187;2710&#8243; img_size=&#187;full&#187; el_class=&#187;portfolio-object-image&#187;][vc_column_text el_class=&#187;portfolio-object-text&#187;]\n<h3><\/h3>\n[\/vc_column_text][\/vc_column][vc_column width=&#187;1\/3&#8243; el_class=&#187;portfolio-object&#187;][vc_single_image image=&#187;2655&#8243; img_size=&#187;full&#187; el_class=&#187;portfolio-object-image&#187;][vc_column_text el_class=&#187;portfolio-object-text&#187;]\n<h3><\/h3>\n[\/vc_column_text][\/vc_column][\/vc_row][vc_row css=&#187;.vc_custom_1620035809747{margin-bottom: 20px !important;}&#187; el_class=&#187;portfolio-objects-container&#187;][vc_column width=&#187;1\/3&#8243; el_class=&#187;portfolio-object&#187;][vc_single_image image=&#187;2680&#8243; img_size=&#187;full&#187; el_class=&#187;portfolio-object-image&#187;][vc_column_text el_class=&#187;portfolio-object-text&#187;]\n<h3><\/h3>\n[\/vc_column_text][\/vc_column][vc_column width=&#187;1\/3&#8243; el_class=&#187;portfolio-object&#187;][vc_single_image image=&#187;2670&#8243; img_size=&#187;full&#187; el_class=&#187;portfolio-object-image&#187;][vc_column_text el_class=&#187;portfolio-object-text&#187;]\n<h3><\/h3>\n[\/vc_column_text][\/vc_column][vc_column width=&#187;1\/3&#8243; el_class=&#187;portfolio-object&#187;][vc_single_image image=&#187;2640&#8243; img_size=&#187;full&#187; el_class=&#187;portfolio-object-image&#187;][vc_column_text el_class=&#187;portfolio-object-text&#187;]\n<h3><\/h3>\n[\/vc_column_text][\/vc_column][\/vc_row]\n<\/div>","protected":false},"excerpt":{"rendered":"<p>[vc_row el_class=&#187;pealkir&#187;][vc_column][vc_custom_heading text=&#187;Portfoolio&#187; font_container=&#187;tag:h1|font_size:33px|text_align:center|color:%23ffffff|line_height:35px&#187; use_theme_fonts=&#187;yes&#187;][\/vc_column][\/vc_row][vc_row css=&#187;.vc_custom_1620035809747{margin-bottom: 20px !important;}&#187; el_class=&#187;portfolio-objects-container&#187;][vc_column width=&#187;1\/3&#8243; el_class=&#187;portfolio-object&#187;][vc_single_image image=&#187;2675&#8243; img_size=&#187;full&#187; el_class=&#187;portfolio-object-image&#187;][vc_column_text el_class=&#187;portfolio-object-text&#187;][\/vc_column_text][\/vc_column][vc_column width=&#187;1\/3&#8243; el_class=&#187;portfolio-object&#187;][vc_single_image image=&#187;2720&#8243; img_size=&#187;full&#187; el_class=&#187;portfolio-object-image&#187;][vc_column_text el_class=&#187;portfolio-object-text&#187;] [\/vc_column_text][\/vc_column][vc_column width=&#187;1\/3&#8243; el_class=&#187;portfolio-object&#187;][vc_single_image image=&#187;2660&#8243; img_size=&#187;full&#187; el_class=&#187;portfolio-object-image&#187;][vc_column_text el_class=&#187;portfolio-object-text&#187;] [\/vc_column_text][\/vc_column][\/vc_row][vc_row css=&#187;.vc_custom_1620035809747{margin-bottom: 20px !important;}&#187; el_class=&#187;portfolio-objects-container&#187;][vc_column width=&#187;1\/3&#8243; el_class=&#187;portfolio-object&#187;][vc_single_image image=&#187;2685&#8243; img_size=&#187;full&#187; el_class=&#187;portfolio-object-image&#187;][vc_column_text el_class=&#187;portfolio-object-text&#187;] [\/vc_column_text][\/vc_column][vc_column width=&#187;1\/3&#8243; el_class=&#187;portfolio-object&#187;][vc_single_image image=&#187;2715&#8243; img_size=&#187;full&#187; el_class=&#187;portfolio-object-image&#187;][vc_column_text el_class=&#187;portfolio-object-text&#187;] [\/vc_column_text][\/vc_column][vc_column width=&#187;1\/3&#8243; el_class=&#187;portfolio-object&#187;][vc_single_image image=&#187;2665&#8243; img_size=&#187;full&#187; el_class=&#187;portfolio-object-image&#187;][vc_column_text el_class=&#187;portfolio-object-text&#187;][\/vc_column_text][\/vc_column][\/vc_row][vc_row css=&#187;.vc_custom_1620035809747{margin-bottom: 20px&#8230;<\/p>\n","protected":false},"author":1,"featured_media":0,"parent":0,"menu_order":0,"comment_status":"closed","ping_status":"closed","template":"page-full.php","meta":{"_acf_changed":false,"footnotes":""},"class_list":["post-2141","page","type-page","status-publish","hentry"],"acf":[],"yoast_head":"<!-- This site is optimized with the Yoast SEO plugin v25.6 - https:\/\/yoast.com\/wordpress\/plugins\/seo\/ -->\n<title>Portfoolio | K\u00f6\u00f6gim\u00f6\u00f6bli valmistamine | M\u00f6\u00f6bli tootmine | V\u00e4lik\u00f6\u00f6gid<\/title>\n<meta name=\"description\" content=\"M\u00f6\u00f6bli valmistamine, eritellimusm\u00f6\u00f6bel, garderoobid, elutoam\u00f6\u00f6bel ja v\u00e4lik\u00f6\u00f6gid. metall ja puitm\u00f6\u00f6bel. Vaata edasi siit\" \/>\n<meta name=\"robots\" content=\"index, follow, max-snippet:-1, max-image-preview:large, max-video-preview:-1\" \/>\n<link rel=\"canonical\" href=\"https:\/\/semarkitchen.com\/ru\/portfoolio\/\" \/>\n<meta property=\"og:locale\" content=\"ru_RU\" \/>\n<meta property=\"og:type\" content=\"article\" \/>\n<meta property=\"og:title\" content=\"Portfoolio | K\u00f6\u00f6gim\u00f6\u00f6bli valmistamine | M\u00f6\u00f6bli tootmine | V\u00e4lik\u00f6\u00f6gid\" \/>\n<meta property=\"og:description\" content=\"M\u00f6\u00f6bli valmistamine, eritellimusm\u00f6\u00f6bel, garderoobid, elutoam\u00f6\u00f6bel ja v\u00e4lik\u00f6\u00f6gid. metall ja puitm\u00f6\u00f6bel. Vaata edasi siit\" \/>\n<meta property=\"og:url\" content=\"https:\/\/semarkitchen.com\/ru\/portfoolio\/\" \/>\n<meta property=\"og:site_name\" content=\"K\u00f6\u00f6gim\u00f6\u00f6bli valmistamine | M\u00f6\u00f6bli tootmine | V\u00e4lik\u00f6\u00f6gid\" \/>\n<meta property=\"article:modified_time\" content=\"2025-12-17T16:55:04+00:00\" \/>\n<meta name=\"twitter:card\" content=\"summary_large_image\" \/>\n<meta name=\"twitter:label1\" content=\"\u041f\u0440\u0438\u043c\u0435\u0440\u043d\u043e\u0435 \u0432\u0440\u0435\u043c\u044f \u0434\u043b\u044f \u0447\u0442\u0435\u043d\u0438\u044f\" \/>\n\t<meta name=\"twitter:data1\" content=\"4 \u043c\u0438\u043d\u0443\u0442\u044b\" \/>\n<script type=\"application\/ld+json\" class=\"yoast-schema-graph\">{\"@context\":\"https:\/\/schema.org\",\"@graph\":[{\"@type\":\"WebPage\",\"@id\":\"https:\/\/semarkitchen.com\/ru\/portfoolio\/\",\"url\":\"https:\/\/semarkitchen.com\/ru\/portfoolio\/\",\"name\":\"Portfoolio | K\u00f6\u00f6gim\u00f6\u00f6bli valmistamine | M\u00f6\u00f6bli tootmine | V\u00e4lik\u00f6\u00f6gid\",\"isPartOf\":{\"@id\":\"https:\/\/semarkitchen.com\/#website\"},\"datePublished\":\"2021-05-03T10:10:33+00:00\",\"dateModified\":\"2025-12-17T16:55:04+00:00\",\"description\":\"M\u00f6\u00f6bli valmistamine, eritellimusm\u00f6\u00f6bel, garderoobid, elutoam\u00f6\u00f6bel ja v\u00e4lik\u00f6\u00f6gid. metall ja puitm\u00f6\u00f6bel. Vaata edasi siit\",\"breadcrumb\":{\"@id\":\"https:\/\/semarkitchen.com\/ru\/portfoolio\/#breadcrumb\"},\"inLanguage\":\"ru-RU\",\"potentialAction\":[{\"@type\":\"ReadAction\",\"target\":[\"https:\/\/semarkitchen.com\/ru\/portfoolio\/\"]}]},{\"@type\":\"BreadcrumbList\",\"@id\":\"https:\/\/semarkitchen.com\/ru\/portfoolio\/#breadcrumb\",\"itemListElement\":[{\"@type\":\"ListItem\",\"position\":1,\"name\":\"Home\",\"item\":\"https:\/\/semarkitchen.com\/ru\/\"},{\"@type\":\"ListItem\",\"position\":2,\"name\":\"Portfoolio\"}]},{\"@type\":\"WebSite\",\"@id\":\"https:\/\/semarkitchen.com\/#website\",\"url\":\"https:\/\/semarkitchen.com\/\",\"name\":\"K\u00f6\u00f6gim\u00f6\u00f6bli valmistamine | M\u00f6\u00f6bli tootmine | V\u00e4lik\u00f6\u00f6gid\",\"description\":\"K\u00f6\u00f6gim\u00f6\u00f6bli valmistamine | M\u00f6\u00f6bli tootmine | V\u00e4lik\u00f6\u00f6gid\",\"potentialAction\":[{\"@type\":\"SearchAction\",\"target\":{\"@type\":\"EntryPoint\",\"urlTemplate\":\"https:\/\/semarkitchen.com\/?s={search_term_string}\"},\"query-input\":{\"@type\":\"PropertyValueSpecification\",\"valueRequired\":true,\"valueName\":\"search_term_string\"}}],\"inLanguage\":\"ru-RU\"}]}<\/script>\n<!-- \/ Yoast SEO plugin. -->","yoast_head_json":{"title":"Portfoolio | K\u00f6\u00f6gim\u00f6\u00f6bli valmistamine | M\u00f6\u00f6bli tootmine | V\u00e4lik\u00f6\u00f6gid","description":"M\u00f6\u00f6bli valmistamine, eritellimusm\u00f6\u00f6bel, garderoobid, elutoam\u00f6\u00f6bel ja v\u00e4lik\u00f6\u00f6gid. metall ja puitm\u00f6\u00f6bel. Vaata edasi siit","robots":{"index":"index","follow":"follow","max-snippet":"max-snippet:-1","max-image-preview":"max-image-preview:large","max-video-preview":"max-video-preview:-1"},"canonical":"https:\/\/semarkitchen.com\/ru\/portfoolio\/","og_locale":"ru_RU","og_type":"article","og_title":"Portfoolio | K\u00f6\u00f6gim\u00f6\u00f6bli valmistamine | M\u00f6\u00f6bli tootmine | V\u00e4lik\u00f6\u00f6gid","og_description":"M\u00f6\u00f6bli valmistamine, eritellimusm\u00f6\u00f6bel, garderoobid, elutoam\u00f6\u00f6bel ja v\u00e4lik\u00f6\u00f6gid. metall ja puitm\u00f6\u00f6bel. Vaata edasi siit","og_url":"https:\/\/semarkitchen.com\/ru\/portfoolio\/","og_site_name":"K\u00f6\u00f6gim\u00f6\u00f6bli valmistamine | M\u00f6\u00f6bli tootmine | V\u00e4lik\u00f6\u00f6gid","article_modified_time":"2025-12-17T16:55:04+00:00","twitter_card":"summary_large_image","twitter_misc":{"\u041f\u0440\u0438\u043c\u0435\u0440\u043d\u043e\u0435 \u0432\u0440\u0435\u043c\u044f \u0434\u043b\u044f \u0447\u0442\u0435\u043d\u0438\u044f":"4 \u043c\u0438\u043d\u0443\u0442\u044b"},"schema":{"@context":"https:\/\/schema.org","@graph":[{"@type":"WebPage","@id":"https:\/\/semarkitchen.com\/ru\/portfoolio\/","url":"https:\/\/semarkitchen.com\/ru\/portfoolio\/","name":"Portfoolio | K\u00f6\u00f6gim\u00f6\u00f6bli valmistamine | M\u00f6\u00f6bli tootmine | V\u00e4lik\u00f6\u00f6gid","isPartOf":{"@id":"https:\/\/semarkitchen.com\/#website"},"datePublished":"2021-05-03T10:10:33+00:00","dateModified":"2025-12-17T16:55:04+00:00","description":"M\u00f6\u00f6bli valmistamine, eritellimusm\u00f6\u00f6bel, garderoobid, elutoam\u00f6\u00f6bel ja v\u00e4lik\u00f6\u00f6gid. metall ja puitm\u00f6\u00f6bel. Vaata edasi siit","breadcrumb":{"@id":"https:\/\/semarkitchen.com\/ru\/portfoolio\/#breadcrumb"},"inLanguage":"ru-RU","potentialAction":[{"@type":"ReadAction","target":["https:\/\/semarkitchen.com\/ru\/portfoolio\/"]}]},{"@type":"BreadcrumbList","@id":"https:\/\/semarkitchen.com\/ru\/portfoolio\/#breadcrumb","itemListElement":[{"@type":"ListItem","position":1,"name":"Home","item":"https:\/\/semarkitchen.com\/ru\/"},{"@type":"ListItem","position":2,"name":"Portfoolio"}]},{"@type":"WebSite","@id":"https:\/\/semarkitchen.com\/#website","url":"https:\/\/semarkitchen.com\/","name":"K\u00f6\u00f6gim\u00f6\u00f6bli valmistamine | M\u00f6\u00f6bli tootmine | V\u00e4lik\u00f6\u00f6gid","description":"K\u00f6\u00f6gim\u00f6\u00f6bli valmistamine | M\u00f6\u00f6bli tootmine | V\u00e4lik\u00f6\u00f6gid","potentialAction":[{"@type":"SearchAction","target":{"@type":"EntryPoint","urlTemplate":"https:\/\/semarkitchen.com\/?s={search_term_string}"},"query-input":{"@type":"PropertyValueSpecification","valueRequired":true,"valueName":"search_term_string"}}],"inLanguage":"ru-RU"}]}},"_links":{"self":[{"href":"https:\/\/semarkitchen.com\/ru\/wp-json\/wp\/v2\/pages\/2141","targetHints":{"allow":["GET"]}}],"collection":[{"href":"https:\/\/semarkitchen.com\/ru\/wp-json\/wp\/v2\/pages"}],"about":[{"href":"https:\/\/semarkitchen.com\/ru\/wp-json\/wp\/v2\/types\/page"}],"author":[{"embeddable":true,"href":"https:\/\/semarkitchen.com\/ru\/wp-json\/wp\/v2\/users\/1"}],"replies":[{"embeddable":true,"href":"https:\/\/semarkitchen.com\/ru\/wp-json\/wp\/v2\/comments?post=2141"}],"version-history":[{"count":5,"href":"https:\/\/semarkitchen.com\/ru\/wp-json\/wp\/v2\/pages\/2141\/revisions"}],"predecessor-version":[{"id":2842,"href":"https:\/\/semarkitchen.com\/ru\/wp-json\/wp\/v2\/pages\/2141\/revisions\/2842"}],"wp:attachment":[{"href":"https:\/\/semarkitchen.com\/ru\/wp-json\/wp\/v2\/media?parent=2141"}],"curies":[{"name":"wp","href":"https:\/\/api.w.org\/{rel}","templated":true}]}}