{"id":591,"date":"2017-08-09T10:02:00","date_gmt":"2017-08-09T07:02:00","guid":{"rendered":"https:\/\/semarkitchen.com\/?page_id=591\/"},"modified":"2026-01-08T14:14:55","modified_gmt":"2026-01-08T12:14:55","slug":"erikoistarjous","status":"publish","type":"page","link":"https:\/\/semarkitchen.com\/fi\/erikoistarjous\/","title":{"rendered":"Erikoistarjous"},"content":{"rendered":"<div class=\"wpb-content-wrapper\">[vc_row el_class=&#8221;pealkir&#8221;][vc_column][vc_custom_heading text=&#8221;ERIKOISTARJOUS&#8221; font_container=&#8221;tag:h1|font_size:33px|text_align:center|color:%23ffffff|line_height:35px&#8221; use_theme_fonts=&#8221;yes&#8221;][\/vc_column][\/vc_row][vc_row][vc_column][vc_column_text]\n<pre id=\"tw-target-text\" class=\"tw-data-text tw-text-large tw-ta\" dir=\"ltr\" data-placeholder=\"T\u00f5lge\" data-ved=\"2ahUKEwj_17uO4PqLAxXVAxAIHRxsK2gQ3ewLegQICBAV\" aria-label=\"T\u00f5lgitud tekst: Maaliskuun erikoistarjous. Kaikki PVC-harmaat tilattu maaliskuussa alennettuun hintaan. Esimerkiksi: 10x15m\">Ilmainen asennus ja kuljetus yli 10 000 euron tilauksille!<\/pre>\n<p>&nbsp;<\/p>\n<p>&nbsp;<\/p>\n<p><span class=\"Y2IQFc\" lang=\"fi\">\u00a0<\/span>[\/vc_column_text][\/vc_column][\/vc_row]\n<\/div>","protected":false},"excerpt":{"rendered":"<p>[vc_row el_class=&#8221;pealkir&#8221;][vc_column][vc_custom_heading text=&#8221;ERIKOISTARJOUS&#8221; font_container=&#8221;tag:h1|font_size:33px|text_align:center|color:%23ffffff|line_height:35px&#8221; use_theme_fonts=&#8221;yes&#8221;][\/vc_column][\/vc_row][vc_row][vc_column][vc_column_text] Ilmainen asennus ja kuljetus yli 10 000 euron tilauksille! &nbsp; &nbsp; \u00a0[\/vc_column_text][\/vc_column][\/vc_row]<\/p>\n","protected":false},"author":1,"featured_media":0,"parent":0,"menu_order":0,"comment_status":"closed","ping_status":"closed","template":"page-full.php","meta":{"_acf_changed":false,"footnotes":""},"class_list":["post-591","page","type-page","status-publish","hentry"],"acf":[],"yoast_head":"<!-- This site is optimized with the Yoast SEO plugin v25.6 - https:\/\/yoast.com\/wordpress\/plugins\/seo\/ -->\n<title>Erikoistarjous | K\u00f6\u00f6gim\u00f6\u00f6bli valmistamine | M\u00f6\u00f6bli tootmine | V\u00e4lik\u00f6\u00f6gid<\/title>\n<meta name=\"description\" content=\"Keitti\u00f6kalusteet \u2013 mittatilausty\u00f6n\u00e4 valmistetut kalusteet. Kalusteiden valmistus. Keitti\u00f6kalusteet, olohuonekalusteet, vaatehuoneet.\" \/>\n<meta name=\"robots\" content=\"index, follow, max-snippet:-1, max-image-preview:large, max-video-preview:-1\" \/>\n<link rel=\"canonical\" href=\"https:\/\/semarkitchen.com\/fi\/erikoistarjous\/\" \/>\n<meta property=\"og:locale\" content=\"fi_FI\" \/>\n<meta property=\"og:type\" content=\"article\" \/>\n<meta property=\"og:title\" content=\"Erikoistarjous | K\u00f6\u00f6gim\u00f6\u00f6bli valmistamine | M\u00f6\u00f6bli tootmine | V\u00e4lik\u00f6\u00f6gid\" \/>\n<meta property=\"og:description\" content=\"Keitti\u00f6kalusteet \u2013 mittatilausty\u00f6n\u00e4 valmistetut kalusteet. Kalusteiden valmistus. Keitti\u00f6kalusteet, olohuonekalusteet, vaatehuoneet.\" \/>\n<meta property=\"og:url\" content=\"https:\/\/semarkitchen.com\/fi\/erikoistarjous\/\" \/>\n<meta property=\"og:site_name\" content=\"K\u00f6\u00f6gim\u00f6\u00f6bli valmistamine | M\u00f6\u00f6bli tootmine | V\u00e4lik\u00f6\u00f6gid\" \/>\n<meta property=\"article:modified_time\" content=\"2026-01-08T12:14:55+00:00\" \/>\n<meta name=\"twitter:card\" content=\"summary_large_image\" \/>\n<meta name=\"twitter:label1\" content=\"Arvioitu lukuaika\" \/>\n\t<meta name=\"twitter:data1\" content=\"1 minuutti\" \/>\n<script type=\"application\/ld+json\" class=\"yoast-schema-graph\">{\"@context\":\"https:\/\/schema.org\",\"@graph\":[{\"@type\":\"WebPage\",\"@id\":\"https:\/\/semarkitchen.com\/fi\/erikoistarjous\/\",\"url\":\"https:\/\/semarkitchen.com\/fi\/erikoistarjous\/\",\"name\":\"Erikoistarjous | K\u00f6\u00f6gim\u00f6\u00f6bli valmistamine | M\u00f6\u00f6bli tootmine | V\u00e4lik\u00f6\u00f6gid\",\"isPartOf\":{\"@id\":\"https:\/\/semarkitchen.com\/#website\"},\"datePublished\":\"2017-08-09T07:02:00+00:00\",\"dateModified\":\"2026-01-08T12:14:55+00:00\",\"description\":\"Keitti\u00f6kalusteet \u2013 mittatilausty\u00f6n\u00e4 valmistetut kalusteet. Kalusteiden valmistus. Keitti\u00f6kalusteet, olohuonekalusteet, vaatehuoneet.\",\"breadcrumb\":{\"@id\":\"https:\/\/semarkitchen.com\/fi\/erikoistarjous\/#breadcrumb\"},\"inLanguage\":\"fi\",\"potentialAction\":[{\"@type\":\"ReadAction\",\"target\":[\"https:\/\/semarkitchen.com\/fi\/erikoistarjous\/\"]}]},{\"@type\":\"BreadcrumbList\",\"@id\":\"https:\/\/semarkitchen.com\/fi\/erikoistarjous\/#breadcrumb\",\"itemListElement\":[{\"@type\":\"ListItem\",\"position\":1,\"name\":\"Home\",\"item\":\"https:\/\/semarkitchen.com\/fi\/\"},{\"@type\":\"ListItem\",\"position\":2,\"name\":\"Erikoistarjous\"}]},{\"@type\":\"WebSite\",\"@id\":\"https:\/\/semarkitchen.com\/#website\",\"url\":\"https:\/\/semarkitchen.com\/\",\"name\":\"K\u00f6\u00f6gim\u00f6\u00f6bli valmistamine | M\u00f6\u00f6bli tootmine | V\u00e4lik\u00f6\u00f6gid\",\"description\":\"K\u00f6\u00f6gim\u00f6\u00f6bli valmistamine | M\u00f6\u00f6bli tootmine | V\u00e4lik\u00f6\u00f6gid\",\"potentialAction\":[{\"@type\":\"SearchAction\",\"target\":{\"@type\":\"EntryPoint\",\"urlTemplate\":\"https:\/\/semarkitchen.com\/?s={search_term_string}\"},\"query-input\":{\"@type\":\"PropertyValueSpecification\",\"valueRequired\":true,\"valueName\":\"search_term_string\"}}],\"inLanguage\":\"fi\"}]}<\/script>\n<!-- \/ Yoast SEO plugin. -->","yoast_head_json":{"title":"Erikoistarjous | K\u00f6\u00f6gim\u00f6\u00f6bli valmistamine | M\u00f6\u00f6bli tootmine | V\u00e4lik\u00f6\u00f6gid","description":"Keitti\u00f6kalusteet \u2013 mittatilausty\u00f6n\u00e4 valmistetut kalusteet. Kalusteiden valmistus. Keitti\u00f6kalusteet, olohuonekalusteet, vaatehuoneet.","robots":{"index":"index","follow":"follow","max-snippet":"max-snippet:-1","max-image-preview":"max-image-preview:large","max-video-preview":"max-video-preview:-1"},"canonical":"https:\/\/semarkitchen.com\/fi\/erikoistarjous\/","og_locale":"fi_FI","og_type":"article","og_title":"Erikoistarjous | K\u00f6\u00f6gim\u00f6\u00f6bli valmistamine | M\u00f6\u00f6bli tootmine | V\u00e4lik\u00f6\u00f6gid","og_description":"Keitti\u00f6kalusteet \u2013 mittatilausty\u00f6n\u00e4 valmistetut kalusteet. Kalusteiden valmistus. Keitti\u00f6kalusteet, olohuonekalusteet, vaatehuoneet.","og_url":"https:\/\/semarkitchen.com\/fi\/erikoistarjous\/","og_site_name":"K\u00f6\u00f6gim\u00f6\u00f6bli valmistamine | M\u00f6\u00f6bli tootmine | V\u00e4lik\u00f6\u00f6gid","article_modified_time":"2026-01-08T12:14:55+00:00","twitter_card":"summary_large_image","twitter_misc":{"Arvioitu lukuaika":"1 minuutti"},"schema":{"@context":"https:\/\/schema.org","@graph":[{"@type":"WebPage","@id":"https:\/\/semarkitchen.com\/fi\/erikoistarjous\/","url":"https:\/\/semarkitchen.com\/fi\/erikoistarjous\/","name":"Erikoistarjous | K\u00f6\u00f6gim\u00f6\u00f6bli valmistamine | M\u00f6\u00f6bli tootmine | V\u00e4lik\u00f6\u00f6gid","isPartOf":{"@id":"https:\/\/semarkitchen.com\/#website"},"datePublished":"2017-08-09T07:02:00+00:00","dateModified":"2026-01-08T12:14:55+00:00","description":"Keitti\u00f6kalusteet \u2013 mittatilausty\u00f6n\u00e4 valmistetut kalusteet. Kalusteiden valmistus. Keitti\u00f6kalusteet, olohuonekalusteet, vaatehuoneet.","breadcrumb":{"@id":"https:\/\/semarkitchen.com\/fi\/erikoistarjous\/#breadcrumb"},"inLanguage":"fi","potentialAction":[{"@type":"ReadAction","target":["https:\/\/semarkitchen.com\/fi\/erikoistarjous\/"]}]},{"@type":"BreadcrumbList","@id":"https:\/\/semarkitchen.com\/fi\/erikoistarjous\/#breadcrumb","itemListElement":[{"@type":"ListItem","position":1,"name":"Home","item":"https:\/\/semarkitchen.com\/fi\/"},{"@type":"ListItem","position":2,"name":"Erikoistarjous"}]},{"@type":"WebSite","@id":"https:\/\/semarkitchen.com\/#website","url":"https:\/\/semarkitchen.com\/","name":"K\u00f6\u00f6gim\u00f6\u00f6bli valmistamine | M\u00f6\u00f6bli tootmine | V\u00e4lik\u00f6\u00f6gid","description":"K\u00f6\u00f6gim\u00f6\u00f6bli valmistamine | M\u00f6\u00f6bli tootmine | V\u00e4lik\u00f6\u00f6gid","potentialAction":[{"@type":"SearchAction","target":{"@type":"EntryPoint","urlTemplate":"https:\/\/semarkitchen.com\/?s={search_term_string}"},"query-input":{"@type":"PropertyValueSpecification","valueRequired":true,"valueName":"search_term_string"}}],"inLanguage":"fi"}]}},"_links":{"self":[{"href":"https:\/\/semarkitchen.com\/fi\/wp-json\/wp\/v2\/pages\/591","targetHints":{"allow":["GET"]}}],"collection":[{"href":"https:\/\/semarkitchen.com\/fi\/wp-json\/wp\/v2\/pages"}],"about":[{"href":"https:\/\/semarkitchen.com\/fi\/wp-json\/wp\/v2\/types\/page"}],"author":[{"embeddable":true,"href":"https:\/\/semarkitchen.com\/fi\/wp-json\/wp\/v2\/users\/1"}],"replies":[{"embeddable":true,"href":"https:\/\/semarkitchen.com\/fi\/wp-json\/wp\/v2\/comments?post=591"}],"version-history":[{"count":17,"href":"https:\/\/semarkitchen.com\/fi\/wp-json\/wp\/v2\/pages\/591\/revisions"}],"predecessor-version":[{"id":2956,"href":"https:\/\/semarkitchen.com\/fi\/wp-json\/wp\/v2\/pages\/591\/revisions\/2956"}],"wp:attachment":[{"href":"https:\/\/semarkitchen.com\/fi\/wp-json\/wp\/v2\/media?parent=591"}],"curies":[{"name":"wp","href":"https:\/\/api.w.org\/{rel}","templated":true}]}}