{"id":493,"date":"2017-06-11T21:04:24","date_gmt":"2017-06-11T18:04:24","guid":{"rendered":"https:\/\/semarkitchen.com\/?page_id=493\/"},"modified":"2026-01-08T14:11:51","modified_gmt":"2026-01-08T12:11:51","slug":"yrityksesta","status":"publish","type":"page","link":"https:\/\/semarkitchen.com\/fi\/yrityksesta\/","title":{"rendered":"Yrityksest\u00e4"},"content":{"rendered":"<div class=\"wpb-content-wrapper\">[vc_row el_class=&#8221;pealkir&#8221;][vc_column][vc_custom_heading text=&#8221;Yrityksest\u00e4&#8221; font_container=&#8221;tag:h1|font_size:33px|text_align:center|color:%23ffffff|line_height:35px&#8221; use_theme_fonts=&#8221;yes&#8221;][\/vc_column][\/vc_row][vc_row][vc_column][vc_column_text]Olemme yritys, joka on erikoistunut korkealaatuisten mittatilauskalusteiden valmistukseen ja tarjoaa kokonaisvaltaisia ratkaisuja sek\u00e4 sis\u00e4- ett\u00e4 ulkotiloihin. P\u00e4\u00e4painomme on keitti\u00f6kalusteissa, r\u00e4\u00e4t\u00e4l\u00f6idyiss\u00e4 sisustusratkaisuissa ja ulkokalusteissa, jotka suunnitellaan asiakkaan tarpeiden, tilan mahdollisuuksien ja henkil\u00f6kohtaisen tyylin mukaan. Jokainen projekti alkaa ideasta \u2013 ajatuksesta, joka kehittyy tarkkojen suunnitelmien ja ammattimaisen ty\u00f6n tuloksena kest\u00e4v\u00e4ksi ja esteettiseksi kalusteeksi.<\/p>\n<p>&nbsp;<\/p>\n<p>Uskomme, ett\u00e4 hyv\u00e4 kaluste syntyy yhteisty\u00f6ss\u00e4. Siksi l\u00e4hestymme jokaista asiakasta \u00a0henkil\u00f6kohtaisesti: kuuntelemme toiveita, analysoimme tilan erityispiirteit\u00e4 ja tarjoamme harkittuja ratkaisuja, jotka tukevat sek\u00e4 toiminnallisuutta ett\u00e4 tyyli\u00e4. Olipa kyseess\u00e4 moderni keitti\u00f6, k\u00e4yt\u00e4nn\u00f6llinen vaatehuone, yksil\u00f6llinen kylpyhuonesisustus tai kest\u00e4v\u00e4 ulkokaluste, meille on t\u00e4rke\u00e4\u00e4, ett\u00e4 jokainen yksityiskohta on laadukas ja vastaa t\u00e4sm\u00e4llisesti asiakkaan odotuksia.<\/p>\n<p>Ty\u00f6t\u00e4mme kuvaavat mestarillinen toteutus, tarkkuus ja omistautuminen. K\u00e4yt\u00e4mme nykyaikaisia ty\u00f6menetelmi\u00e4 ja laadukkaita materiaaleja, jotka takaavat kest\u00e4vyyden ja tyylikk\u00e4\u00e4n ulkon\u00e4\u00f6n vuosiksi eteenp\u00e4in. Jokainen kaluste valmistuu ammattitaitoisten tekij\u00f6idemme k\u00e4siss\u00e4, jotka pyrkiv\u00e4t<\/p>\n<p>siihen, ett\u00e4 lopputulos on yht\u00e4 erityinen ja ainutlaatuinen kuin asiakas, jolle se on tehty. Laadun lis\u00e4ksi arvostamme sujuvaa asiakaskokemusta. Tarjoamme t\u00e4ydellisen palveluprosessin \u2013 \u00a0ensimm\u00e4isest\u00e4 konsultaatiosta ja 3D-suunnitelmista aina tuotantoon, kuljetukseen ja asennukseen asti.<\/p>\n<p>Asiakas voi olla varma, ett\u00e4 projekti on turvallisissa k\u00e4siss\u00e4 ja valmistuu ajallaan ja sovitulla tavalla.<\/p>\n<p>Teht\u00e4v\u00e4mme on luoda kalusteita, jotka eiv\u00e4t ainoastaan t\u00e4yt\u00e4 teht\u00e4v\u00e4\u00e4ns\u00e4, vaan rikastuttavat arkea tuomalla tilaan luonnetta, mukavuutta ja harmoniaa. Henkil\u00f6kohtainen l\u00e4hestymistapa, rehellinen<\/p>\n<p>yhteisty\u00f6 ja korkea laatu ovat arvoja, jotka ohjaavat ty\u00f6t\u00e4mme ja viestint\u00e4\u00e4mme kaikissa vaiheissa.[\/vc_column_text][\/vc_column][\/vc_row]\n<\/div>","protected":false},"excerpt":{"rendered":"<p>[vc_row el_class=&#8221;pealkir&#8221;][vc_column][vc_custom_heading text=&#8221;Yrityksest\u00e4&#8221; font_container=&#8221;tag:h1|font_size:33px|text_align:center|color:%23ffffff|line_height:35px&#8221; use_theme_fonts=&#8221;yes&#8221;][\/vc_column][\/vc_row][vc_row][vc_column][vc_column_text]Olemme yritys, joka on erikoistunut korkealaatuisten mittatilauskalusteiden valmistukseen ja tarjoaa kokonaisvaltaisia ratkaisuja sek\u00e4 sis\u00e4- ett\u00e4 ulkotiloihin. P\u00e4\u00e4painomme on keitti\u00f6kalusteissa, r\u00e4\u00e4t\u00e4l\u00f6idyiss\u00e4 sisustusratkaisuissa ja ulkokalusteissa, jotka suunnitellaan asiakkaan tarpeiden, tilan mahdollisuuksien ja henkil\u00f6kohtaisen tyylin mukaan. Jokainen projekti alkaa ideasta \u2013 ajatuksesta, joka kehittyy tarkkojen suunnitelmien ja ammattimaisen ty\u00f6n tuloksena kest\u00e4v\u00e4ksi ja esteettiseksi kalusteeksi&#8230;.<\/p>\n","protected":false},"author":1,"featured_media":0,"parent":0,"menu_order":0,"comment_status":"closed","ping_status":"closed","template":"page-full.php","meta":{"_acf_changed":false,"footnotes":""},"class_list":["post-493","page","type-page","status-publish","hentry"],"acf":[],"yoast_head":"<!-- This site is optimized with the Yoast SEO plugin v25.6 - https:\/\/yoast.com\/wordpress\/plugins\/seo\/ -->\n<title>Yrityksest\u00e4 | K\u00f6\u00f6gim\u00f6\u00f6bli valmistamine | M\u00f6\u00f6bli tootmine | V\u00e4lik\u00f6\u00f6gid<\/title>\n<meta name=\"description\" content=\"Kalusteiden valmistus. Keitti\u00f6kalusteet, olohuonekalusteet, vaatehuoneet. Keitti\u00f6kalusteet \u2013 mittatilausty\u00f6n\u00e4 valmistetut kalusteet\" \/>\n<meta name=\"robots\" content=\"index, follow, max-snippet:-1, max-image-preview:large, max-video-preview:-1\" \/>\n<link rel=\"canonical\" href=\"https:\/\/semarkitchen.com\/fi\/yrityksesta\/\" \/>\n<meta property=\"og:locale\" content=\"fi_FI\" \/>\n<meta property=\"og:type\" content=\"article\" \/>\n<meta property=\"og:title\" content=\"Yrityksest\u00e4 | K\u00f6\u00f6gim\u00f6\u00f6bli valmistamine | M\u00f6\u00f6bli tootmine | V\u00e4lik\u00f6\u00f6gid\" \/>\n<meta property=\"og:description\" content=\"Kalusteiden valmistus. Keitti\u00f6kalusteet, olohuonekalusteet, vaatehuoneet. Keitti\u00f6kalusteet \u2013 mittatilausty\u00f6n\u00e4 valmistetut kalusteet\" \/>\n<meta property=\"og:url\" content=\"https:\/\/semarkitchen.com\/fi\/yrityksesta\/\" \/>\n<meta property=\"og:site_name\" content=\"K\u00f6\u00f6gim\u00f6\u00f6bli valmistamine | M\u00f6\u00f6bli tootmine | V\u00e4lik\u00f6\u00f6gid\" \/>\n<meta property=\"article:modified_time\" content=\"2026-01-08T12:11:51+00:00\" \/>\n<meta name=\"twitter:card\" content=\"summary_large_image\" \/>\n<meta name=\"twitter:label1\" content=\"Arvioitu lukuaika\" \/>\n\t<meta name=\"twitter:data1\" content=\"2 minuuttia\" \/>\n<script type=\"application\/ld+json\" class=\"yoast-schema-graph\">{\"@context\":\"https:\/\/schema.org\",\"@graph\":[{\"@type\":\"WebPage\",\"@id\":\"https:\/\/semarkitchen.com\/fi\/yrityksesta\/\",\"url\":\"https:\/\/semarkitchen.com\/fi\/yrityksesta\/\",\"name\":\"Yrityksest\u00e4 | K\u00f6\u00f6gim\u00f6\u00f6bli valmistamine | M\u00f6\u00f6bli tootmine | V\u00e4lik\u00f6\u00f6gid\",\"isPartOf\":{\"@id\":\"https:\/\/semarkitchen.com\/#website\"},\"datePublished\":\"2017-06-11T18:04:24+00:00\",\"dateModified\":\"2026-01-08T12:11:51+00:00\",\"description\":\"Kalusteiden valmistus. Keitti\u00f6kalusteet, olohuonekalusteet, vaatehuoneet. Keitti\u00f6kalusteet \u2013 mittatilausty\u00f6n\u00e4 valmistetut kalusteet\",\"breadcrumb\":{\"@id\":\"https:\/\/semarkitchen.com\/fi\/yrityksesta\/#breadcrumb\"},\"inLanguage\":\"fi\",\"potentialAction\":[{\"@type\":\"ReadAction\",\"target\":[\"https:\/\/semarkitchen.com\/fi\/yrityksesta\/\"]}]},{\"@type\":\"BreadcrumbList\",\"@id\":\"https:\/\/semarkitchen.com\/fi\/yrityksesta\/#breadcrumb\",\"itemListElement\":[{\"@type\":\"ListItem\",\"position\":1,\"name\":\"Home\",\"item\":\"https:\/\/semarkitchen.com\/fi\/\"},{\"@type\":\"ListItem\",\"position\":2,\"name\":\"Yrityksest\u00e4\"}]},{\"@type\":\"WebSite\",\"@id\":\"https:\/\/semarkitchen.com\/#website\",\"url\":\"https:\/\/semarkitchen.com\/\",\"name\":\"K\u00f6\u00f6gim\u00f6\u00f6bli valmistamine | M\u00f6\u00f6bli tootmine | V\u00e4lik\u00f6\u00f6gid\",\"description\":\"K\u00f6\u00f6gim\u00f6\u00f6bli valmistamine | M\u00f6\u00f6bli tootmine | V\u00e4lik\u00f6\u00f6gid\",\"potentialAction\":[{\"@type\":\"SearchAction\",\"target\":{\"@type\":\"EntryPoint\",\"urlTemplate\":\"https:\/\/semarkitchen.com\/?s={search_term_string}\"},\"query-input\":{\"@type\":\"PropertyValueSpecification\",\"valueRequired\":true,\"valueName\":\"search_term_string\"}}],\"inLanguage\":\"fi\"}]}<\/script>\n<!-- \/ Yoast SEO plugin. -->","yoast_head_json":{"title":"Yrityksest\u00e4 | K\u00f6\u00f6gim\u00f6\u00f6bli valmistamine | M\u00f6\u00f6bli tootmine | V\u00e4lik\u00f6\u00f6gid","description":"Kalusteiden valmistus. Keitti\u00f6kalusteet, olohuonekalusteet, vaatehuoneet. Keitti\u00f6kalusteet \u2013 mittatilausty\u00f6n\u00e4 valmistetut kalusteet","robots":{"index":"index","follow":"follow","max-snippet":"max-snippet:-1","max-image-preview":"max-image-preview:large","max-video-preview":"max-video-preview:-1"},"canonical":"https:\/\/semarkitchen.com\/fi\/yrityksesta\/","og_locale":"fi_FI","og_type":"article","og_title":"Yrityksest\u00e4 | K\u00f6\u00f6gim\u00f6\u00f6bli valmistamine | M\u00f6\u00f6bli tootmine | V\u00e4lik\u00f6\u00f6gid","og_description":"Kalusteiden valmistus. Keitti\u00f6kalusteet, olohuonekalusteet, vaatehuoneet. Keitti\u00f6kalusteet \u2013 mittatilausty\u00f6n\u00e4 valmistetut kalusteet","og_url":"https:\/\/semarkitchen.com\/fi\/yrityksesta\/","og_site_name":"K\u00f6\u00f6gim\u00f6\u00f6bli valmistamine | M\u00f6\u00f6bli tootmine | V\u00e4lik\u00f6\u00f6gid","article_modified_time":"2026-01-08T12:11:51+00:00","twitter_card":"summary_large_image","twitter_misc":{"Arvioitu lukuaika":"2 minuuttia"},"schema":{"@context":"https:\/\/schema.org","@graph":[{"@type":"WebPage","@id":"https:\/\/semarkitchen.com\/fi\/yrityksesta\/","url":"https:\/\/semarkitchen.com\/fi\/yrityksesta\/","name":"Yrityksest\u00e4 | K\u00f6\u00f6gim\u00f6\u00f6bli valmistamine | M\u00f6\u00f6bli tootmine | V\u00e4lik\u00f6\u00f6gid","isPartOf":{"@id":"https:\/\/semarkitchen.com\/#website"},"datePublished":"2017-06-11T18:04:24+00:00","dateModified":"2026-01-08T12:11:51+00:00","description":"Kalusteiden valmistus. Keitti\u00f6kalusteet, olohuonekalusteet, vaatehuoneet. Keitti\u00f6kalusteet \u2013 mittatilausty\u00f6n\u00e4 valmistetut kalusteet","breadcrumb":{"@id":"https:\/\/semarkitchen.com\/fi\/yrityksesta\/#breadcrumb"},"inLanguage":"fi","potentialAction":[{"@type":"ReadAction","target":["https:\/\/semarkitchen.com\/fi\/yrityksesta\/"]}]},{"@type":"BreadcrumbList","@id":"https:\/\/semarkitchen.com\/fi\/yrityksesta\/#breadcrumb","itemListElement":[{"@type":"ListItem","position":1,"name":"Home","item":"https:\/\/semarkitchen.com\/fi\/"},{"@type":"ListItem","position":2,"name":"Yrityksest\u00e4"}]},{"@type":"WebSite","@id":"https:\/\/semarkitchen.com\/#website","url":"https:\/\/semarkitchen.com\/","name":"K\u00f6\u00f6gim\u00f6\u00f6bli valmistamine | M\u00f6\u00f6bli tootmine | V\u00e4lik\u00f6\u00f6gid","description":"K\u00f6\u00f6gim\u00f6\u00f6bli valmistamine | M\u00f6\u00f6bli tootmine | V\u00e4lik\u00f6\u00f6gid","potentialAction":[{"@type":"SearchAction","target":{"@type":"EntryPoint","urlTemplate":"https:\/\/semarkitchen.com\/?s={search_term_string}"},"query-input":{"@type":"PropertyValueSpecification","valueRequired":true,"valueName":"search_term_string"}}],"inLanguage":"fi"}]}},"_links":{"self":[{"href":"https:\/\/semarkitchen.com\/fi\/wp-json\/wp\/v2\/pages\/493","targetHints":{"allow":["GET"]}}],"collection":[{"href":"https:\/\/semarkitchen.com\/fi\/wp-json\/wp\/v2\/pages"}],"about":[{"href":"https:\/\/semarkitchen.com\/fi\/wp-json\/wp\/v2\/types\/page"}],"author":[{"embeddable":true,"href":"https:\/\/semarkitchen.com\/fi\/wp-json\/wp\/v2\/users\/1"}],"replies":[{"embeddable":true,"href":"https:\/\/semarkitchen.com\/fi\/wp-json\/wp\/v2\/comments?post=493"}],"version-history":[{"count":4,"href":"https:\/\/semarkitchen.com\/fi\/wp-json\/wp\/v2\/pages\/493\/revisions"}],"predecessor-version":[{"id":2830,"href":"https:\/\/semarkitchen.com\/fi\/wp-json\/wp\/v2\/pages\/493\/revisions\/2830"}],"wp:attachment":[{"href":"https:\/\/semarkitchen.com\/fi\/wp-json\/wp\/v2\/media?parent=493"}],"curies":[{"name":"wp","href":"https:\/\/api.w.org\/{rel}","templated":true}]}}