{"id":407,"date":"2017-05-16T14:25:43","date_gmt":"2017-05-16T11:25:43","guid":{"rendered":"https:\/\/semarkitchen.com\/?page_id=407\/"},"modified":"2026-01-13T21:32:06","modified_gmt":"2026-01-13T19:32:06","slug":"valmistamme-mittatilauskalusteita-keittiokalusteet-vaatekaapit-ja-olohuonekalusteet","status":"publish","type":"page","link":"https:\/\/semarkitchen.com\/fi\/","title":{"rendered":"Etusivu"},"content":{"rendered":"<div class=\"wpb-content-wrapper\">[vc_row][vc_column][rev_slider_vc alias=&#8221;esileht_soome&#8221;][\/vc_column][\/vc_row][vc_row css=&#8221;.vc_custom_1493297780903{margin-top: 70px !important;}&#8221; el_class=&#8221;tooted&#8221;][vc_column width=&#8221;1\/3&#8243; css=&#8221;.vc_custom_1493297557959{margin-bottom: 70px !important;}&#8221;][vc_single_image image=&#8221;2674&#8243; img_size=&#8221;full&#8221; alignment=&#8221;center&#8221; onclick=&#8221;custom_link&#8221; css=&#8221;.vc_custom_1767634741730{margin-bottom: 20px !important;}&#8221; link=&#8221;https:\/\/semarkitchen.com\/fi\/keittiokalusteet_mittatilauskalusteet\/&#8221;][vc_custom_heading text=&#8221;KEITTI\u00d6KALUSTEET&#8221; font_container=&#8221;tag:h2|font_size:20px|text_align:center|color:%23384059|line_height:22px&#8221; use_theme_fonts=&#8221;yes&#8221; link=&#8221;url:https%3A%2F%2Fsemarkitchen.com%2Ffi%2Fkeittiokalusteet_mittatilauskalusteet%2F|title:%E2%80%9CKalusteiden%20valmistus.%20Keitti%C3%B6kalusteet%2C%20olohuonekalusteet%2C%20vaatehuoneet.%E2%80%9D&#8221;][vc_column_text]\n<p style=\"text-align: center;\"><br data-start=\"248\" data-end=\"251\" \/>Valmistamme mittatilauskalusteita. Keitti\u00f6kalusteet, vaatekaapit ja olohuonekalusteet.<br data-start=\"337\" data-end=\"340\" \/><strong data-start=\"340\" data-end=\"358\">Pyyd\u00e4 tarjous!<\/strong><\/p>\n[\/vc_column_text][\/vc_column][vc_column width=&#8221;1\/3&#8243; css=&#8221;.vc_custom_1493297563551{margin-bottom: 70px !important;}&#8221;][vc_single_image image=&#8221;2796&#8243; img_size=&#8221;full&#8221; alignment=&#8221;center&#8221; onclick=&#8221;custom_link&#8221; css=&#8221;.vc_custom_1767635050040{margin-bottom: 20px !important;}&#8221; link=&#8221;https:\/\/semarkitchen.com\/fi\/ulkokeittiot_ulkokalusteet\/&#8221;][vc_custom_heading text=&#8221;ULKOKEITTI\u00d6T, PERGOLAT JA ULKOKALUSTEET&#8221; font_container=&#8221;tag:h2|font_size:20px|text_align:center|color:%23384059|line_height:22px&#8221; use_theme_fonts=&#8221;yes&#8221; link=&#8221;url:https%3A%2F%2Fsemarkitchen.com%2Ffi%2Fulkokeittiot_ulkokalusteet%2F|title:Ulkokeitti%C3%B6t%2C%20pergolat%20ja%20ulkokalusteet&#8221;][vc_column_text]\n<p style=\"text-align: center;\"><br data-start=\"299\" data-end=\"302\" \/>Valikoimastamme l\u00f6yd\u00e4t erilaisia ulkokeitti\u00f6it\u00e4, pergoloita ja ulkokalusteita.<br data-start=\"380\" data-end=\"383\" \/><strong data-start=\"383\" data-end=\"408\">Tutustu lis\u00e4\u00e4 t\u00e4\u00e4ll\u00e4!<\/strong><\/p>\n[\/vc_column_text][\/vc_column][vc_column width=&#8221;1\/3&#8243; css=&#8221;.vc_custom_1493297569159{margin-bottom: 70px !important;}&#8221;][vc_single_image image=&#8221;2659&#8243; img_size=&#8221;full&#8221; alignment=&#8221;center&#8221; onclick=&#8221;custom_link&#8221; css=&#8221;.vc_custom_1767635704504{margin-bottom: 20px !important;}&#8221; link=&#8221;https:\/\/semarkitchen.com\/fi\/metalli-ja-puukalusteet\/&#8221;][vc_custom_heading text=&#8221;METALLI- JA PUUKALUSTEET, MITTATILAUSRATKAISUT&#8221; font_container=&#8221;tag:h2|font_size:20px|text_align:center|color:%23384059|line_height:22px&#8221; use_theme_fonts=&#8221;yes&#8221; link=&#8221;url:https%3A%2F%2Fsemarkitchen.com%2Ffi%2Fmetalli-ja-puukalusteet%2F|title:Metalli-%20ja%20puukalusteet%2C%20yksil%C3%B6lliset%20ratkaisut&#8221;][vc_column_text]\n<p style=\"text-align: center;\"><br data-start=\"276\" data-end=\"279\" \/>Valmistamme sinulle yksil\u00f6llisi\u00e4 mittatilausterassikalusteita.<br data-start=\"341\" data-end=\"344\" \/><strong data-start=\"344\" data-end=\"365\">Lue lis\u00e4\u00e4 t\u00e4\u00e4lt\u00e4!<\/strong><\/p>\n[\/vc_column_text][\/vc_column][\/vc_row][vc_row][vc_column][ctitle title=&#8221;TUOTTEET&#8221; color=&#8221;#384059&#8243; background=&#8221;#ffffff&#8221; font_size=&#8221;25&#8243; font_weight=&#8221;600&#8243; separator_color=&#8221;#e6e6e6&#8243; el_class=&#8221;pealk&#8221;][\/vc_column][\/vc_row][vc_row][vc_column el_class=&#8221;toode parem&#8221;][vc_column_text][\/vc_column_text][\/vc_column][vc_column][vc_column_text]<strong>Mittatilauskeitti\u00f6t<\/strong><\/p>\n<p>Keitti\u00f6kalusteemme on suunniteltu tekem\u00e4\u00e4n jokap\u00e4iv\u00e4isest\u00e4 ruoanlaitosta mukavaa, toimivaa ja miellytt\u00e4v\u00e4\u00e4. Suunnittelemme keitti\u00f6it\u00e4, jotka\u00a0sopivat tarkasti tilan mittoihin ja el\u00e4m\u00e4ntyyliin \u2013 olipa kyseess\u00e4 moderni, minimalistinen tai klassinen ratkaisu. K\u00e4yt\u00e4mme korkealaatuisia\u00a0materiaaleja, kest\u00e4vi\u00e4 helat ja huolellisesti suunniteltuja ergonomisia ratkaisuja. Jokainen kaappi, laatikko ja ty\u00f6taso valmistetaan\u00a0t\u00e4sm\u00e4llisten mittojen mukaan sujuvan k\u00e4ytt\u00f6kokemuksen ja optimaalisen tilank\u00e4yt\u00f6n takaamiseksi. Tarvittaessa tarjoamme my\u00f6s\u00a03D-visualisointeja, jotta lopullinen ratkaisu on selke\u00e4sti n\u00e4ht\u00e4viss\u00e4\u00a0ennen tuotantoa.<\/p>\n<p>&nbsp;<\/p>\n<p><strong>Mittatilauskalusteet sis\u00e4tiloihin<\/strong><\/p>\n<p>Keitti\u00f6iden lis\u00e4ksi valmistamme monipuolisesti mittatilauskalusteita\u00a0kaikkiin asuintiloihin:\u00a0olohuonekalusteet vaatehuoneet ja vaatekaapit kylpyhuonekalusteet\u00a0kotitoimistoratkaisut sein\u00e4paneelit ja koristeelliset sisustuselementit. Sis\u00e4kalusteemme yhdist\u00e4v\u00e4t k\u00e4yt\u00e4nn\u00f6llisyyden ja estetiikan. L\u00e4ht\u00f6kohtana\u00a0ovat aina asiakkaan toiveet, jotta lopputulos sopii t\u00e4ydellisesti\u00a0olemassa olevaan sisustustyyliin. Tarjoamme laajan valikoiman\u00a0materiaali- ja viimeistelyvaihtoehtoja visuaalisesti harmonisen ja\u00a0laadukkaan lopputuloksen saavuttamiseksi.<\/p>\n<p><strong>Ulkokalusteet ja terassiratkaisut<\/strong><\/p>\n<p>Valmistamme kest\u00e4vi\u00e4 ja s\u00e4\u00e4nkest\u00e4vi\u00e4 ulkokalusteita kotipihoille,\u00a0terasseille ja julkisiin ulkotiloihin. Ulkokalustevalikoimaamme\u00a0kuuluvat:<\/p>\n<p>puutarhap\u00f6yd\u00e4t ja -tuolit penkit terassimoduulit erikoisratkaisut\u00a0ulkokeitti\u00f6ihin ja huvimajoihin\u00a0K\u00e4yt\u00e4mme ulkok\u00e4ytt\u00f6\u00f6n soveltuvia ja kest\u00e4vi\u00e4 materiaaleja, jotka<\/p>\n<p>takaavat pitk\u00e4n k\u00e4ytt\u00f6i\u00e4n ja s\u00e4ilytt\u00e4v\u00e4t ulkon\u00e4k\u00f6ns\u00e4 vaihtelevissakin\u00a0s\u00e4\u00e4olosuhteissa. Ratkaisumme yhdist\u00e4v\u00e4t k\u00e4yt\u00e4nn\u00f6llisyyden, tyylin ja\u00a0kest\u00e4vyyden, jotta ulkotilat olisivat sek\u00e4 mukavia ett\u00e4 visuaalisesti\u00a0miellytt\u00e4vi\u00e4.<\/p>\n<p>Laatu n\u00e4kyy jokaisessa yksityiskohdassa<\/p>\n<p>Kaikki tuotteemme valmistetaan k\u00e4sity\u00f6n\u00e4 nykyaikaisia menetelmi\u00e4 ja\u00a0huolellisesti valittuja materiaaleja k\u00e4ytt\u00e4en. Panostamme tarkkuuteen,\u00a0kest\u00e4vyyteen ja esteettiseen viimeistelyyn, jotta kalusteemme ovat\u00a0laadukkaita, tyylikk\u00e4it\u00e4 ja pitk\u00e4ik\u00e4isi\u00e4.<\/p>\n<p>&nbsp;<\/p>\n<p style=\"text-align: center;\"><a href=\"mailto:info@semarkitchen.com\">info@semarkitchen.com<\/a><\/p>\n[\/vc_column_text][\/vc_column][\/vc_row][vc_row][vc_column width=&#8221;1\/2&#8243; el_class=&#8221;toode vasak&#8221;][vc_row_inner][vc_column_inner width=&#8221;1\/2&#8243;][vc_single_image image=&#8221;2674&#8243; img_size=&#8221;full&#8221; alignment=&#8221;center&#8221;][\/vc_column_inner][vc_column_inner width=&#8221;1\/2&#8243;][vc_custom_heading text=&#8221;&#8221; font_container=&#8221;tag:h3|font_size:20px|text_align:left|color:%23384059|line_height:22px&#8221; use_theme_fonts=&#8221;yes&#8221; link=&#8221;url:https%3A%2F%2Fsemarkitchen.com%2Ffi%2Ftuote%2Fpvc-hallit-leveydeltaan-30m%2F|||&#8221;][vc_column_text]\n<ul>\n<li>Valmistamme keitti\u00f6kalusteita tilauksesta<\/li>\n<li>Keitti\u00f6kalusteiden valmistus ja asennus<\/li>\n<li>Olohuonekalusteiden valmistus ja asennus<\/li>\n<li>Vaatekaapit \u2013 valmistus ja asennus<\/li>\n<\/ul>\n[\/vc_column_text][\/vc_column_inner][\/vc_row_inner][vc_column_text el_class=&#8221;loe_tooteinfot&#8221;][\/vc_column_text][\/vc_column][vc_column width=&#8221;1\/2&#8243; el_class=&#8221;toode parem&#8221;][vc_row_inner][vc_column_inner width=&#8221;1\/2&#8243;][vc_single_image image=&#8221;2796&#8243; img_size=&#8221;full&#8221; alignment=&#8221;center&#8221;][\/vc_column_inner][vc_column_inner width=&#8221;1\/2&#8243;][vc_custom_heading text=&#8221;&#8221; font_container=&#8221;tag:h3|font_size:20px|text_align:left|color:%23384059|line_height:22px&#8221; use_theme_fonts=&#8221;yes&#8221; link=&#8221;url:https%3A%2F%2Fsemarkitchen.com%2Ffi%2Ftuote%2Fpvc-hallit-leveydeltaan-35m%2F|||&#8221;][vc_column_text]\n<ul>\n<li>Ulkokeitti\u00f6t ja ulkokalusteet<\/li>\n<li>Valmistamme ja myymme ulkokalusteita<\/li>\n<li>Sohvat<\/li>\n<li>Ty\u00f6taso grillille<\/li>\n<li>Sivup\u00f6yd\u00e4t terassille<\/li>\n<li>Istutuslaatikot<\/li>\n<\/ul>\n[\/vc_column_text][\/vc_column_inner][\/vc_row_inner][vc_column_text el_class=&#8221;loe_tooteinfot&#8221;][\/vc_column_text][\/vc_column][\/vc_row][vc_row css=&#8221;.vc_custom_1494330717995{margin-top: 20px !important;}&#8221;][vc_column][ctitle title=&#8221;KATSO KAIKKI TUOTTEET T\u00c4ST\u00c4&#8221; href=&#8221;https:\/\/semarkitchen.com\/fi\/tuotteet\/&#8221; color=&#8221;#384059&#8243; background=&#8221;#ffffff&#8221; font_size=&#8221;20&#8243; font_weight=&#8221;600&#8243; separator_color=&#8221;#e6e6e6&#8243; el_class=&#8221;pealk&#8221;][\/vc_column][\/vc_row][vc_row css=&#8221;.vc_custom_1494330858034{background-color: #f3f3f3 !important;}&#8221; el_class=&#8221;kasutuselevott&#8221;][vc_column][vc_custom_heading text=&#8221;&#8221; font_container=&#8221;tag:h4|font_size:25px|text_align:center|color:%23384059|line_height:25px&#8221; use_theme_fonts=&#8221;yes&#8221;][vc_separator_2 color_line=&#8221;#a0a84f&#8221; padding_top=&#8221;15&#8243; padding_bottom=&#8221;15&#8243;][vc_column_text]\n<p style=\"text-align: center;\"><strong data-start=\"207\" data-end=\"240\">Sinun toiveesi, meid\u00e4n ty\u00f6mme<\/strong><br data-start=\"240\" data-end=\"243\" \/>Nopea asennus ja toimitus<br data-start=\"268\" data-end=\"271\" \/>Yksil\u00f6lliset ratkaisut<br data-start=\"293\" data-end=\"296\" \/>Laaja v\u00e4rivalikoima<br data-start=\"315\" data-end=\"318\" \/>Henkil\u00f6kohtainen l\u00e4hestymistapa<\/p>\n[\/vc_column_text][vc_gallery type=&#8221;image_grid&#8221; images=&#8221;2719,2674,2659&#8243; img_size=&#8221;335&#215;250&#8243; onclick=&#8221;img_link_large&#8221; slider_width=&#8221;100%&#8221; el_class=&#8221;galerii-all&#8221;][\/vc_column][\/vc_row]\n<\/div>","protected":false},"excerpt":{"rendered":"<p>[vc_row][vc_column][rev_slider_vc alias=&#8221;esileht_soome&#8221;][\/vc_column][\/vc_row][vc_row css=&#8221;.vc_custom_1493297780903{margin-top: 70px !important;}&#8221; el_class=&#8221;tooted&#8221;][vc_column width=&#8221;1\/3&#8243; css=&#8221;.vc_custom_1493297557959{margin-bottom: 70px !important;}&#8221;][vc_single_image image=&#8221;2674&#8243; img_size=&#8221;full&#8221; alignment=&#8221;center&#8221; onclick=&#8221;custom_link&#8221; css=&#8221;.vc_custom_1767634741730{margin-bottom: 20px !important;}&#8221; link=&#8221;https:\/\/semarkitchen.com\/fi\/keittiokalusteet_mittatilauskalusteet\/&#8221;][vc_custom_heading text=&#8221;KEITTI\u00d6KALUSTEET&#8221; font_container=&#8221;tag:h2|font_size:20px|text_align:center|color:%23384059|line_height:22px&#8221; use_theme_fonts=&#8221;yes&#8221; link=&#8221;url:https%3A%2F%2Fsemarkitchen.com%2Ffi%2Fkeittiokalusteet_mittatilauskalusteet%2F|title:%E2%80%9CKalusteiden%20valmistus.%20Keitti%C3%B6kalusteet%2C%20olohuonekalusteet%2C%20vaatehuoneet.%E2%80%9D&#8221;][vc_column_text] Valmistamme mittatilauskalusteita. Keitti\u00f6kalusteet, vaatekaapit ja olohuonekalusteet.Pyyd\u00e4 tarjous! [\/vc_column_text][\/vc_column][vc_column width=&#8221;1\/3&#8243; css=&#8221;.vc_custom_1493297563551{margin-bottom: 70px !important;}&#8221;][vc_single_image image=&#8221;2796&#8243; img_size=&#8221;full&#8221; alignment=&#8221;center&#8221; onclick=&#8221;custom_link&#8221; css=&#8221;.vc_custom_1767635050040{margin-bottom: 20px !important;}&#8221; link=&#8221;https:\/\/semarkitchen.com\/fi\/ulkokeittiot_ulkokalusteet\/&#8221;][vc_custom_heading text=&#8221;ULKOKEITTI\u00d6T, PERGOLAT JA ULKOKALUSTEET&#8221; font_container=&#8221;tag:h2|font_size:20px|text_align:center|color:%23384059|line_height:22px&#8221; use_theme_fonts=&#8221;yes&#8221; link=&#8221;url:https%3A%2F%2Fsemarkitchen.com%2Ffi%2Fulkokeittiot_ulkokalusteet%2F|title:Ulkokeitti%C3%B6t%2C%20pergolat%20ja%20ulkokalusteet&#8221;][vc_column_text] Valikoimastamme l\u00f6yd\u00e4t erilaisia ulkokeitti\u00f6it\u00e4, pergoloita ja&#8230;<\/p>\n","protected":false},"author":1,"featured_media":0,"parent":0,"menu_order":0,"comment_status":"closed","ping_status":"closed","template":"page-full.php","meta":{"_acf_changed":false,"footnotes":""},"class_list":["post-407","page","type-page","status-publish","hentry"],"acf":[],"yoast_head":"<!-- This site is optimized with the Yoast SEO plugin v25.6 - https:\/\/yoast.com\/wordpress\/plugins\/seo\/ -->\n<title>Etusivu | K\u00f6\u00f6gim\u00f6\u00f6bli valmistamine | M\u00f6\u00f6bli tootmine | V\u00e4lik\u00f6\u00f6gid<\/title>\n<meta name=\"description\" content=\"Valmistamme mittatilauskalusteita. Keitti\u00f6kalusteet, vaatekaapit ja olohuonekalusteet\" \/>\n<meta name=\"robots\" content=\"index, follow, max-snippet:-1, max-image-preview:large, max-video-preview:-1\" \/>\n<link rel=\"canonical\" href=\"https:\/\/semarkitchen.com\/fi\/\" \/>\n<meta property=\"og:locale\" content=\"fi_FI\" \/>\n<meta property=\"og:type\" content=\"article\" \/>\n<meta property=\"og:title\" content=\"Etusivu | K\u00f6\u00f6gim\u00f6\u00f6bli valmistamine | M\u00f6\u00f6bli tootmine | V\u00e4lik\u00f6\u00f6gid\" \/>\n<meta property=\"og:description\" content=\"Valmistamme mittatilauskalusteita. Keitti\u00f6kalusteet, vaatekaapit ja olohuonekalusteet\" \/>\n<meta property=\"og:url\" content=\"https:\/\/semarkitchen.com\/fi\/\" \/>\n<meta property=\"og:site_name\" content=\"K\u00f6\u00f6gim\u00f6\u00f6bli valmistamine | M\u00f6\u00f6bli tootmine | V\u00e4lik\u00f6\u00f6gid\" \/>\n<meta property=\"article:modified_time\" content=\"2026-01-13T19:32:06+00:00\" \/>\n<meta name=\"twitter:card\" content=\"summary_large_image\" \/>\n<meta name=\"twitter:label1\" content=\"Arvioitu lukuaika\" \/>\n\t<meta name=\"twitter:data1\" content=\"4 minuuttia\" \/>\n<script type=\"application\/ld+json\" class=\"yoast-schema-graph\">{\"@context\":\"https:\/\/schema.org\",\"@graph\":[{\"@type\":\"WebPage\",\"@id\":\"https:\/\/semarkitchen.com\/fi\/\",\"url\":\"https:\/\/semarkitchen.com\/fi\/\",\"name\":\"Etusivu | K\u00f6\u00f6gim\u00f6\u00f6bli valmistamine | M\u00f6\u00f6bli tootmine | V\u00e4lik\u00f6\u00f6gid\",\"isPartOf\":{\"@id\":\"https:\/\/semarkitchen.com\/#website\"},\"datePublished\":\"2017-05-16T11:25:43+00:00\",\"dateModified\":\"2026-01-13T19:32:06+00:00\",\"description\":\"Valmistamme mittatilauskalusteita. Keitti\u00f6kalusteet, vaatekaapit ja olohuonekalusteet\",\"breadcrumb\":{\"@id\":\"https:\/\/semarkitchen.com\/fi\/#breadcrumb\"},\"inLanguage\":\"fi\",\"potentialAction\":[{\"@type\":\"ReadAction\",\"target\":[\"https:\/\/semarkitchen.com\/fi\/\"]}]},{\"@type\":\"BreadcrumbList\",\"@id\":\"https:\/\/semarkitchen.com\/fi\/#breadcrumb\",\"itemListElement\":[{\"@type\":\"ListItem\",\"position\":1,\"name\":\"Home\",\"item\":\"https:\/\/semarkitchen.com\/fi\/\"},{\"@type\":\"ListItem\",\"position\":2,\"name\":\"Etusivu\"}]},{\"@type\":\"WebSite\",\"@id\":\"https:\/\/semarkitchen.com\/#website\",\"url\":\"https:\/\/semarkitchen.com\/\",\"name\":\"K\u00f6\u00f6gim\u00f6\u00f6bli valmistamine | M\u00f6\u00f6bli tootmine | V\u00e4lik\u00f6\u00f6gid\",\"description\":\"K\u00f6\u00f6gim\u00f6\u00f6bli valmistamine | M\u00f6\u00f6bli tootmine | V\u00e4lik\u00f6\u00f6gid\",\"potentialAction\":[{\"@type\":\"SearchAction\",\"target\":{\"@type\":\"EntryPoint\",\"urlTemplate\":\"https:\/\/semarkitchen.com\/?s={search_term_string}\"},\"query-input\":{\"@type\":\"PropertyValueSpecification\",\"valueRequired\":true,\"valueName\":\"search_term_string\"}}],\"inLanguage\":\"fi\"}]}<\/script>\n<!-- \/ Yoast SEO plugin. -->","yoast_head_json":{"title":"Etusivu | K\u00f6\u00f6gim\u00f6\u00f6bli valmistamine | M\u00f6\u00f6bli tootmine | V\u00e4lik\u00f6\u00f6gid","description":"Valmistamme mittatilauskalusteita. Keitti\u00f6kalusteet, vaatekaapit ja olohuonekalusteet","robots":{"index":"index","follow":"follow","max-snippet":"max-snippet:-1","max-image-preview":"max-image-preview:large","max-video-preview":"max-video-preview:-1"},"canonical":"https:\/\/semarkitchen.com\/fi\/","og_locale":"fi_FI","og_type":"article","og_title":"Etusivu | K\u00f6\u00f6gim\u00f6\u00f6bli valmistamine | M\u00f6\u00f6bli tootmine | V\u00e4lik\u00f6\u00f6gid","og_description":"Valmistamme mittatilauskalusteita. Keitti\u00f6kalusteet, vaatekaapit ja olohuonekalusteet","og_url":"https:\/\/semarkitchen.com\/fi\/","og_site_name":"K\u00f6\u00f6gim\u00f6\u00f6bli valmistamine | M\u00f6\u00f6bli tootmine | V\u00e4lik\u00f6\u00f6gid","article_modified_time":"2026-01-13T19:32:06+00:00","twitter_card":"summary_large_image","twitter_misc":{"Arvioitu lukuaika":"4 minuuttia"},"schema":{"@context":"https:\/\/schema.org","@graph":[{"@type":"WebPage","@id":"https:\/\/semarkitchen.com\/fi\/","url":"https:\/\/semarkitchen.com\/fi\/","name":"Etusivu | K\u00f6\u00f6gim\u00f6\u00f6bli valmistamine | M\u00f6\u00f6bli tootmine | V\u00e4lik\u00f6\u00f6gid","isPartOf":{"@id":"https:\/\/semarkitchen.com\/#website"},"datePublished":"2017-05-16T11:25:43+00:00","dateModified":"2026-01-13T19:32:06+00:00","description":"Valmistamme mittatilauskalusteita. Keitti\u00f6kalusteet, vaatekaapit ja olohuonekalusteet","breadcrumb":{"@id":"https:\/\/semarkitchen.com\/fi\/#breadcrumb"},"inLanguage":"fi","potentialAction":[{"@type":"ReadAction","target":["https:\/\/semarkitchen.com\/fi\/"]}]},{"@type":"BreadcrumbList","@id":"https:\/\/semarkitchen.com\/fi\/#breadcrumb","itemListElement":[{"@type":"ListItem","position":1,"name":"Home","item":"https:\/\/semarkitchen.com\/fi\/"},{"@type":"ListItem","position":2,"name":"Etusivu"}]},{"@type":"WebSite","@id":"https:\/\/semarkitchen.com\/#website","url":"https:\/\/semarkitchen.com\/","name":"K\u00f6\u00f6gim\u00f6\u00f6bli valmistamine | M\u00f6\u00f6bli tootmine | V\u00e4lik\u00f6\u00f6gid","description":"K\u00f6\u00f6gim\u00f6\u00f6bli valmistamine | M\u00f6\u00f6bli tootmine | V\u00e4lik\u00f6\u00f6gid","potentialAction":[{"@type":"SearchAction","target":{"@type":"EntryPoint","urlTemplate":"https:\/\/semarkitchen.com\/?s={search_term_string}"},"query-input":{"@type":"PropertyValueSpecification","valueRequired":true,"valueName":"search_term_string"}}],"inLanguage":"fi"}]}},"_links":{"self":[{"href":"https:\/\/semarkitchen.com\/fi\/wp-json\/wp\/v2\/pages\/407","targetHints":{"allow":["GET"]}}],"collection":[{"href":"https:\/\/semarkitchen.com\/fi\/wp-json\/wp\/v2\/pages"}],"about":[{"href":"https:\/\/semarkitchen.com\/fi\/wp-json\/wp\/v2\/types\/page"}],"author":[{"embeddable":true,"href":"https:\/\/semarkitchen.com\/fi\/wp-json\/wp\/v2\/users\/1"}],"replies":[{"embeddable":true,"href":"https:\/\/semarkitchen.com\/fi\/wp-json\/wp\/v2\/comments?post=407"}],"version-history":[{"count":46,"href":"https:\/\/semarkitchen.com\/fi\/wp-json\/wp\/v2\/pages\/407\/revisions"}],"predecessor-version":[{"id":2985,"href":"https:\/\/semarkitchen.com\/fi\/wp-json\/wp\/v2\/pages\/407\/revisions\/2985"}],"wp:attachment":[{"href":"https:\/\/semarkitchen.com\/fi\/wp-json\/wp\/v2\/media?parent=407"}],"curies":[{"name":"wp","href":"https:\/\/api.w.org\/{rel}","templated":true}]}}