{"id":2914,"date":"2026-01-05T13:00:48","date_gmt":"2026-01-05T11:00:48","guid":{"rendered":"https:\/\/semarkitchen.com\/?page_id=2914"},"modified":"2026-01-05T19:43:49","modified_gmt":"2026-01-05T17:43:49","slug":"ulkokeittiot_ulkokalusteet","status":"publish","type":"page","link":"https:\/\/semarkitchen.com\/fi\/ulkokeittiot_ulkokalusteet\/","title":{"rendered":"Ulkokeitti\u00f6t, pergolat ja ulkokalusteet"},"content":{"rendered":"<div class=\"wpb-content-wrapper\">[vc_row el_class=&#8221;pealkir&#8221;][vc_column][vc_custom_heading text=&#8221;Ulkokeitti\u00f6t, pergolat ja ulkokalusteet&#8221; font_container=&#8221;tag:h1|font_size:33px|text_align:center|color:%23ffffff|line_height:35px&#8221; use_theme_fonts=&#8221;yes&#8221;][\/vc_column][\/vc_row][vc_row][vc_column][vc_widget_sidebar sidebar_id=&#8221;sidebar-kuppel-menu&#8221; el_class=&#8221;menuuu&#8221;][\/vc_column][\/vc_row][vc_row][vc_column][vc_column_text]\n<p data-start=\"27\" data-end=\"45\"><strong data-start=\"27\" data-end=\"43\">Valmistamme:<\/strong><\/p>\n<p data-start=\"47\" data-end=\"159\"><strong data-start=\"47\" data-end=\"63\">Ulkokeitti\u00f6t<\/strong> \u2013 valmistus mittatilausty\u00f6n\u00e4. Vakio-keitti\u00f6: 1 \u00d7 2,6 m. Sis\u00e4lt\u00e4\u00e4 grillin, altaan ja laatikon.<\/p>\n<p data-start=\"161\" data-end=\"242\"><strong data-start=\"161\" data-end=\"173\">Pergolat<\/strong> \u2013 valmistamme pergolat asiakkaan toiveiden ja piirustusten mukaan.<\/p>\n<p data-start=\"244\" data-end=\"470\"><strong data-start=\"244\" data-end=\"261\">Ulkokalusteet<\/strong> \u2013 valikoimast l\u00f6yd\u00e4t grillip\u00f6yd\u00e4t, apup\u00f6yd\u00e4t grillille, sohvat, kukkaruukut jne. Kaikki tuotteet ovat saatavilla vakiovalikoimassa, mutta tarvittaessa valmistamme kaikki tuotteet asiakkaan toiveiden mukaan.<\/p>\n<p data-start=\"472\" data-end=\"573\" data-is-last-node=\"\" data-is-only-node=\"\">Kaikki tuotteet valmistetaan k\u00e4sity\u00f6n\u00e4. Tarjoamme laajan v\u00e4rivalikoiman ja s\u00e4\u00e4nkest\u00e4vi\u00e4 materiaaleja.<\/p>\n<p><img decoding=\"async\" class=\"size-medium wp-image-2796 alignleft lazyload\" data-src=\"https:\/\/semarkitchen.com\/wp-content\/uploads\/2025\/12\/valikoogid-196x147.jpg\" alt=\"\" width=\"196\" height=\"147\" data-srcset=\"https:\/\/semarkitchen.com\/wp-content\/uploads\/2025\/12\/valikoogid-196x147.jpg 196w, https:\/\/semarkitchen.com\/wp-content\/uploads\/2025\/12\/valikoogid-1024x768.jpg 1024w, https:\/\/semarkitchen.com\/wp-content\/uploads\/2025\/12\/valikoogid-768x576.jpg 768w, https:\/\/semarkitchen.com\/wp-content\/uploads\/2025\/12\/valikoogid-1536x1152.jpg 1536w, https:\/\/semarkitchen.com\/wp-content\/uploads\/2025\/12\/valikoogid-381x285.jpg 381w, https:\/\/semarkitchen.com\/wp-content\/uploads\/2025\/12\/valikoogid-600x450.jpg 600w, https:\/\/semarkitchen.com\/wp-content\/uploads\/2025\/12\/valikoogid.jpg 1920w\" data-sizes=\"(max-width: 196px) 100vw, 196px\" src=\"data:image\/svg+xml;base64,PHN2ZyB3aWR0aD0iMSIgaGVpZ2h0PSIxIiB4bWxucz0iaHR0cDovL3d3dy53My5vcmcvMjAwMC9zdmciPjwvc3ZnPg==\" style=\"--smush-placeholder-width: 196px; --smush-placeholder-aspect-ratio: 196\/147;\" \/><img decoding=\"async\" class=\"size-medium wp-image-2684 alignleft lazyload\" data-src=\"https:\/\/semarkitchen.com\/wp-content\/uploads\/2025\/11\/IMG_2485-110x147.jpg\" alt=\"\" width=\"110\" height=\"147\" data-srcset=\"https:\/\/semarkitchen.com\/wp-content\/uploads\/2025\/11\/IMG_2485-110x147.jpg 110w, https:\/\/semarkitchen.com\/wp-content\/uploads\/2025\/11\/IMG_2485-768x1024.jpg 768w, https:\/\/semarkitchen.com\/wp-content\/uploads\/2025\/11\/IMG_2485-600x800.jpg 600w, https:\/\/semarkitchen.com\/wp-content\/uploads\/2025\/11\/IMG_2485.jpg 960w\" data-sizes=\"(max-width: 110px) 100vw, 110px\" src=\"data:image\/svg+xml;base64,PHN2ZyB3aWR0aD0iMSIgaGVpZ2h0PSIxIiB4bWxucz0iaHR0cDovL3d3dy53My5vcmcvMjAwMC9zdmciPjwvc3ZnPg==\" style=\"--smush-placeholder-width: 110px; --smush-placeholder-aspect-ratio: 110\/147;\" \/>[\/vc_column_text][\/vc_column][\/vc_row][vc_row el_class=&#8221;cfform&#8221;][vc_column][vc_custom_heading text=&#8221;Ota yhteytt\u00e4!&#8221; font_container=&#8221;tag:h3|font_size:30px|text_align:left|color:%23ffffff|line_height:35px&#8221; use_theme_fonts=&#8221;yes&#8221; css=&#8221;.vc_custom_1767634967383{margin-bottom: 30px !important;}&#8221;]<div class=\"cf_scope_1\">\n<div class=\"wpcf7 no-js\" id=\"wpcf7-f1758-o1\" lang=\"et\" dir=\"ltr\" data-wpcf7-id=\"1758\">\n<div class=\"screen-reader-response\"><p role=\"status\" aria-live=\"polite\" aria-atomic=\"true\"><\/p> <ul><\/ul><\/div>\n<form action=\"\/fi\/wp-json\/wp\/v2\/pages\/2914#wpcf7-f1758-o1\" method=\"post\" class=\"wpcf7-form init\" aria-label=\"Contact form\" novalidate=\"novalidate\" data-status=\"init\">\n<fieldset class=\"hidden-fields-container\"><input type=\"hidden\" name=\"_wpcf7\" value=\"1758\" \/><input type=\"hidden\" name=\"_wpcf7_version\" value=\"6.1\" \/><input type=\"hidden\" name=\"_wpcf7_locale\" value=\"et\" \/><input type=\"hidden\" name=\"_wpcf7_unit_tag\" value=\"wpcf7-f1758-o1\" \/><input type=\"hidden\" name=\"_wpcf7_container_post\" value=\"0\" \/><input type=\"hidden\" name=\"_wpcf7_posted_data_hash\" value=\"\" \/><input type=\"hidden\" name=\"_wpcf7_recaptcha_response\" value=\"\" \/>\n<\/fieldset>\n<div class=\"flexter\">\n<span class=\"wpcf7-form-control-wrap\" data-name=\"text-370\"><input size=\"40\" maxlength=\"400\" class=\"wpcf7-form-control wpcf7-text wpcf7-validates-as-required slider-kast\" aria-required=\"true\" aria-invalid=\"false\" placeholder=\"Nimesi\" value=\"\" type=\"text\" name=\"text-370\" \/><\/span>\n<span class=\"wpcf7-form-control-wrap\" data-name=\"text-371\"><input size=\"40\" maxlength=\"400\" class=\"wpcf7-form-control wpcf7-email wpcf7-validates-as-required wpcf7-text wpcf7-validates-as-email slider-kast\" aria-required=\"true\" aria-invalid=\"false\" placeholder=\"S\u00e4hkopostisi\" value=\"\" type=\"email\" name=\"text-371\" \/><\/span>\n<span class=\"wpcf7-form-control-wrap\" data-name=\"text-372\"><input size=\"40\" maxlength=\"400\" class=\"wpcf7-form-control wpcf7-text wpcf7-validates-as-required slider-kast\" aria-required=\"true\" aria-invalid=\"false\" placeholder=\"Puhelin\" value=\"\" type=\"text\" name=\"text-372\" \/><\/span>\n<\/div>\n<span class=\"wpcf7-form-control-wrap\" data-name=\"textarea-144\"><textarea cols=\"40\" rows=\"10\" maxlength=\"2000\" class=\"wpcf7-form-control wpcf7-textarea wpcf7-validates-as-required suurem-kast1\" aria-required=\"true\" aria-invalid=\"false\" placeholder=\"Kuvaus\" name=\"textarea-144\"><\/textarea><\/span>\n<input class=\"wpcf7-form-control wpcf7-submit has-spinner saada-kast\" type=\"submit\" value=\"L\u00e4hett\u00e4\u00e4 kirje\" \/><div class=\"wpcf7-response-output\" aria-hidden=\"true\"><\/div>\n<\/form>\n<\/div>\n<\/div>[\/vc_column][\/vc_row]\n<\/div>","protected":false},"excerpt":{"rendered":"<p>[vc_row el_class=&#8221;pealkir&#8221;][vc_column][vc_custom_heading text=&#8221;Ulkokeitti\u00f6t, pergolat ja ulkokalusteet&#8221; font_container=&#8221;tag:h1|font_size:33px|text_align:center|color:%23ffffff|line_height:35px&#8221; use_theme_fonts=&#8221;yes&#8221;][\/vc_column][\/vc_row][vc_row][vc_column][vc_widget_sidebar sidebar_id=&#8221;sidebar-kuppel-menu&#8221; el_class=&#8221;menuuu&#8221;][\/vc_column][\/vc_row][vc_row][vc_column][vc_column_text] Valmistamme: Ulkokeitti\u00f6t \u2013 valmistus mittatilausty\u00f6n\u00e4. Vakio-keitti\u00f6: 1 \u00d7 2,6 m. Sis\u00e4lt\u00e4\u00e4 grillin, altaan ja laatikon. Pergolat \u2013 valmistamme pergolat asiakkaan toiveiden ja piirustusten mukaan. Ulkokalusteet \u2013 valikoimast l\u00f6yd\u00e4t grillip\u00f6yd\u00e4t, apup\u00f6yd\u00e4t grillille, sohvat, kukkaruukut jne. Kaikki tuotteet ovat saatavilla vakiovalikoimassa, mutta tarvittaessa valmistamme kaikki tuotteet asiakkaan&#8230;<\/p>\n","protected":false},"author":1,"featured_media":0,"parent":0,"menu_order":0,"comment_status":"closed","ping_status":"closed","template":"page-full.php","meta":{"_acf_changed":false,"footnotes":""},"class_list":["post-2914","page","type-page","status-publish","hentry"],"acf":[],"yoast_head":"<!-- This site is optimized with the Yoast SEO plugin v25.6 - https:\/\/yoast.com\/wordpress\/plugins\/seo\/ -->\n<title>Ulkokeitti\u00f6t, pergolat ja ulkokalusteet | K\u00f6\u00f6gim\u00f6\u00f6bli valmistamine | M\u00f6\u00f6bli tootmine | V\u00e4lik\u00f6\u00f6gid<\/title>\n<meta name=\"description\" content=\"Ulkokeitti\u00f6t, pergolat ja ulkokalusteet - Sivultamme saat kaiken tarvittavan tarkasti selville. Katso lis\u00e4\u00e4 t\u00e4\u00e4lt\u00e4.\" \/>\n<meta name=\"robots\" content=\"index, follow, max-snippet:-1, max-image-preview:large, max-video-preview:-1\" \/>\n<link rel=\"canonical\" href=\"https:\/\/semarkitchen.com\/fi\/ulkokeittiot_ulkokalusteet\/\" \/>\n<meta property=\"og:locale\" content=\"fi_FI\" \/>\n<meta property=\"og:type\" content=\"article\" \/>\n<meta property=\"og:title\" content=\"Ulkokeitti\u00f6t, pergolat ja ulkokalusteet | K\u00f6\u00f6gim\u00f6\u00f6bli valmistamine | M\u00f6\u00f6bli tootmine | V\u00e4lik\u00f6\u00f6gid\" \/>\n<meta property=\"og:description\" content=\"Ulkokeitti\u00f6t, pergolat ja ulkokalusteet - Sivultamme saat kaiken tarvittavan tarkasti selville. Katso lis\u00e4\u00e4 t\u00e4\u00e4lt\u00e4.\" \/>\n<meta property=\"og:url\" content=\"https:\/\/semarkitchen.com\/fi\/ulkokeittiot_ulkokalusteet\/\" \/>\n<meta property=\"og:site_name\" content=\"K\u00f6\u00f6gim\u00f6\u00f6bli valmistamine | M\u00f6\u00f6bli tootmine | V\u00e4lik\u00f6\u00f6gid\" \/>\n<meta property=\"article:modified_time\" content=\"2026-01-05T17:43:49+00:00\" \/>\n<meta property=\"og:image\" content=\"https:\/\/semarkitchen.com\/wp-content\/uploads\/2025\/12\/valikoogid.jpg\" \/>\n\t<meta property=\"og:image:width\" content=\"1920\" \/>\n\t<meta property=\"og:image:height\" content=\"1440\" \/>\n\t<meta property=\"og:image:type\" content=\"image\/jpeg\" \/>\n<meta name=\"twitter:card\" content=\"summary_large_image\" \/>\n<meta name=\"twitter:label1\" content=\"Arvioitu lukuaika\" \/>\n\t<meta name=\"twitter:data1\" content=\"1 minuutti\" \/>\n<script type=\"application\/ld+json\" class=\"yoast-schema-graph\">{\"@context\":\"https:\/\/schema.org\",\"@graph\":[{\"@type\":\"WebPage\",\"@id\":\"https:\/\/semarkitchen.com\/fi\/ulkokeittiot_ulkokalusteet\/\",\"url\":\"https:\/\/semarkitchen.com\/fi\/ulkokeittiot_ulkokalusteet\/\",\"name\":\"Ulkokeitti\u00f6t, pergolat ja ulkokalusteet | K\u00f6\u00f6gim\u00f6\u00f6bli valmistamine | M\u00f6\u00f6bli tootmine | V\u00e4lik\u00f6\u00f6gid\",\"isPartOf\":{\"@id\":\"https:\/\/semarkitchen.com\/#website\"},\"primaryImageOfPage\":{\"@id\":\"https:\/\/semarkitchen.com\/fi\/ulkokeittiot_ulkokalusteet\/#primaryimage\"},\"image\":{\"@id\":\"https:\/\/semarkitchen.com\/fi\/ulkokeittiot_ulkokalusteet\/#primaryimage\"},\"thumbnailUrl\":\"https:\/\/semarkitchen.com\/wp-content\/uploads\/2025\/12\/valikoogid-196x147.jpg\",\"datePublished\":\"2026-01-05T11:00:48+00:00\",\"dateModified\":\"2026-01-05T17:43:49+00:00\",\"description\":\"Ulkokeitti\u00f6t, pergolat ja ulkokalusteet - Sivultamme saat kaiken tarvittavan tarkasti selville. Katso lis\u00e4\u00e4 t\u00e4\u00e4lt\u00e4.\",\"breadcrumb\":{\"@id\":\"https:\/\/semarkitchen.com\/fi\/ulkokeittiot_ulkokalusteet\/#breadcrumb\"},\"inLanguage\":\"fi\",\"potentialAction\":[{\"@type\":\"ReadAction\",\"target\":[\"https:\/\/semarkitchen.com\/fi\/ulkokeittiot_ulkokalusteet\/\"]}]},{\"@type\":\"ImageObject\",\"inLanguage\":\"fi\",\"@id\":\"https:\/\/semarkitchen.com\/fi\/ulkokeittiot_ulkokalusteet\/#primaryimage\",\"url\":\"https:\/\/semarkitchen.com\/wp-content\/uploads\/2025\/12\/valikoogid-196x147.jpg\",\"contentUrl\":\"https:\/\/semarkitchen.com\/wp-content\/uploads\/2025\/12\/valikoogid-196x147.jpg\"},{\"@type\":\"BreadcrumbList\",\"@id\":\"https:\/\/semarkitchen.com\/fi\/ulkokeittiot_ulkokalusteet\/#breadcrumb\",\"itemListElement\":[{\"@type\":\"ListItem\",\"position\":1,\"name\":\"Home\",\"item\":\"https:\/\/semarkitchen.com\/fi\/\"},{\"@type\":\"ListItem\",\"position\":2,\"name\":\"Ulkokeitti\u00f6t, pergolat ja ulkokalusteet\"}]},{\"@type\":\"WebSite\",\"@id\":\"https:\/\/semarkitchen.com\/#website\",\"url\":\"https:\/\/semarkitchen.com\/\",\"name\":\"K\u00f6\u00f6gim\u00f6\u00f6bli valmistamine | M\u00f6\u00f6bli tootmine | V\u00e4lik\u00f6\u00f6gid\",\"description\":\"K\u00f6\u00f6gim\u00f6\u00f6bli valmistamine | M\u00f6\u00f6bli tootmine | V\u00e4lik\u00f6\u00f6gid\",\"potentialAction\":[{\"@type\":\"SearchAction\",\"target\":{\"@type\":\"EntryPoint\",\"urlTemplate\":\"https:\/\/semarkitchen.com\/?s={search_term_string}\"},\"query-input\":{\"@type\":\"PropertyValueSpecification\",\"valueRequired\":true,\"valueName\":\"search_term_string\"}}],\"inLanguage\":\"fi\"}]}<\/script>\n<!-- \/ Yoast SEO plugin. -->","yoast_head_json":{"title":"Ulkokeitti\u00f6t, pergolat ja ulkokalusteet | K\u00f6\u00f6gim\u00f6\u00f6bli valmistamine | M\u00f6\u00f6bli tootmine | V\u00e4lik\u00f6\u00f6gid","description":"Ulkokeitti\u00f6t, pergolat ja ulkokalusteet - Sivultamme saat kaiken tarvittavan tarkasti selville. Katso lis\u00e4\u00e4 t\u00e4\u00e4lt\u00e4.","robots":{"index":"index","follow":"follow","max-snippet":"max-snippet:-1","max-image-preview":"max-image-preview:large","max-video-preview":"max-video-preview:-1"},"canonical":"https:\/\/semarkitchen.com\/fi\/ulkokeittiot_ulkokalusteet\/","og_locale":"fi_FI","og_type":"article","og_title":"Ulkokeitti\u00f6t, pergolat ja ulkokalusteet | K\u00f6\u00f6gim\u00f6\u00f6bli valmistamine | M\u00f6\u00f6bli tootmine | V\u00e4lik\u00f6\u00f6gid","og_description":"Ulkokeitti\u00f6t, pergolat ja ulkokalusteet - Sivultamme saat kaiken tarvittavan tarkasti selville. Katso lis\u00e4\u00e4 t\u00e4\u00e4lt\u00e4.","og_url":"https:\/\/semarkitchen.com\/fi\/ulkokeittiot_ulkokalusteet\/","og_site_name":"K\u00f6\u00f6gim\u00f6\u00f6bli valmistamine | M\u00f6\u00f6bli tootmine | V\u00e4lik\u00f6\u00f6gid","article_modified_time":"2026-01-05T17:43:49+00:00","og_image":[{"width":1920,"height":1440,"url":"https:\/\/semarkitchen.com\/wp-content\/uploads\/2025\/12\/valikoogid.jpg","type":"image\/jpeg"}],"twitter_card":"summary_large_image","twitter_misc":{"Arvioitu lukuaika":"1 minuutti"},"schema":{"@context":"https:\/\/schema.org","@graph":[{"@type":"WebPage","@id":"https:\/\/semarkitchen.com\/fi\/ulkokeittiot_ulkokalusteet\/","url":"https:\/\/semarkitchen.com\/fi\/ulkokeittiot_ulkokalusteet\/","name":"Ulkokeitti\u00f6t, pergolat ja ulkokalusteet | K\u00f6\u00f6gim\u00f6\u00f6bli valmistamine | M\u00f6\u00f6bli tootmine | V\u00e4lik\u00f6\u00f6gid","isPartOf":{"@id":"https:\/\/semarkitchen.com\/#website"},"primaryImageOfPage":{"@id":"https:\/\/semarkitchen.com\/fi\/ulkokeittiot_ulkokalusteet\/#primaryimage"},"image":{"@id":"https:\/\/semarkitchen.com\/fi\/ulkokeittiot_ulkokalusteet\/#primaryimage"},"thumbnailUrl":"https:\/\/semarkitchen.com\/wp-content\/uploads\/2025\/12\/valikoogid-196x147.jpg","datePublished":"2026-01-05T11:00:48+00:00","dateModified":"2026-01-05T17:43:49+00:00","description":"Ulkokeitti\u00f6t, pergolat ja ulkokalusteet - Sivultamme saat kaiken tarvittavan tarkasti selville. Katso lis\u00e4\u00e4 t\u00e4\u00e4lt\u00e4.","breadcrumb":{"@id":"https:\/\/semarkitchen.com\/fi\/ulkokeittiot_ulkokalusteet\/#breadcrumb"},"inLanguage":"fi","potentialAction":[{"@type":"ReadAction","target":["https:\/\/semarkitchen.com\/fi\/ulkokeittiot_ulkokalusteet\/"]}]},{"@type":"ImageObject","inLanguage":"fi","@id":"https:\/\/semarkitchen.com\/fi\/ulkokeittiot_ulkokalusteet\/#primaryimage","url":"https:\/\/semarkitchen.com\/wp-content\/uploads\/2025\/12\/valikoogid-196x147.jpg","contentUrl":"https:\/\/semarkitchen.com\/wp-content\/uploads\/2025\/12\/valikoogid-196x147.jpg"},{"@type":"BreadcrumbList","@id":"https:\/\/semarkitchen.com\/fi\/ulkokeittiot_ulkokalusteet\/#breadcrumb","itemListElement":[{"@type":"ListItem","position":1,"name":"Home","item":"https:\/\/semarkitchen.com\/fi\/"},{"@type":"ListItem","position":2,"name":"Ulkokeitti\u00f6t, pergolat ja ulkokalusteet"}]},{"@type":"WebSite","@id":"https:\/\/semarkitchen.com\/#website","url":"https:\/\/semarkitchen.com\/","name":"K\u00f6\u00f6gim\u00f6\u00f6bli valmistamine | M\u00f6\u00f6bli tootmine | V\u00e4lik\u00f6\u00f6gid","description":"K\u00f6\u00f6gim\u00f6\u00f6bli valmistamine | M\u00f6\u00f6bli tootmine | V\u00e4lik\u00f6\u00f6gid","potentialAction":[{"@type":"SearchAction","target":{"@type":"EntryPoint","urlTemplate":"https:\/\/semarkitchen.com\/?s={search_term_string}"},"query-input":{"@type":"PropertyValueSpecification","valueRequired":true,"valueName":"search_term_string"}}],"inLanguage":"fi"}]}},"_links":{"self":[{"href":"https:\/\/semarkitchen.com\/fi\/wp-json\/wp\/v2\/pages\/2914","targetHints":{"allow":["GET"]}}],"collection":[{"href":"https:\/\/semarkitchen.com\/fi\/wp-json\/wp\/v2\/pages"}],"about":[{"href":"https:\/\/semarkitchen.com\/fi\/wp-json\/wp\/v2\/types\/page"}],"author":[{"embeddable":true,"href":"https:\/\/semarkitchen.com\/fi\/wp-json\/wp\/v2\/users\/1"}],"replies":[{"embeddable":true,"href":"https:\/\/semarkitchen.com\/fi\/wp-json\/wp\/v2\/comments?post=2914"}],"version-history":[{"count":3,"href":"https:\/\/semarkitchen.com\/fi\/wp-json\/wp\/v2\/pages\/2914\/revisions"}],"predecessor-version":[{"id":2951,"href":"https:\/\/semarkitchen.com\/fi\/wp-json\/wp\/v2\/pages\/2914\/revisions\/2951"}],"wp:attachment":[{"href":"https:\/\/semarkitchen.com\/fi\/wp-json\/wp\/v2\/media?parent=2914"}],"curies":[{"name":"wp","href":"https:\/\/api.w.org\/{rel}","templated":true}]}}