{"id":2912,"date":"2026-01-05T13:00:20","date_gmt":"2026-01-05T11:00:20","guid":{"rendered":"https:\/\/semarkitchen.com\/?page_id=2912"},"modified":"2026-01-08T14:06:00","modified_gmt":"2026-01-08T12:06:00","slug":"keittiokalusteet_mittatilauskalusteet","status":"publish","type":"page","link":"https:\/\/semarkitchen.com\/fi\/keittiokalusteet_mittatilauskalusteet\/","title":{"rendered":"Keitti\u00f6kalusteet, mittatilauskalusteet"},"content":{"rendered":"<div class=\"wpb-content-wrapper\">[vc_row el_class=&#8221;pealkir&#8221;][vc_column][vc_custom_heading text=&#8221;Kalusteiden valmistus. Keitti\u00f6kalusteet, olohuonekalusteet, vaatehuoneet.&#8221; font_container=&#8221;tag:h1|font_size:33px|text_align:center|color:%23ffffff|line_height:35px&#8221; use_theme_fonts=&#8221;yes&#8221;][\/vc_column][\/vc_row][vc_row][vc_column][vc_widget_sidebar sidebar_id=&#8221;sidebar-kuppel-menu&#8221; el_class=&#8221;menuuu&#8221;][\/vc_column][\/vc_row][vc_row][vc_column][vc_column_text]\n<p data-start=\"25\" data-end=\"41\"><strong data-start=\"25\" data-end=\"41\">Valmistamme:<\/strong><\/p>\n<p data-start=\"43\" data-end=\"105\"><strong data-start=\"43\" data-end=\"63\">Keitti\u00f6kalusteet<\/strong> \u2013 mittatilausty\u00f6n\u00e4 valmistetut kalusteet.<\/p>\n<p data-start=\"107\" data-end=\"182\"><strong data-start=\"107\" data-end=\"128\">Olohuonekalusteet<\/strong> \u2013 valikoimasta l\u00f6yd\u00e4t lipastot, TV-tasot ja -alustat.<\/p>\n<p data-start=\"184\" data-end=\"306\"><strong data-start=\"184\" data-end=\"199\">Ruokap\u00f6yd\u00e4t<\/strong> \u2013 valikoimassa vakiomitat 1 \u00d7 2 m ja 1 \u00d7 3 m. P\u00f6yd\u00e4n runko on valmistettu jauhemaalatusta metallirungosta.<\/p>\n<p data-start=\"308\" data-end=\"363\"><strong data-start=\"308\" data-end=\"324\">Vaatehuoneet<\/strong> \u2013 valmistus asiakkaan mittojen mukaan.<\/p>\n<p data-start=\"365\" data-end=\"466\" data-is-last-node=\"\" data-is-only-node=\"\"><strong data-start=\"365\" data-end=\"394\">Porrasaskelmien valmistus<\/strong> \u2013 viilutetut porrasaskelmat, massiivipuusta valmistetut porrasaskelmat.<\/p>\n<p><img decoding=\"async\" class=\"size-medium wp-image-2717 alignleft lazyload\" data-src=\"https:\/\/semarkitchen.com\/wp-content\/uploads\/2025\/11\/soogilaud-196x147.jpg\" alt=\"\" width=\"196\" height=\"147\" data-srcset=\"https:\/\/semarkitchen.com\/wp-content\/uploads\/2025\/11\/soogilaud-196x147.jpg 196w, https:\/\/semarkitchen.com\/wp-content\/uploads\/2025\/11\/soogilaud-1024x768.jpg 1024w, https:\/\/semarkitchen.com\/wp-content\/uploads\/2025\/11\/soogilaud-768x576.jpg 768w, https:\/\/semarkitchen.com\/wp-content\/uploads\/2025\/11\/soogilaud-1536x1152.jpg 1536w, https:\/\/semarkitchen.com\/wp-content\/uploads\/2025\/11\/soogilaud-381x285.jpg 381w, https:\/\/semarkitchen.com\/wp-content\/uploads\/2025\/11\/soogilaud-600x450.jpg 600w, https:\/\/semarkitchen.com\/wp-content\/uploads\/2025\/11\/soogilaud.jpg 1920w\" data-sizes=\"(max-width: 196px) 100vw, 196px\" src=\"data:image\/svg+xml;base64,PHN2ZyB3aWR0aD0iMSIgaGVpZ2h0PSIxIiB4bWxucz0iaHR0cDovL3d3dy53My5vcmcvMjAwMC9zdmciPjwvc3ZnPg==\" style=\"--smush-placeholder-width: 196px; --smush-placeholder-aspect-ratio: 196\/147;\" \/><img decoding=\"async\" class=\"size-medium wp-image-2712 alignleft lazyload\" data-src=\"https:\/\/semarkitchen.com\/wp-content\/uploads\/2025\/11\/riidekapp-110x147.jpg\" alt=\"\" width=\"110\" height=\"147\" data-srcset=\"https:\/\/semarkitchen.com\/wp-content\/uploads\/2025\/11\/riidekapp-110x147.jpg 110w, https:\/\/semarkitchen.com\/wp-content\/uploads\/2025\/11\/riidekapp-768x1024.jpg 768w, https:\/\/semarkitchen.com\/wp-content\/uploads\/2025\/11\/riidekapp-600x800.jpg 600w, https:\/\/semarkitchen.com\/wp-content\/uploads\/2025\/11\/riidekapp.jpg 960w\" data-sizes=\"(max-width: 110px) 100vw, 110px\" src=\"data:image\/svg+xml;base64,PHN2ZyB3aWR0aD0iMSIgaGVpZ2h0PSIxIiB4bWxucz0iaHR0cDovL3d3dy53My5vcmcvMjAwMC9zdmciPjwvc3ZnPg==\" style=\"--smush-placeholder-width: 110px; --smush-placeholder-aspect-ratio: 110\/147;\" \/><img decoding=\"async\" class=\"size-medium wp-image-2707 alignleft lazyload\" data-src=\"https:\/\/semarkitchen.com\/wp-content\/uploads\/2025\/11\/riidekapp-2-110x147.jpg\" alt=\"\" width=\"110\" height=\"147\" data-srcset=\"https:\/\/semarkitchen.com\/wp-content\/uploads\/2025\/11\/riidekapp-2-110x147.jpg 110w, https:\/\/semarkitchen.com\/wp-content\/uploads\/2025\/11\/riidekapp-2-768x1024.jpg 768w, https:\/\/semarkitchen.com\/wp-content\/uploads\/2025\/11\/riidekapp-2-600x800.jpg 600w, https:\/\/semarkitchen.com\/wp-content\/uploads\/2025\/11\/riidekapp-2.jpg 960w\" data-sizes=\"(max-width: 110px) 100vw, 110px\" src=\"data:image\/svg+xml;base64,PHN2ZyB3aWR0aD0iMSIgaGVpZ2h0PSIxIiB4bWxucz0iaHR0cDovL3d3dy53My5vcmcvMjAwMC9zdmciPjwvc3ZnPg==\" style=\"--smush-placeholder-width: 110px; --smush-placeholder-aspect-ratio: 110\/147;\" \/><img decoding=\"async\" class=\"size-medium wp-image-2677 alignleft lazyload\" data-src=\"https:\/\/semarkitchen.com\/wp-content\/uploads\/2025\/11\/eritellimus-tv-alus-196x147.jpg\" alt=\"\" width=\"196\" height=\"147\" data-srcset=\"https:\/\/semarkitchen.com\/wp-content\/uploads\/2025\/11\/eritellimus-tv-alus-196x147.jpg 196w, https:\/\/semarkitchen.com\/wp-content\/uploads\/2025\/11\/eritellimus-tv-alus-1024x768.jpg 1024w, https:\/\/semarkitchen.com\/wp-content\/uploads\/2025\/11\/eritellimus-tv-alus-768x576.jpg 768w, https:\/\/semarkitchen.com\/wp-content\/uploads\/2025\/11\/eritellimus-tv-alus-381x285.jpg 381w, https:\/\/semarkitchen.com\/wp-content\/uploads\/2025\/11\/eritellimus-tv-alus-600x450.jpg 600w, https:\/\/semarkitchen.com\/wp-content\/uploads\/2025\/11\/eritellimus-tv-alus.jpg 1280w\" data-sizes=\"(max-width: 196px) 100vw, 196px\" src=\"data:image\/svg+xml;base64,PHN2ZyB3aWR0aD0iMSIgaGVpZ2h0PSIxIiB4bWxucz0iaHR0cDovL3d3dy53My5vcmcvMjAwMC9zdmciPjwvc3ZnPg==\" style=\"--smush-placeholder-width: 196px; --smush-placeholder-aspect-ratio: 196\/147;\" \/><img decoding=\"async\" class=\"size-medium wp-image-2672 alignleft lazyload\" data-src=\"https:\/\/semarkitchen.com\/wp-content\/uploads\/2025\/11\/eritellimus-kook-196x147.jpg\" alt=\"\" width=\"196\" height=\"147\" data-srcset=\"https:\/\/semarkitchen.com\/wp-content\/uploads\/2025\/11\/eritellimus-kook-196x147.jpg 196w, https:\/\/semarkitchen.com\/wp-content\/uploads\/2025\/11\/eritellimus-kook-1024x768.jpg 1024w, https:\/\/semarkitchen.com\/wp-content\/uploads\/2025\/11\/eritellimus-kook-768x576.jpg 768w, https:\/\/semarkitchen.com\/wp-content\/uploads\/2025\/11\/eritellimus-kook-1536x1152.jpg 1536w, https:\/\/semarkitchen.com\/wp-content\/uploads\/2025\/11\/eritellimus-kook-381x285.jpg 381w, https:\/\/semarkitchen.com\/wp-content\/uploads\/2025\/11\/eritellimus-kook-600x450.jpg 600w, https:\/\/semarkitchen.com\/wp-content\/uploads\/2025\/11\/eritellimus-kook.jpg 1920w\" data-sizes=\"(max-width: 196px) 100vw, 196px\" src=\"data:image\/svg+xml;base64,PHN2ZyB3aWR0aD0iMSIgaGVpZ2h0PSIxIiB4bWxucz0iaHR0cDovL3d3dy53My5vcmcvMjAwMC9zdmciPjwvc3ZnPg==\" style=\"--smush-placeholder-width: 196px; --smush-placeholder-aspect-ratio: 196\/147;\" \/><\/p>\n<p><img decoding=\"async\" class=\"size-medium wp-image-2667 alignleft lazyload\" data-src=\"https:\/\/semarkitchen.com\/wp-content\/uploads\/2025\/11\/eritellimus-garderoobikapp-110x147.jpg\" alt=\"\" width=\"110\" height=\"147\" data-srcset=\"https:\/\/semarkitchen.com\/wp-content\/uploads\/2025\/11\/eritellimus-garderoobikapp-110x147.jpg 110w, https:\/\/semarkitchen.com\/wp-content\/uploads\/2025\/11\/eritellimus-garderoobikapp-768x1024.jpg 768w, https:\/\/semarkitchen.com\/wp-content\/uploads\/2025\/11\/eritellimus-garderoobikapp-600x800.jpg 600w, https:\/\/semarkitchen.com\/wp-content\/uploads\/2025\/11\/eritellimus-garderoobikapp.jpg 960w\" data-sizes=\"(max-width: 110px) 100vw, 110px\" src=\"data:image\/svg+xml;base64,PHN2ZyB3aWR0aD0iMSIgaGVpZ2h0PSIxIiB4bWxucz0iaHR0cDovL3d3dy53My5vcmcvMjAwMC9zdmciPjwvc3ZnPg==\" style=\"--smush-placeholder-width: 110px; --smush-placeholder-aspect-ratio: 110\/147;\" \/>[\/vc_column_text][\/vc_column][\/vc_row][vc_row el_class=&#8221;cfform&#8221;][vc_column][vc_custom_heading text=&#8221;Ota yhteytt\u00e4!&#8221; font_container=&#8221;tag:h3|font_size:30px|text_align:left|color:%23ffffff|line_height:35px&#8221; use_theme_fonts=&#8221;yes&#8221; css=&#8221;.vc_custom_1767634474003{margin-bottom: 30px !important;}&#8221;]<div class=\"cf_scope_1\">\n<div class=\"wpcf7 no-js\" id=\"wpcf7-f1758-o1\" lang=\"et\" dir=\"ltr\" data-wpcf7-id=\"1758\">\n<div class=\"screen-reader-response\"><p role=\"status\" aria-live=\"polite\" aria-atomic=\"true\"><\/p> <ul><\/ul><\/div>\n<form action=\"\/fi\/wp-json\/wp\/v2\/pages\/2912#wpcf7-f1758-o1\" method=\"post\" class=\"wpcf7-form init\" aria-label=\"Contact form\" novalidate=\"novalidate\" data-status=\"init\">\n<fieldset class=\"hidden-fields-container\"><input type=\"hidden\" name=\"_wpcf7\" value=\"1758\" \/><input type=\"hidden\" name=\"_wpcf7_version\" value=\"6.1\" \/><input type=\"hidden\" name=\"_wpcf7_locale\" value=\"et\" \/><input type=\"hidden\" name=\"_wpcf7_unit_tag\" value=\"wpcf7-f1758-o1\" \/><input type=\"hidden\" name=\"_wpcf7_container_post\" value=\"0\" \/><input type=\"hidden\" name=\"_wpcf7_posted_data_hash\" value=\"\" \/><input type=\"hidden\" name=\"_wpcf7_recaptcha_response\" value=\"\" \/>\n<\/fieldset>\n<div class=\"flexter\">\n<span class=\"wpcf7-form-control-wrap\" data-name=\"text-370\"><input size=\"40\" maxlength=\"400\" class=\"wpcf7-form-control wpcf7-text wpcf7-validates-as-required slider-kast\" aria-required=\"true\" aria-invalid=\"false\" placeholder=\"Nimesi\" value=\"\" type=\"text\" name=\"text-370\" \/><\/span>\n<span class=\"wpcf7-form-control-wrap\" data-name=\"text-371\"><input size=\"40\" maxlength=\"400\" class=\"wpcf7-form-control wpcf7-email wpcf7-validates-as-required wpcf7-text wpcf7-validates-as-email slider-kast\" aria-required=\"true\" aria-invalid=\"false\" placeholder=\"S\u00e4hkopostisi\" value=\"\" type=\"email\" name=\"text-371\" \/><\/span>\n<span class=\"wpcf7-form-control-wrap\" data-name=\"text-372\"><input size=\"40\" maxlength=\"400\" class=\"wpcf7-form-control wpcf7-text wpcf7-validates-as-required slider-kast\" aria-required=\"true\" aria-invalid=\"false\" placeholder=\"Puhelin\" value=\"\" type=\"text\" name=\"text-372\" \/><\/span>\n<\/div>\n<span class=\"wpcf7-form-control-wrap\" data-name=\"textarea-144\"><textarea cols=\"40\" rows=\"10\" maxlength=\"2000\" class=\"wpcf7-form-control wpcf7-textarea wpcf7-validates-as-required suurem-kast1\" aria-required=\"true\" aria-invalid=\"false\" placeholder=\"Kuvaus\" name=\"textarea-144\"><\/textarea><\/span>\n<input class=\"wpcf7-form-control wpcf7-submit has-spinner saada-kast\" type=\"submit\" value=\"L\u00e4hett\u00e4\u00e4 kirje\" \/><div class=\"wpcf7-response-output\" aria-hidden=\"true\"><\/div>\n<\/form>\n<\/div>\n<\/div>[\/vc_column][\/vc_row]\n<\/div>","protected":false},"excerpt":{"rendered":"<p>[vc_row el_class=&#8221;pealkir&#8221;][vc_column][vc_custom_heading text=&#8221;Kalusteiden valmistus. Keitti\u00f6kalusteet, olohuonekalusteet, vaatehuoneet.&#8221; font_container=&#8221;tag:h1|font_size:33px|text_align:center|color:%23ffffff|line_height:35px&#8221; use_theme_fonts=&#8221;yes&#8221;][\/vc_column][\/vc_row][vc_row][vc_column][vc_widget_sidebar sidebar_id=&#8221;sidebar-kuppel-menu&#8221; el_class=&#8221;menuuu&#8221;][\/vc_column][\/vc_row][vc_row][vc_column][vc_column_text] Valmistamme: Keitti\u00f6kalusteet \u2013 mittatilausty\u00f6n\u00e4 valmistetut kalusteet. Olohuonekalusteet \u2013 valikoimasta l\u00f6yd\u00e4t lipastot, TV-tasot ja -alustat. Ruokap\u00f6yd\u00e4t \u2013 valikoimassa vakiomitat 1 \u00d7 2 m ja 1 \u00d7 3 m. P\u00f6yd\u00e4n runko on valmistettu jauhemaalatusta metallirungosta. Vaatehuoneet \u2013 valmistus asiakkaan mittojen mukaan. Porrasaskelmien valmistus \u2013 viilutetut porrasaskelmat,&#8230;<\/p>\n","protected":false},"author":1,"featured_media":0,"parent":0,"menu_order":0,"comment_status":"closed","ping_status":"closed","template":"page-full.php","meta":{"_acf_changed":false,"footnotes":""},"class_list":["post-2912","page","type-page","status-publish","hentry"],"acf":[],"yoast_head":"<!-- This site is optimized with the Yoast SEO plugin v25.6 - https:\/\/yoast.com\/wordpress\/plugins\/seo\/ -->\n<title>Keitti\u00f6kalusteet, mittatilauskalusteet | K\u00f6\u00f6gim\u00f6\u00f6bli valmistamine | M\u00f6\u00f6bli tootmine | V\u00e4lik\u00f6\u00f6gid<\/title>\n<meta name=\"description\" content=\"Keitti\u00f6kalusteet, mittatilauskalusteet - Sivultamme saat kaiken tarvittavan tarkasti selville. Katso lis\u00e4\u00e4 t\u00e4\u00e4lt\u00e4\" \/>\n<meta name=\"robots\" content=\"index, follow, max-snippet:-1, max-image-preview:large, max-video-preview:-1\" \/>\n<link rel=\"canonical\" href=\"https:\/\/semarkitchen.com\/fi\/keittiokalusteet_mittatilauskalusteet\/\" \/>\n<meta property=\"og:locale\" content=\"fi_FI\" \/>\n<meta property=\"og:type\" content=\"article\" \/>\n<meta property=\"og:title\" content=\"Keitti\u00f6kalusteet, mittatilauskalusteet | K\u00f6\u00f6gim\u00f6\u00f6bli valmistamine | M\u00f6\u00f6bli tootmine | V\u00e4lik\u00f6\u00f6gid\" \/>\n<meta property=\"og:description\" content=\"Keitti\u00f6kalusteet, mittatilauskalusteet - Sivultamme saat kaiken tarvittavan tarkasti selville. Katso lis\u00e4\u00e4 t\u00e4\u00e4lt\u00e4\" \/>\n<meta property=\"og:url\" content=\"https:\/\/semarkitchen.com\/fi\/keittiokalusteet_mittatilauskalusteet\/\" \/>\n<meta property=\"og:site_name\" content=\"K\u00f6\u00f6gim\u00f6\u00f6bli valmistamine | M\u00f6\u00f6bli tootmine | V\u00e4lik\u00f6\u00f6gid\" \/>\n<meta property=\"article:modified_time\" content=\"2026-01-08T12:06:00+00:00\" \/>\n<meta property=\"og:image\" content=\"https:\/\/semarkitchen.com\/wp-content\/uploads\/2025\/11\/soogilaud.jpg\" \/>\n\t<meta property=\"og:image:width\" content=\"1920\" \/>\n\t<meta property=\"og:image:height\" content=\"1440\" \/>\n\t<meta property=\"og:image:type\" content=\"image\/jpeg\" \/>\n<meta name=\"twitter:card\" content=\"summary_large_image\" \/>\n<meta name=\"twitter:label1\" content=\"Arvioitu lukuaika\" \/>\n\t<meta name=\"twitter:data1\" content=\"2 minuuttia\" \/>\n<script type=\"application\/ld+json\" class=\"yoast-schema-graph\">{\"@context\":\"https:\/\/schema.org\",\"@graph\":[{\"@type\":\"WebPage\",\"@id\":\"https:\/\/semarkitchen.com\/fi\/keittiokalusteet_mittatilauskalusteet\/\",\"url\":\"https:\/\/semarkitchen.com\/fi\/keittiokalusteet_mittatilauskalusteet\/\",\"name\":\"Keitti\u00f6kalusteet, mittatilauskalusteet | K\u00f6\u00f6gim\u00f6\u00f6bli valmistamine | M\u00f6\u00f6bli tootmine | V\u00e4lik\u00f6\u00f6gid\",\"isPartOf\":{\"@id\":\"https:\/\/semarkitchen.com\/#website\"},\"primaryImageOfPage\":{\"@id\":\"https:\/\/semarkitchen.com\/fi\/keittiokalusteet_mittatilauskalusteet\/#primaryimage\"},\"image\":{\"@id\":\"https:\/\/semarkitchen.com\/fi\/keittiokalusteet_mittatilauskalusteet\/#primaryimage\"},\"thumbnailUrl\":\"https:\/\/semarkitchen.com\/wp-content\/uploads\/2025\/11\/soogilaud-196x147.jpg\",\"datePublished\":\"2026-01-05T11:00:20+00:00\",\"dateModified\":\"2026-01-08T12:06:00+00:00\",\"description\":\"Keitti\u00f6kalusteet, mittatilauskalusteet - Sivultamme saat kaiken tarvittavan tarkasti selville. Katso lis\u00e4\u00e4 t\u00e4\u00e4lt\u00e4\",\"breadcrumb\":{\"@id\":\"https:\/\/semarkitchen.com\/fi\/keittiokalusteet_mittatilauskalusteet\/#breadcrumb\"},\"inLanguage\":\"fi\",\"potentialAction\":[{\"@type\":\"ReadAction\",\"target\":[\"https:\/\/semarkitchen.com\/fi\/keittiokalusteet_mittatilauskalusteet\/\"]}]},{\"@type\":\"ImageObject\",\"inLanguage\":\"fi\",\"@id\":\"https:\/\/semarkitchen.com\/fi\/keittiokalusteet_mittatilauskalusteet\/#primaryimage\",\"url\":\"https:\/\/semarkitchen.com\/wp-content\/uploads\/2025\/11\/soogilaud-196x147.jpg\",\"contentUrl\":\"https:\/\/semarkitchen.com\/wp-content\/uploads\/2025\/11\/soogilaud-196x147.jpg\"},{\"@type\":\"BreadcrumbList\",\"@id\":\"https:\/\/semarkitchen.com\/fi\/keittiokalusteet_mittatilauskalusteet\/#breadcrumb\",\"itemListElement\":[{\"@type\":\"ListItem\",\"position\":1,\"name\":\"Home\",\"item\":\"https:\/\/semarkitchen.com\/fi\/\"},{\"@type\":\"ListItem\",\"position\":2,\"name\":\"Keitti\u00f6kalusteet, mittatilauskalusteet\"}]},{\"@type\":\"WebSite\",\"@id\":\"https:\/\/semarkitchen.com\/#website\",\"url\":\"https:\/\/semarkitchen.com\/\",\"name\":\"K\u00f6\u00f6gim\u00f6\u00f6bli valmistamine | M\u00f6\u00f6bli tootmine | V\u00e4lik\u00f6\u00f6gid\",\"description\":\"K\u00f6\u00f6gim\u00f6\u00f6bli valmistamine | M\u00f6\u00f6bli tootmine | V\u00e4lik\u00f6\u00f6gid\",\"potentialAction\":[{\"@type\":\"SearchAction\",\"target\":{\"@type\":\"EntryPoint\",\"urlTemplate\":\"https:\/\/semarkitchen.com\/?s={search_term_string}\"},\"query-input\":{\"@type\":\"PropertyValueSpecification\",\"valueRequired\":true,\"valueName\":\"search_term_string\"}}],\"inLanguage\":\"fi\"}]}<\/script>\n<!-- \/ Yoast SEO plugin. -->","yoast_head_json":{"title":"Keitti\u00f6kalusteet, mittatilauskalusteet | K\u00f6\u00f6gim\u00f6\u00f6bli valmistamine | M\u00f6\u00f6bli tootmine | V\u00e4lik\u00f6\u00f6gid","description":"Keitti\u00f6kalusteet, mittatilauskalusteet - Sivultamme saat kaiken tarvittavan tarkasti selville. Katso lis\u00e4\u00e4 t\u00e4\u00e4lt\u00e4","robots":{"index":"index","follow":"follow","max-snippet":"max-snippet:-1","max-image-preview":"max-image-preview:large","max-video-preview":"max-video-preview:-1"},"canonical":"https:\/\/semarkitchen.com\/fi\/keittiokalusteet_mittatilauskalusteet\/","og_locale":"fi_FI","og_type":"article","og_title":"Keitti\u00f6kalusteet, mittatilauskalusteet | K\u00f6\u00f6gim\u00f6\u00f6bli valmistamine | M\u00f6\u00f6bli tootmine | V\u00e4lik\u00f6\u00f6gid","og_description":"Keitti\u00f6kalusteet, mittatilauskalusteet - Sivultamme saat kaiken tarvittavan tarkasti selville. Katso lis\u00e4\u00e4 t\u00e4\u00e4lt\u00e4","og_url":"https:\/\/semarkitchen.com\/fi\/keittiokalusteet_mittatilauskalusteet\/","og_site_name":"K\u00f6\u00f6gim\u00f6\u00f6bli valmistamine | M\u00f6\u00f6bli tootmine | V\u00e4lik\u00f6\u00f6gid","article_modified_time":"2026-01-08T12:06:00+00:00","og_image":[{"width":1920,"height":1440,"url":"https:\/\/semarkitchen.com\/wp-content\/uploads\/2025\/11\/soogilaud.jpg","type":"image\/jpeg"}],"twitter_card":"summary_large_image","twitter_misc":{"Arvioitu lukuaika":"2 minuuttia"},"schema":{"@context":"https:\/\/schema.org","@graph":[{"@type":"WebPage","@id":"https:\/\/semarkitchen.com\/fi\/keittiokalusteet_mittatilauskalusteet\/","url":"https:\/\/semarkitchen.com\/fi\/keittiokalusteet_mittatilauskalusteet\/","name":"Keitti\u00f6kalusteet, mittatilauskalusteet | K\u00f6\u00f6gim\u00f6\u00f6bli valmistamine | M\u00f6\u00f6bli tootmine | V\u00e4lik\u00f6\u00f6gid","isPartOf":{"@id":"https:\/\/semarkitchen.com\/#website"},"primaryImageOfPage":{"@id":"https:\/\/semarkitchen.com\/fi\/keittiokalusteet_mittatilauskalusteet\/#primaryimage"},"image":{"@id":"https:\/\/semarkitchen.com\/fi\/keittiokalusteet_mittatilauskalusteet\/#primaryimage"},"thumbnailUrl":"https:\/\/semarkitchen.com\/wp-content\/uploads\/2025\/11\/soogilaud-196x147.jpg","datePublished":"2026-01-05T11:00:20+00:00","dateModified":"2026-01-08T12:06:00+00:00","description":"Keitti\u00f6kalusteet, mittatilauskalusteet - Sivultamme saat kaiken tarvittavan tarkasti selville. Katso lis\u00e4\u00e4 t\u00e4\u00e4lt\u00e4","breadcrumb":{"@id":"https:\/\/semarkitchen.com\/fi\/keittiokalusteet_mittatilauskalusteet\/#breadcrumb"},"inLanguage":"fi","potentialAction":[{"@type":"ReadAction","target":["https:\/\/semarkitchen.com\/fi\/keittiokalusteet_mittatilauskalusteet\/"]}]},{"@type":"ImageObject","inLanguage":"fi","@id":"https:\/\/semarkitchen.com\/fi\/keittiokalusteet_mittatilauskalusteet\/#primaryimage","url":"https:\/\/semarkitchen.com\/wp-content\/uploads\/2025\/11\/soogilaud-196x147.jpg","contentUrl":"https:\/\/semarkitchen.com\/wp-content\/uploads\/2025\/11\/soogilaud-196x147.jpg"},{"@type":"BreadcrumbList","@id":"https:\/\/semarkitchen.com\/fi\/keittiokalusteet_mittatilauskalusteet\/#breadcrumb","itemListElement":[{"@type":"ListItem","position":1,"name":"Home","item":"https:\/\/semarkitchen.com\/fi\/"},{"@type":"ListItem","position":2,"name":"Keitti\u00f6kalusteet, mittatilauskalusteet"}]},{"@type":"WebSite","@id":"https:\/\/semarkitchen.com\/#website","url":"https:\/\/semarkitchen.com\/","name":"K\u00f6\u00f6gim\u00f6\u00f6bli valmistamine | M\u00f6\u00f6bli tootmine | V\u00e4lik\u00f6\u00f6gid","description":"K\u00f6\u00f6gim\u00f6\u00f6bli valmistamine | M\u00f6\u00f6bli tootmine | V\u00e4lik\u00f6\u00f6gid","potentialAction":[{"@type":"SearchAction","target":{"@type":"EntryPoint","urlTemplate":"https:\/\/semarkitchen.com\/?s={search_term_string}"},"query-input":{"@type":"PropertyValueSpecification","valueRequired":true,"valueName":"search_term_string"}}],"inLanguage":"fi"}]}},"_links":{"self":[{"href":"https:\/\/semarkitchen.com\/fi\/wp-json\/wp\/v2\/pages\/2912","targetHints":{"allow":["GET"]}}],"collection":[{"href":"https:\/\/semarkitchen.com\/fi\/wp-json\/wp\/v2\/pages"}],"about":[{"href":"https:\/\/semarkitchen.com\/fi\/wp-json\/wp\/v2\/types\/page"}],"author":[{"embeddable":true,"href":"https:\/\/semarkitchen.com\/fi\/wp-json\/wp\/v2\/users\/1"}],"replies":[{"embeddable":true,"href":"https:\/\/semarkitchen.com\/fi\/wp-json\/wp\/v2\/comments?post=2912"}],"version-history":[{"count":3,"href":"https:\/\/semarkitchen.com\/fi\/wp-json\/wp\/v2\/pages\/2912\/revisions"}],"predecessor-version":[{"id":2947,"href":"https:\/\/semarkitchen.com\/fi\/wp-json\/wp\/v2\/pages\/2912\/revisions\/2947"}],"wp:attachment":[{"href":"https:\/\/semarkitchen.com\/fi\/wp-json\/wp\/v2\/media?parent=2912"}],"curies":[{"name":"wp","href":"https:\/\/api.w.org\/{rel}","templated":true}]}}