{"id":2140,"date":"2021-05-03T13:10:33","date_gmt":"2021-05-03T10:10:33","guid":{"rendered":"https:\/\/semarkitchen.com\/portfoolio\/"},"modified":"2026-01-08T14:13:29","modified_gmt":"2026-01-08T12:13:29","slug":"portfoolio","status":"publish","type":"page","link":"https:\/\/semarkitchen.com\/fi\/portfoolio\/","title":{"rendered":"Portfoolio"},"content":{"rendered":"<div class=\"wpb-content-wrapper\">[vc_row el_class=&#8221;pealkir&#8221;][vc_column][vc_custom_heading text=&#8221;Portfoolio&#8221; font_container=&#8221;tag:h1|font_size:33px|text_align:center|color:%23ffffff|line_height:35px&#8221; use_theme_fonts=&#8221;yes&#8221;][\/vc_column][\/vc_row][vc_row css=&#8221;.vc_custom_1620035809747{margin-bottom: 20px !important;}&#8221; el_class=&#8221;portfolio-objects-container&#8221;][vc_column width=&#8221;1\/3&#8243; el_class=&#8221;portfolio-object&#8221;][vc_single_image image=&#8221;2674&#8243; img_size=&#8221;full&#8221; el_class=&#8221;portfolio-object-image&#8221;][vc_column_text el_class=&#8221;portfolio-object-text&#8221;][\/vc_column_text][\/vc_column][vc_column width=&#8221;1\/3&#8243; el_class=&#8221;portfolio-object&#8221;][vc_single_image image=&#8221;2719&#8243; img_size=&#8221;full&#8221; el_class=&#8221;portfolio-object-image&#8221;][vc_column_text el_class=&#8221;portfolio-object-text&#8221;]\n<h3><\/h3>\n[\/vc_column_text][\/vc_column][vc_column width=&#8221;1\/3&#8243; el_class=&#8221;portfolio-object&#8221;][vc_single_image image=&#8221;2659&#8243; img_size=&#8221;full&#8221; el_class=&#8221;portfolio-object-image&#8221;][vc_column_text el_class=&#8221;portfolio-object-text&#8221;][\/vc_column_text][\/vc_column][\/vc_row][vc_row css=&#8221;.vc_custom_1620035809747{margin-bottom: 20px !important;}&#8221; el_class=&#8221;portfolio-objects-container&#8221;][vc_column width=&#8221;1\/3&#8243; el_class=&#8221;portfolio-object&#8221;][vc_single_image image=&#8221;2684&#8243; img_size=&#8221;full&#8221; el_class=&#8221;portfolio-object-image&#8221;][vc_column_text el_class=&#8221;portfolio-object-text&#8221;]\n<h3><\/h3>\n[\/vc_column_text][\/vc_column][vc_column width=&#8221;1\/3&#8243; el_class=&#8221;portfolio-object&#8221;][vc_single_image image=&#8221;2714&#8243; img_size=&#8221;full&#8221; el_class=&#8221;portfolio-object-image&#8221;][vc_column_text el_class=&#8221;portfolio-object-text&#8221;][\/vc_column_text][\/vc_column][vc_column width=&#8221;1\/3&#8243; el_class=&#8221;portfolio-object&#8221;][vc_single_image image=&#8221;2664&#8243; img_size=&#8221;full&#8221; el_class=&#8221;portfolio-object-image&#8221;][vc_column_text el_class=&#8221;portfolio-object-text&#8221;][\/vc_column_text][\/vc_column][\/vc_row][vc_row css=&#8221;.vc_custom_1620035809747{margin-bottom: 20px !important;}&#8221; el_class=&#8221;portfolio-objects-container&#8221;][vc_column width=&#8221;1\/3&#8243; el_class=&#8221;portfolio-object&#8221;][vc_single_image image=&#8221;2709&#8243; img_size=&#8221;full&#8221; el_class=&#8221;portfolio-object-image&#8221;][vc_column_text el_class=&#8221;portfolio-object-text&#8221;]\n<h3><\/h3>\n[\/vc_column_text][\/vc_column][vc_column width=&#8221;1\/3&#8243; el_class=&#8221;portfolio-object&#8221;][vc_single_image image=&#8221;2654&#8243; img_size=&#8221;full&#8221; el_class=&#8221;portfolio-object-image&#8221;][vc_column_text el_class=&#8221;portfolio-object-text&#8221;]\n<h3><\/h3>\n[\/vc_column_text][\/vc_column][vc_column width=&#8221;1\/3&#8243; el_class=&#8221;portfolio-object&#8221;][vc_single_image image=&#8221;2679&#8243; img_size=&#8221;full&#8221; el_class=&#8221;portfolio-object-image&#8221;][vc_column_text el_class=&#8221;portfolio-object-text&#8221;][\/vc_column_text][\/vc_column][\/vc_row][vc_row css=&#8221;.vc_custom_1620035809747{margin-bottom: 20px !important;}&#8221; el_class=&#8221;portfolio-objects-container&#8221;][vc_column width=&#8221;1\/3&#8243; el_class=&#8221;portfolio-object&#8221;][vc_single_image image=&#8221;2669&#8243; img_size=&#8221;full&#8221; el_class=&#8221;portfolio-object-image&#8221;][vc_column_text el_class=&#8221;portfolio-object-text&#8221;]\n<h3><\/h3>\n[\/vc_column_text][\/vc_column][vc_column width=&#8221;1\/3&#8243; el_class=&#8221;portfolio-object&#8221;][vc_single_image image=&#8221;2639&#8243; img_size=&#8221;full&#8221; el_class=&#8221;portfolio-object-image&#8221;][vc_column_text el_class=&#8221;portfolio-object-text&#8221;][\/vc_column_text][\/vc_column][vc_column width=&#8221;1\/3&#8243; el_class=&#8221;portfolio-object&#8221;][vc_single_image image=&#8221;2629&#8243; img_size=&#8221;full&#8221; el_class=&#8221;portfolio-object-image&#8221;][vc_column_text el_class=&#8221;portfolio-object-text&#8221;][\/vc_column_text][\/vc_column][\/vc_row]\n<\/div>","protected":false},"excerpt":{"rendered":"<p>[vc_row el_class=&#8221;pealkir&#8221;][vc_column][vc_custom_heading text=&#8221;Portfoolio&#8221; font_container=&#8221;tag:h1|font_size:33px|text_align:center|color:%23ffffff|line_height:35px&#8221; use_theme_fonts=&#8221;yes&#8221;][\/vc_column][\/vc_row][vc_row css=&#8221;.vc_custom_1620035809747{margin-bottom: 20px !important;}&#8221; el_class=&#8221;portfolio-objects-container&#8221;][vc_column width=&#8221;1\/3&#8243; el_class=&#8221;portfolio-object&#8221;][vc_single_image image=&#8221;2674&#8243; img_size=&#8221;full&#8221; el_class=&#8221;portfolio-object-image&#8221;][vc_column_text el_class=&#8221;portfolio-object-text&#8221;][\/vc_column_text][\/vc_column][vc_column width=&#8221;1\/3&#8243; el_class=&#8221;portfolio-object&#8221;][vc_single_image image=&#8221;2719&#8243; img_size=&#8221;full&#8221; el_class=&#8221;portfolio-object-image&#8221;][vc_column_text el_class=&#8221;portfolio-object-text&#8221;] [\/vc_column_text][\/vc_column][vc_column width=&#8221;1\/3&#8243; el_class=&#8221;portfolio-object&#8221;][vc_single_image image=&#8221;2659&#8243; img_size=&#8221;full&#8221; el_class=&#8221;portfolio-object-image&#8221;][vc_column_text el_class=&#8221;portfolio-object-text&#8221;][\/vc_column_text][\/vc_column][\/vc_row][vc_row css=&#8221;.vc_custom_1620035809747{margin-bottom: 20px !important;}&#8221; el_class=&#8221;portfolio-objects-container&#8221;][vc_column width=&#8221;1\/3&#8243; el_class=&#8221;portfolio-object&#8221;][vc_single_image image=&#8221;2684&#8243; img_size=&#8221;full&#8221; el_class=&#8221;portfolio-object-image&#8221;][vc_column_text el_class=&#8221;portfolio-object-text&#8221;] [\/vc_column_text][\/vc_column][vc_column width=&#8221;1\/3&#8243; el_class=&#8221;portfolio-object&#8221;][vc_single_image image=&#8221;2714&#8243; img_size=&#8221;full&#8221; el_class=&#8221;portfolio-object-image&#8221;][vc_column_text el_class=&#8221;portfolio-object-text&#8221;][\/vc_column_text][\/vc_column][vc_column width=&#8221;1\/3&#8243; el_class=&#8221;portfolio-object&#8221;][vc_single_image image=&#8221;2664&#8243; img_size=&#8221;full&#8221; el_class=&#8221;portfolio-object-image&#8221;][vc_column_text el_class=&#8221;portfolio-object-text&#8221;][\/vc_column_text][\/vc_column][\/vc_row][vc_row css=&#8221;.vc_custom_1620035809747{margin-bottom: 20px !important;}&#8221; el_class=&#8221;portfolio-objects-container&#8221;][vc_column&#8230;<\/p>\n","protected":false},"author":1,"featured_media":0,"parent":0,"menu_order":0,"comment_status":"closed","ping_status":"closed","template":"page-full.php","meta":{"_acf_changed":false,"footnotes":""},"class_list":["post-2140","page","type-page","status-publish","hentry"],"acf":[],"yoast_head":"<!-- This site is optimized with the Yoast SEO plugin v25.6 - https:\/\/yoast.com\/wordpress\/plugins\/seo\/ -->\n<title>Portfoolio | K\u00f6\u00f6gim\u00f6\u00f6bli valmistamine | M\u00f6\u00f6bli tootmine | V\u00e4lik\u00f6\u00f6gid<\/title>\n<meta name=\"description\" content=\"Kalusteiden valmistus. Keitti\u00f6kalusteet, olohuonekalusteet, vaatehuoneet. Keitti\u00f6kalusteet \u2013 mittatilausty\u00f6n\u00e4 valmistetut kalusteet.\" \/>\n<meta name=\"robots\" content=\"index, follow, max-snippet:-1, max-image-preview:large, max-video-preview:-1\" \/>\n<link rel=\"canonical\" href=\"https:\/\/semarkitchen.com\/fi\/portfoolio\/\" \/>\n<meta property=\"og:locale\" content=\"fi_FI\" \/>\n<meta property=\"og:type\" content=\"article\" \/>\n<meta property=\"og:title\" content=\"Portfoolio | K\u00f6\u00f6gim\u00f6\u00f6bli valmistamine | M\u00f6\u00f6bli tootmine | V\u00e4lik\u00f6\u00f6gid\" \/>\n<meta property=\"og:description\" content=\"Kalusteiden valmistus. Keitti\u00f6kalusteet, olohuonekalusteet, vaatehuoneet. Keitti\u00f6kalusteet \u2013 mittatilausty\u00f6n\u00e4 valmistetut kalusteet.\" \/>\n<meta property=\"og:url\" content=\"https:\/\/semarkitchen.com\/fi\/portfoolio\/\" \/>\n<meta property=\"og:site_name\" content=\"K\u00f6\u00f6gim\u00f6\u00f6bli valmistamine | M\u00f6\u00f6bli tootmine | V\u00e4lik\u00f6\u00f6gid\" \/>\n<meta property=\"article:modified_time\" content=\"2026-01-08T12:13:29+00:00\" \/>\n<meta name=\"twitter:card\" content=\"summary_large_image\" \/>\n<meta name=\"twitter:label1\" content=\"Arvioitu lukuaika\" \/>\n\t<meta name=\"twitter:data1\" content=\"2 minuuttia\" \/>\n<script type=\"application\/ld+json\" class=\"yoast-schema-graph\">{\"@context\":\"https:\/\/schema.org\",\"@graph\":[{\"@type\":\"WebPage\",\"@id\":\"https:\/\/semarkitchen.com\/fi\/portfoolio\/\",\"url\":\"https:\/\/semarkitchen.com\/fi\/portfoolio\/\",\"name\":\"Portfoolio | K\u00f6\u00f6gim\u00f6\u00f6bli valmistamine | M\u00f6\u00f6bli tootmine | V\u00e4lik\u00f6\u00f6gid\",\"isPartOf\":{\"@id\":\"https:\/\/semarkitchen.com\/#website\"},\"datePublished\":\"2021-05-03T10:10:33+00:00\",\"dateModified\":\"2026-01-08T12:13:29+00:00\",\"description\":\"Kalusteiden valmistus. Keitti\u00f6kalusteet, olohuonekalusteet, vaatehuoneet. Keitti\u00f6kalusteet \u2013 mittatilausty\u00f6n\u00e4 valmistetut kalusteet.\",\"breadcrumb\":{\"@id\":\"https:\/\/semarkitchen.com\/fi\/portfoolio\/#breadcrumb\"},\"inLanguage\":\"fi\",\"potentialAction\":[{\"@type\":\"ReadAction\",\"target\":[\"https:\/\/semarkitchen.com\/fi\/portfoolio\/\"]}]},{\"@type\":\"BreadcrumbList\",\"@id\":\"https:\/\/semarkitchen.com\/fi\/portfoolio\/#breadcrumb\",\"itemListElement\":[{\"@type\":\"ListItem\",\"position\":1,\"name\":\"Home\",\"item\":\"https:\/\/semarkitchen.com\/fi\/\"},{\"@type\":\"ListItem\",\"position\":2,\"name\":\"Portfoolio\"}]},{\"@type\":\"WebSite\",\"@id\":\"https:\/\/semarkitchen.com\/#website\",\"url\":\"https:\/\/semarkitchen.com\/\",\"name\":\"K\u00f6\u00f6gim\u00f6\u00f6bli valmistamine | M\u00f6\u00f6bli tootmine | V\u00e4lik\u00f6\u00f6gid\",\"description\":\"K\u00f6\u00f6gim\u00f6\u00f6bli valmistamine | M\u00f6\u00f6bli tootmine | V\u00e4lik\u00f6\u00f6gid\",\"potentialAction\":[{\"@type\":\"SearchAction\",\"target\":{\"@type\":\"EntryPoint\",\"urlTemplate\":\"https:\/\/semarkitchen.com\/?s={search_term_string}\"},\"query-input\":{\"@type\":\"PropertyValueSpecification\",\"valueRequired\":true,\"valueName\":\"search_term_string\"}}],\"inLanguage\":\"fi\"}]}<\/script>\n<!-- \/ Yoast SEO plugin. -->","yoast_head_json":{"title":"Portfoolio | K\u00f6\u00f6gim\u00f6\u00f6bli valmistamine | M\u00f6\u00f6bli tootmine | V\u00e4lik\u00f6\u00f6gid","description":"Kalusteiden valmistus. Keitti\u00f6kalusteet, olohuonekalusteet, vaatehuoneet. Keitti\u00f6kalusteet \u2013 mittatilausty\u00f6n\u00e4 valmistetut kalusteet.","robots":{"index":"index","follow":"follow","max-snippet":"max-snippet:-1","max-image-preview":"max-image-preview:large","max-video-preview":"max-video-preview:-1"},"canonical":"https:\/\/semarkitchen.com\/fi\/portfoolio\/","og_locale":"fi_FI","og_type":"article","og_title":"Portfoolio | K\u00f6\u00f6gim\u00f6\u00f6bli valmistamine | M\u00f6\u00f6bli tootmine | V\u00e4lik\u00f6\u00f6gid","og_description":"Kalusteiden valmistus. Keitti\u00f6kalusteet, olohuonekalusteet, vaatehuoneet. Keitti\u00f6kalusteet \u2013 mittatilausty\u00f6n\u00e4 valmistetut kalusteet.","og_url":"https:\/\/semarkitchen.com\/fi\/portfoolio\/","og_site_name":"K\u00f6\u00f6gim\u00f6\u00f6bli valmistamine | M\u00f6\u00f6bli tootmine | V\u00e4lik\u00f6\u00f6gid","article_modified_time":"2026-01-08T12:13:29+00:00","twitter_card":"summary_large_image","twitter_misc":{"Arvioitu lukuaika":"2 minuuttia"},"schema":{"@context":"https:\/\/schema.org","@graph":[{"@type":"WebPage","@id":"https:\/\/semarkitchen.com\/fi\/portfoolio\/","url":"https:\/\/semarkitchen.com\/fi\/portfoolio\/","name":"Portfoolio | K\u00f6\u00f6gim\u00f6\u00f6bli valmistamine | M\u00f6\u00f6bli tootmine | V\u00e4lik\u00f6\u00f6gid","isPartOf":{"@id":"https:\/\/semarkitchen.com\/#website"},"datePublished":"2021-05-03T10:10:33+00:00","dateModified":"2026-01-08T12:13:29+00:00","description":"Kalusteiden valmistus. Keitti\u00f6kalusteet, olohuonekalusteet, vaatehuoneet. Keitti\u00f6kalusteet \u2013 mittatilausty\u00f6n\u00e4 valmistetut kalusteet.","breadcrumb":{"@id":"https:\/\/semarkitchen.com\/fi\/portfoolio\/#breadcrumb"},"inLanguage":"fi","potentialAction":[{"@type":"ReadAction","target":["https:\/\/semarkitchen.com\/fi\/portfoolio\/"]}]},{"@type":"BreadcrumbList","@id":"https:\/\/semarkitchen.com\/fi\/portfoolio\/#breadcrumb","itemListElement":[{"@type":"ListItem","position":1,"name":"Home","item":"https:\/\/semarkitchen.com\/fi\/"},{"@type":"ListItem","position":2,"name":"Portfoolio"}]},{"@type":"WebSite","@id":"https:\/\/semarkitchen.com\/#website","url":"https:\/\/semarkitchen.com\/","name":"K\u00f6\u00f6gim\u00f6\u00f6bli valmistamine | M\u00f6\u00f6bli tootmine | V\u00e4lik\u00f6\u00f6gid","description":"K\u00f6\u00f6gim\u00f6\u00f6bli valmistamine | M\u00f6\u00f6bli tootmine | V\u00e4lik\u00f6\u00f6gid","potentialAction":[{"@type":"SearchAction","target":{"@type":"EntryPoint","urlTemplate":"https:\/\/semarkitchen.com\/?s={search_term_string}"},"query-input":{"@type":"PropertyValueSpecification","valueRequired":true,"valueName":"search_term_string"}}],"inLanguage":"fi"}]}},"_links":{"self":[{"href":"https:\/\/semarkitchen.com\/fi\/wp-json\/wp\/v2\/pages\/2140","targetHints":{"allow":["GET"]}}],"collection":[{"href":"https:\/\/semarkitchen.com\/fi\/wp-json\/wp\/v2\/pages"}],"about":[{"href":"https:\/\/semarkitchen.com\/fi\/wp-json\/wp\/v2\/types\/page"}],"author":[{"embeddable":true,"href":"https:\/\/semarkitchen.com\/fi\/wp-json\/wp\/v2\/users\/1"}],"replies":[{"embeddable":true,"href":"https:\/\/semarkitchen.com\/fi\/wp-json\/wp\/v2\/comments?post=2140"}],"version-history":[{"count":7,"href":"https:\/\/semarkitchen.com\/fi\/wp-json\/wp\/v2\/pages\/2140\/revisions"}],"predecessor-version":[{"id":2844,"href":"https:\/\/semarkitchen.com\/fi\/wp-json\/wp\/v2\/pages\/2140\/revisions\/2844"}],"wp:attachment":[{"href":"https:\/\/semarkitchen.com\/fi\/wp-json\/wp\/v2\/media?parent=2140"}],"curies":[{"name":"wp","href":"https:\/\/api.w.org\/{rel}","templated":true}]}}