{"id":785,"date":"2017-05-08T13:47:55","date_gmt":"2017-05-08T10:47:55","guid":{"rendered":"https:\/\/semarkitchen.com\/toode\/pvc-halls-width-35m\/"},"modified":"2026-01-06T19:55:05","modified_gmt":"2026-01-06T17:55:05","slug":"sink-cabinet","status":"publish","type":"product","link":"https:\/\/semarkitchen.com\/en\/toode\/sink-cabinet\/","title":{"rendered":"sink cabinet"},"content":{"rendered":"","protected":false},"excerpt":{"rendered":"<ul>\n<li style=\"text-align: left;\">Standard 0,4 x 0,6 x 0,5 m<\/li>\n<\/ul>\n","protected":false},"featured_media":2658,"comment_status":"open","ping_status":"closed","template":"","meta":{"_acf_changed":false},"product_brand":[],"product_cat":[44],"product_tag":[],"class_list":{"0":"post-785","1":"product","2":"type-product","3":"status-publish","4":"has-post-thumbnail","6":"product_cat-maaramata","8":"first","9":"instock","10":"shipping-taxable","11":"purchasable","12":"product-type-variable"},"acf":[],"yoast_head":"<!-- This site is optimized with the Yoast SEO plugin v25.6 - https:\/\/yoast.com\/wordpress\/plugins\/seo\/ -->\n<title>sink cabinet | K\u00f6\u00f6gim\u00f6\u00f6bli valmistamine | M\u00f6\u00f6bli tootmine | V\u00e4lik\u00f6\u00f6gid<\/title>\n<meta name=\"description\" content=\"PVC hallide m\u00fc\u00fck ja PVC hallide hinnad - meie lehelt saad k\u00f5ik vajaliku t\u00e4pselt teada. Vaata edasi siit\" \/>\n<meta name=\"robots\" content=\"index, follow, max-snippet:-1, max-image-preview:large, max-video-preview:-1\" \/>\n<link rel=\"canonical\" href=\"https:\/\/semarkitchen.com\/en\/toode\/sink-cabinet\/\" \/>\n<meta property=\"og:locale\" content=\"en_US\" \/>\n<meta property=\"og:type\" content=\"article\" \/>\n<meta property=\"og:title\" content=\"sink cabinet | K\u00f6\u00f6gim\u00f6\u00f6bli valmistamine | M\u00f6\u00f6bli tootmine | V\u00e4lik\u00f6\u00f6gid\" \/>\n<meta property=\"og:description\" content=\"PVC hallide m\u00fc\u00fck ja PVC hallide hinnad - meie lehelt saad k\u00f5ik vajaliku t\u00e4pselt teada. Vaata edasi siit\" \/>\n<meta property=\"og:url\" content=\"https:\/\/semarkitchen.com\/en\/toode\/sink-cabinet\/\" \/>\n<meta property=\"og:site_name\" content=\"K\u00f6\u00f6gim\u00f6\u00f6bli valmistamine | M\u00f6\u00f6bli tootmine | V\u00e4lik\u00f6\u00f6gid\" \/>\n<meta property=\"article:modified_time\" content=\"2026-01-06T17:55:05+00:00\" \/>\n<meta property=\"og:image\" content=\"https:\/\/semarkitchen.com\/wp-content\/uploads\/2025\/11\/eritellimusmoobel.jpg\" \/>\n\t<meta property=\"og:image:width\" content=\"1920\" \/>\n\t<meta property=\"og:image:height\" content=\"1440\" \/>\n\t<meta property=\"og:image:type\" content=\"image\/jpeg\" \/>\n<meta name=\"twitter:card\" content=\"summary_large_image\" \/>\n<meta name=\"twitter:label1\" content=\"Est. reading time\" \/>\n\t<meta name=\"twitter:data1\" content=\"1 minute\" \/>\n<script type=\"application\/ld+json\" class=\"yoast-schema-graph\">{\"@context\":\"https:\/\/schema.org\",\"@graph\":[{\"@type\":\"WebPage\",\"@id\":\"https:\/\/semarkitchen.com\/en\/toode\/sink-cabinet\/\",\"url\":\"https:\/\/semarkitchen.com\/en\/toode\/sink-cabinet\/\",\"name\":\"sink cabinet | K\u00f6\u00f6gim\u00f6\u00f6bli valmistamine | M\u00f6\u00f6bli tootmine | V\u00e4lik\u00f6\u00f6gid\",\"isPartOf\":{\"@id\":\"https:\/\/semarkitchen.com\/#website\"},\"primaryImageOfPage\":{\"@id\":\"https:\/\/semarkitchen.com\/en\/toode\/sink-cabinet\/#primaryimage\"},\"image\":{\"@id\":\"https:\/\/semarkitchen.com\/en\/toode\/sink-cabinet\/#primaryimage\"},\"thumbnailUrl\":\"https:\/\/semarkitchen.com\/wp-content\/uploads\/2025\/11\/eritellimusmoobel.jpg\",\"datePublished\":\"2017-05-08T10:47:55+00:00\",\"dateModified\":\"2026-01-06T17:55:05+00:00\",\"description\":\"PVC hallide m\u00fc\u00fck ja PVC hallide hinnad - meie lehelt saad k\u00f5ik vajaliku t\u00e4pselt teada. Vaata edasi siit\",\"breadcrumb\":{\"@id\":\"https:\/\/semarkitchen.com\/en\/toode\/sink-cabinet\/#breadcrumb\"},\"inLanguage\":\"en-US\",\"potentialAction\":[{\"@type\":\"ReadAction\",\"target\":[\"https:\/\/semarkitchen.com\/en\/toode\/sink-cabinet\/\"]}]},{\"@type\":\"ImageObject\",\"inLanguage\":\"en-US\",\"@id\":\"https:\/\/semarkitchen.com\/en\/toode\/sink-cabinet\/#primaryimage\",\"url\":\"https:\/\/semarkitchen.com\/wp-content\/uploads\/2025\/11\/eritellimusmoobel.jpg\",\"contentUrl\":\"https:\/\/semarkitchen.com\/wp-content\/uploads\/2025\/11\/eritellimusmoobel.jpg\",\"width\":1920,\"height\":1440},{\"@type\":\"BreadcrumbList\",\"@id\":\"https:\/\/semarkitchen.com\/en\/toode\/sink-cabinet\/#breadcrumb\",\"itemListElement\":[{\"@type\":\"ListItem\",\"position\":1,\"name\":\"Home\",\"item\":\"https:\/\/semarkitchen.com\/en\/\"},{\"@type\":\"ListItem\",\"position\":2,\"name\":\"Products\",\"item\":\"https:\/\/semarkitchen.com\/en\/products\/\"},{\"@type\":\"ListItem\",\"position\":3,\"name\":\"sink cabinet\"}]},{\"@type\":\"WebSite\",\"@id\":\"https:\/\/semarkitchen.com\/#website\",\"url\":\"https:\/\/semarkitchen.com\/\",\"name\":\"K\u00f6\u00f6gim\u00f6\u00f6bli valmistamine | M\u00f6\u00f6bli tootmine | V\u00e4lik\u00f6\u00f6gid\",\"description\":\"K\u00f6\u00f6gim\u00f6\u00f6bli valmistamine | M\u00f6\u00f6bli tootmine | V\u00e4lik\u00f6\u00f6gid\",\"potentialAction\":[{\"@type\":\"SearchAction\",\"target\":{\"@type\":\"EntryPoint\",\"urlTemplate\":\"https:\/\/semarkitchen.com\/?s={search_term_string}\"},\"query-input\":{\"@type\":\"PropertyValueSpecification\",\"valueRequired\":true,\"valueName\":\"search_term_string\"}}],\"inLanguage\":\"en-US\"}]}<\/script>\n<!-- \/ Yoast SEO plugin. -->","yoast_head_json":{"title":"sink cabinet | K\u00f6\u00f6gim\u00f6\u00f6bli valmistamine | M\u00f6\u00f6bli tootmine | V\u00e4lik\u00f6\u00f6gid","description":"PVC hallide m\u00fc\u00fck ja PVC hallide hinnad - meie lehelt saad k\u00f5ik vajaliku t\u00e4pselt teada. Vaata edasi siit","robots":{"index":"index","follow":"follow","max-snippet":"max-snippet:-1","max-image-preview":"max-image-preview:large","max-video-preview":"max-video-preview:-1"},"canonical":"https:\/\/semarkitchen.com\/en\/toode\/sink-cabinet\/","og_locale":"en_US","og_type":"article","og_title":"sink cabinet | K\u00f6\u00f6gim\u00f6\u00f6bli valmistamine | M\u00f6\u00f6bli tootmine | V\u00e4lik\u00f6\u00f6gid","og_description":"PVC hallide m\u00fc\u00fck ja PVC hallide hinnad - meie lehelt saad k\u00f5ik vajaliku t\u00e4pselt teada. Vaata edasi siit","og_url":"https:\/\/semarkitchen.com\/en\/toode\/sink-cabinet\/","og_site_name":"K\u00f6\u00f6gim\u00f6\u00f6bli valmistamine | M\u00f6\u00f6bli tootmine | V\u00e4lik\u00f6\u00f6gid","article_modified_time":"2026-01-06T17:55:05+00:00","og_image":[{"width":1920,"height":1440,"url":"https:\/\/semarkitchen.com\/wp-content\/uploads\/2025\/11\/eritellimusmoobel.jpg","type":"image\/jpeg"}],"twitter_card":"summary_large_image","twitter_misc":{"Est. reading time":"1 minute"},"schema":{"@context":"https:\/\/schema.org","@graph":[{"@type":"WebPage","@id":"https:\/\/semarkitchen.com\/en\/toode\/sink-cabinet\/","url":"https:\/\/semarkitchen.com\/en\/toode\/sink-cabinet\/","name":"sink cabinet | K\u00f6\u00f6gim\u00f6\u00f6bli valmistamine | M\u00f6\u00f6bli tootmine | V\u00e4lik\u00f6\u00f6gid","isPartOf":{"@id":"https:\/\/semarkitchen.com\/#website"},"primaryImageOfPage":{"@id":"https:\/\/semarkitchen.com\/en\/toode\/sink-cabinet\/#primaryimage"},"image":{"@id":"https:\/\/semarkitchen.com\/en\/toode\/sink-cabinet\/#primaryimage"},"thumbnailUrl":"https:\/\/semarkitchen.com\/wp-content\/uploads\/2025\/11\/eritellimusmoobel.jpg","datePublished":"2017-05-08T10:47:55+00:00","dateModified":"2026-01-06T17:55:05+00:00","description":"PVC hallide m\u00fc\u00fck ja PVC hallide hinnad - meie lehelt saad k\u00f5ik vajaliku t\u00e4pselt teada. Vaata edasi siit","breadcrumb":{"@id":"https:\/\/semarkitchen.com\/en\/toode\/sink-cabinet\/#breadcrumb"},"inLanguage":"en-US","potentialAction":[{"@type":"ReadAction","target":["https:\/\/semarkitchen.com\/en\/toode\/sink-cabinet\/"]}]},{"@type":"ImageObject","inLanguage":"en-US","@id":"https:\/\/semarkitchen.com\/en\/toode\/sink-cabinet\/#primaryimage","url":"https:\/\/semarkitchen.com\/wp-content\/uploads\/2025\/11\/eritellimusmoobel.jpg","contentUrl":"https:\/\/semarkitchen.com\/wp-content\/uploads\/2025\/11\/eritellimusmoobel.jpg","width":1920,"height":1440},{"@type":"BreadcrumbList","@id":"https:\/\/semarkitchen.com\/en\/toode\/sink-cabinet\/#breadcrumb","itemListElement":[{"@type":"ListItem","position":1,"name":"Home","item":"https:\/\/semarkitchen.com\/en\/"},{"@type":"ListItem","position":2,"name":"Products","item":"https:\/\/semarkitchen.com\/en\/products\/"},{"@type":"ListItem","position":3,"name":"sink cabinet"}]},{"@type":"WebSite","@id":"https:\/\/semarkitchen.com\/#website","url":"https:\/\/semarkitchen.com\/","name":"K\u00f6\u00f6gim\u00f6\u00f6bli valmistamine | M\u00f6\u00f6bli tootmine | V\u00e4lik\u00f6\u00f6gid","description":"K\u00f6\u00f6gim\u00f6\u00f6bli valmistamine | M\u00f6\u00f6bli tootmine | V\u00e4lik\u00f6\u00f6gid","potentialAction":[{"@type":"SearchAction","target":{"@type":"EntryPoint","urlTemplate":"https:\/\/semarkitchen.com\/?s={search_term_string}"},"query-input":{"@type":"PropertyValueSpecification","valueRequired":true,"valueName":"search_term_string"}}],"inLanguage":"en-US"}]}},"_links":{"self":[{"href":"https:\/\/semarkitchen.com\/en\/wp-json\/wp\/v2\/product\/785","targetHints":{"allow":["GET"]}}],"collection":[{"href":"https:\/\/semarkitchen.com\/en\/wp-json\/wp\/v2\/product"}],"about":[{"href":"https:\/\/semarkitchen.com\/en\/wp-json\/wp\/v2\/types\/product"}],"replies":[{"embeddable":true,"href":"https:\/\/semarkitchen.com\/en\/wp-json\/wp\/v2\/comments?post=785"}],"wp:featuredmedia":[{"embeddable":true,"href":"https:\/\/semarkitchen.com\/en\/wp-json\/wp\/v2\/media\/2658"}],"wp:attachment":[{"href":"https:\/\/semarkitchen.com\/en\/wp-json\/wp\/v2\/media?parent=785"}],"wp:term":[{"taxonomy":"product_brand","embeddable":true,"href":"https:\/\/semarkitchen.com\/en\/wp-json\/wp\/v2\/product_brand?post=785"},{"taxonomy":"product_cat","embeddable":true,"href":"https:\/\/semarkitchen.com\/en\/wp-json\/wp\/v2\/product_cat?post=785"},{"taxonomy":"product_tag","embeddable":true,"href":"https:\/\/semarkitchen.com\/en\/wp-json\/wp\/v2\/product_tag?post=785"}],"curies":[{"name":"wp","href":"https:\/\/api.w.org\/{rel}","templated":true}]}}