{"id":817,"date":"2017-11-21T11:53:45","date_gmt":"2017-11-21T09:53:45","guid":{"rendered":"https:\/\/semarkitchen.com\/?page_id=817\/"},"modified":"2017-11-21T11:53:45","modified_gmt":"2017-11-21T09:53:45","slug":"discount-offers","status":"publish","type":"page","link":"https:\/\/semarkitchen.com\/en\/discount-offers\/","title":{"rendered":"Discount offers"},"content":{"rendered":"<div class=\"wpb-content-wrapper\">[vc_row el_class=&#8221;pealkir&#8221;][vc_column][vc_custom_heading text=&#8221;SOODUSPAKKUMISED&#8221; font_container=&#8221;tag:h1|font_size:33px|text_align:center|color:%23ffffff|line_height:35px&#8221; use_theme_fonts=&#8221;yes&#8221;][\/vc_column][\/vc_row][vc_row][vc_column][vc_column_text]<span style=\"color: #ff0000;\"><strong>TOOTED OTSE LAOST:<\/strong><\/span><\/p>\n<h1><em><strong>PVC hall m\u00f5\u00f5tmetega 16x56m, seina k\u00f5rgus 5 m.<\/strong><\/em><\/h1>\n<p>&nbsp;<\/p>\n<p>Hallil on 2 t\u00f5stust pikemal k\u00fcljel, ukse m\u00f5\u00f5dud 5000x4000mm.<\/p>\n<p>Katus valge, valgust l\u00e4bilaskev, seinad rohelised.<\/p>\n<p>Hind koos paigaldusega <strong>65 000.<\/strong>-+km.<\/p>\n<p>Hind ei sisalda vundamenti, v\u00f5imalik paigaldus asfaltile v\u00f5i eelnevalt valatud betoon alusele.<\/p>\n<p><img decoding=\"async\" class=\"alignnone size-medium wp-image-230 lazyload\" data-src=\"https:\/\/semarkitchen.com\/wp-content\/uploads\/2017\/05\/3d-vaade-pvc-hall-222x147.png\" alt=\"\" width=\"222\" height=\"147\" data-srcset=\"https:\/\/semarkitchen.com\/wp-content\/uploads\/2017\/05\/3d-vaade-pvc-hall-222x147.png 222w, https:\/\/semarkitchen.com\/wp-content\/uploads\/2017\/05\/3d-vaade-pvc-hall-600x400.png 600w, https:\/\/semarkitchen.com\/wp-content\/uploads\/2017\/05\/3d-vaade-pvc-hall-768x509.png 768w, https:\/\/semarkitchen.com\/wp-content\/uploads\/2017\/05\/3d-vaade-pvc-hall-800x533.png 800w, https:\/\/semarkitchen.com\/wp-content\/uploads\/2017\/05\/3d-vaade-pvc-hall-345x230.png 345w, https:\/\/semarkitchen.com\/wp-content\/uploads\/2017\/05\/3d-vaade-pvc-hall.png 903w\" data-sizes=\"(max-width: 222px) 100vw, 222px\" src=\"data:image\/svg+xml;base64,PHN2ZyB3aWR0aD0iMSIgaGVpZ2h0PSIxIiB4bWxucz0iaHR0cDovL3d3dy53My5vcmcvMjAwMC9zdmciPjwvc3ZnPg==\" style=\"--smush-placeholder-width: 222px; --smush-placeholder-aspect-ratio: 222\/147;\" \/><\/p>\n<p><img decoding=\"async\" class=\"size-medium wp-image-568 lazyload\" data-src=\"https:\/\/semarkitchen.com\/wp-content\/uploads\/2017\/08\/DJI_0019_2-228x128.jpg\" alt=\"\" width=\"228\" height=\"128\" data-srcset=\"https:\/\/semarkitchen.com\/wp-content\/uploads\/2017\/08\/DJI_0019_2-228x128.jpg 228w, https:\/\/semarkitchen.com\/wp-content\/uploads\/2017\/08\/DJI_0019_2-600x338.jpg 600w, https:\/\/semarkitchen.com\/wp-content\/uploads\/2017\/08\/DJI_0019_2-768x432.jpg 768w, https:\/\/semarkitchen.com\/wp-content\/uploads\/2017\/08\/DJI_0019_2-1024x576.jpg 1024w\" data-sizes=\"(max-width: 228px) 100vw, 228px\" src=\"data:image\/svg+xml;base64,PHN2ZyB3aWR0aD0iMSIgaGVpZ2h0PSIxIiB4bWxucz0iaHR0cDovL3d3dy53My5vcmcvMjAwMC9zdmciPjwvc3ZnPg==\" style=\"--smush-placeholder-width: 228px; --smush-placeholder-aspect-ratio: 228\/128;\" \/><\/p>\n<p><img decoding=\"async\" class=\"size-medium wp-image-573 lazyload\" data-src=\"https:\/\/semarkitchen.com\/wp-content\/uploads\/2017\/08\/DJI_0015-228x128.jpg\" alt=\"\" width=\"228\" height=\"128\" data-srcset=\"https:\/\/semarkitchen.com\/wp-content\/uploads\/2017\/08\/DJI_0015-228x128.jpg 228w, https:\/\/semarkitchen.com\/wp-content\/uploads\/2017\/08\/DJI_0015-600x338.jpg 600w, https:\/\/semarkitchen.com\/wp-content\/uploads\/2017\/08\/DJI_0015-768x432.jpg 768w, https:\/\/semarkitchen.com\/wp-content\/uploads\/2017\/08\/DJI_0015-1024x576.jpg 1024w\" data-sizes=\"(max-width: 228px) 100vw, 228px\" src=\"data:image\/svg+xml;base64,PHN2ZyB3aWR0aD0iMSIgaGVpZ2h0PSIxIiB4bWxucz0iaHR0cDovL3d3dy53My5vcmcvMjAwMC9zdmciPjwvc3ZnPg==\" style=\"--smush-placeholder-width: 228px; --smush-placeholder-aspect-ratio: 228\/128;\" \/><\/p>\n<h2><strong><em>PVC\u00a0<\/em><\/strong><em style=\"font-weight: bold;\">hall m\u00f5\u00f5tmetega 15x25m, seina k\u00f5rgus 5 m.<\/em><\/h2>\n<p>&nbsp;<\/p>\n<p>Hallil on 2 t\u00f5stust otsaseintes, ukse m\u00f5\u00f5dud 4000x4000mm<\/p>\n<p>Hind koos paigaldusega <strong>29\u00a0000.<\/strong>-+km.<\/p>\n<p>Katus valge, valgust l\u00e4bilaskev, seinad rohelised.<\/p>\n<p>Hind ei sisalda vundamenti, v\u00f5imalik paigaldus asfaltile v\u00f5i eelnevalt valatud betoon alusele.<\/p>\n<p><img decoding=\"async\" class=\"alignnone size-medium wp-image-230 lazyload\" data-src=\"https:\/\/semarkitchen.com\/wp-content\/uploads\/2017\/05\/3d-vaade-pvc-hall-222x147.png\" alt=\"\" width=\"222\" height=\"147\" data-srcset=\"https:\/\/semarkitchen.com\/wp-content\/uploads\/2017\/05\/3d-vaade-pvc-hall-222x147.png 222w, https:\/\/semarkitchen.com\/wp-content\/uploads\/2017\/05\/3d-vaade-pvc-hall-600x400.png 600w, https:\/\/semarkitchen.com\/wp-content\/uploads\/2017\/05\/3d-vaade-pvc-hall-768x509.png 768w, https:\/\/semarkitchen.com\/wp-content\/uploads\/2017\/05\/3d-vaade-pvc-hall-800x533.png 800w, https:\/\/semarkitchen.com\/wp-content\/uploads\/2017\/05\/3d-vaade-pvc-hall-345x230.png 345w, https:\/\/semarkitchen.com\/wp-content\/uploads\/2017\/05\/3d-vaade-pvc-hall.png 903w\" data-sizes=\"(max-width: 222px) 100vw, 222px\" src=\"data:image\/svg+xml;base64,PHN2ZyB3aWR0aD0iMSIgaGVpZ2h0PSIxIiB4bWxucz0iaHR0cDovL3d3dy53My5vcmcvMjAwMC9zdmciPjwvc3ZnPg==\" style=\"--smush-placeholder-width: 222px; --smush-placeholder-aspect-ratio: 222\/147;\" \/>[\/vc_column_text][\/vc_column][\/vc_row]\n<\/div>","protected":false},"excerpt":{"rendered":"<p>[vc_row el_class=&#8221;pealkir&#8221;][vc_column][vc_custom_heading text=&#8221;SOODUSPAKKUMISED&#8221; font_container=&#8221;tag:h1|font_size:33px|text_align:center|color:%23ffffff|line_height:35px&#8221; use_theme_fonts=&#8221;yes&#8221;][\/vc_column][\/vc_row][vc_row][vc_column][vc_column_text]TOOTED OTSE LAOST: PVC hall m\u00f5\u00f5tmetega 16x56m, seina k\u00f5rgus 5 m. &nbsp; Hallil on 2 t\u00f5stust pikemal k\u00fcljel, ukse m\u00f5\u00f5dud 5000x4000mm. Katus valge, valgust l\u00e4bilaskev, seinad rohelised. Hind koos paigaldusega 65 000.-+km. Hind ei sisalda vundamenti, v\u00f5imalik paigaldus asfaltile v\u00f5i eelnevalt valatud betoon alusele. PVC\u00a0hall m\u00f5\u00f5tmetega 15x25m, seina k\u00f5rgus 5 m&#8230;.<\/p>\n","protected":false},"author":1,"featured_media":0,"parent":0,"menu_order":0,"comment_status":"closed","ping_status":"closed","template":"page-full.php","meta":{"_acf_changed":false,"footnotes":""},"class_list":["post-817","page","type-page","status-publish","hentry"],"acf":[],"yoast_head":"<!-- This site is optimized with the Yoast SEO plugin v25.6 - https:\/\/yoast.com\/wordpress\/plugins\/seo\/ -->\n<title>Discount offers | K\u00f6\u00f6gim\u00f6\u00f6bli valmistamine | M\u00f6\u00f6bli tootmine | V\u00e4lik\u00f6\u00f6gid<\/title>\n<meta name=\"description\" content=\"PVC hallide m\u00fc\u00fck ja PVC hallide hinnad - meie lehelt saad k\u00f5ik vajaliku t\u00e4pselt teada. Vaata edasi siit\" \/>\n<meta name=\"robots\" content=\"index, follow, max-snippet:-1, max-image-preview:large, max-video-preview:-1\" \/>\n<link rel=\"canonical\" href=\"https:\/\/semarkitchen.com\/en\/discount-offers\/\" \/>\n<meta property=\"og:locale\" content=\"en_US\" \/>\n<meta property=\"og:type\" content=\"article\" \/>\n<meta property=\"og:title\" content=\"Discount offers | K\u00f6\u00f6gim\u00f6\u00f6bli valmistamine | M\u00f6\u00f6bli tootmine | V\u00e4lik\u00f6\u00f6gid\" \/>\n<meta property=\"og:description\" content=\"PVC hallide m\u00fc\u00fck ja PVC hallide hinnad - meie lehelt saad k\u00f5ik vajaliku t\u00e4pselt teada. Vaata edasi siit\" \/>\n<meta property=\"og:url\" content=\"https:\/\/semarkitchen.com\/en\/discount-offers\/\" \/>\n<meta property=\"og:site_name\" content=\"K\u00f6\u00f6gim\u00f6\u00f6bli valmistamine | M\u00f6\u00f6bli tootmine | V\u00e4lik\u00f6\u00f6gid\" \/>\n<meta property=\"og:image\" content=\"https:\/\/semarkitchen.com\/wp-content\/uploads\/2017\/05\/3d-vaade-pvc-hall.png\" \/>\n\t<meta property=\"og:image:width\" content=\"903\" \/>\n\t<meta property=\"og:image:height\" content=\"599\" \/>\n\t<meta property=\"og:image:type\" content=\"image\/png\" \/>\n<meta name=\"twitter:card\" content=\"summary_large_image\" \/>\n<meta name=\"twitter:label1\" content=\"Est. reading time\" \/>\n\t<meta name=\"twitter:data1\" content=\"1 minute\" \/>\n<script type=\"application\/ld+json\" class=\"yoast-schema-graph\">{\"@context\":\"https:\/\/schema.org\",\"@graph\":[{\"@type\":\"WebPage\",\"@id\":\"https:\/\/semarkitchen.com\/en\/discount-offers\/\",\"url\":\"https:\/\/semarkitchen.com\/en\/discount-offers\/\",\"name\":\"Discount offers | K\u00f6\u00f6gim\u00f6\u00f6bli valmistamine | M\u00f6\u00f6bli tootmine | V\u00e4lik\u00f6\u00f6gid\",\"isPartOf\":{\"@id\":\"https:\/\/semarkitchen.com\/#website\"},\"primaryImageOfPage\":{\"@id\":\"https:\/\/semarkitchen.com\/en\/discount-offers\/#primaryimage\"},\"image\":{\"@id\":\"https:\/\/semarkitchen.com\/en\/discount-offers\/#primaryimage\"},\"thumbnailUrl\":\"https:\/\/semarkitchen.com\/wp-content\/uploads\/2017\/05\/3d-vaade-pvc-hall-222x147.png\",\"datePublished\":\"2017-11-21T09:53:45+00:00\",\"description\":\"PVC hallide m\u00fc\u00fck ja PVC hallide hinnad - meie lehelt saad k\u00f5ik vajaliku t\u00e4pselt teada. Vaata edasi siit\",\"breadcrumb\":{\"@id\":\"https:\/\/semarkitchen.com\/en\/discount-offers\/#breadcrumb\"},\"inLanguage\":\"en-US\",\"potentialAction\":[{\"@type\":\"ReadAction\",\"target\":[\"https:\/\/semarkitchen.com\/en\/discount-offers\/\"]}]},{\"@type\":\"ImageObject\",\"inLanguage\":\"en-US\",\"@id\":\"https:\/\/semarkitchen.com\/en\/discount-offers\/#primaryimage\",\"url\":\"https:\/\/semarkitchen.com\/wp-content\/uploads\/2017\/05\/3d-vaade-pvc-hall-222x147.png\",\"contentUrl\":\"https:\/\/semarkitchen.com\/wp-content\/uploads\/2017\/05\/3d-vaade-pvc-hall-222x147.png\"},{\"@type\":\"BreadcrumbList\",\"@id\":\"https:\/\/semarkitchen.com\/en\/discount-offers\/#breadcrumb\",\"itemListElement\":[{\"@type\":\"ListItem\",\"position\":1,\"name\":\"Home\",\"item\":\"https:\/\/semarkitchen.com\/en\/\"},{\"@type\":\"ListItem\",\"position\":2,\"name\":\"Discount offers\"}]},{\"@type\":\"WebSite\",\"@id\":\"https:\/\/semarkitchen.com\/#website\",\"url\":\"https:\/\/semarkitchen.com\/\",\"name\":\"K\u00f6\u00f6gim\u00f6\u00f6bli valmistamine | M\u00f6\u00f6bli tootmine | V\u00e4lik\u00f6\u00f6gid\",\"description\":\"K\u00f6\u00f6gim\u00f6\u00f6bli valmistamine | M\u00f6\u00f6bli tootmine | V\u00e4lik\u00f6\u00f6gid\",\"potentialAction\":[{\"@type\":\"SearchAction\",\"target\":{\"@type\":\"EntryPoint\",\"urlTemplate\":\"https:\/\/semarkitchen.com\/?s={search_term_string}\"},\"query-input\":{\"@type\":\"PropertyValueSpecification\",\"valueRequired\":true,\"valueName\":\"search_term_string\"}}],\"inLanguage\":\"en-US\"}]}<\/script>\n<!-- \/ Yoast SEO plugin. -->","yoast_head_json":{"title":"Discount offers | K\u00f6\u00f6gim\u00f6\u00f6bli valmistamine | M\u00f6\u00f6bli tootmine | V\u00e4lik\u00f6\u00f6gid","description":"PVC hallide m\u00fc\u00fck ja PVC hallide hinnad - meie lehelt saad k\u00f5ik vajaliku t\u00e4pselt teada. Vaata edasi siit","robots":{"index":"index","follow":"follow","max-snippet":"max-snippet:-1","max-image-preview":"max-image-preview:large","max-video-preview":"max-video-preview:-1"},"canonical":"https:\/\/semarkitchen.com\/en\/discount-offers\/","og_locale":"en_US","og_type":"article","og_title":"Discount offers | K\u00f6\u00f6gim\u00f6\u00f6bli valmistamine | M\u00f6\u00f6bli tootmine | V\u00e4lik\u00f6\u00f6gid","og_description":"PVC hallide m\u00fc\u00fck ja PVC hallide hinnad - meie lehelt saad k\u00f5ik vajaliku t\u00e4pselt teada. Vaata edasi siit","og_url":"https:\/\/semarkitchen.com\/en\/discount-offers\/","og_site_name":"K\u00f6\u00f6gim\u00f6\u00f6bli valmistamine | M\u00f6\u00f6bli tootmine | V\u00e4lik\u00f6\u00f6gid","og_image":[{"width":903,"height":599,"url":"https:\/\/semarkitchen.com\/wp-content\/uploads\/2017\/05\/3d-vaade-pvc-hall.png","type":"image\/png"}],"twitter_card":"summary_large_image","twitter_misc":{"Est. reading time":"1 minute"},"schema":{"@context":"https:\/\/schema.org","@graph":[{"@type":"WebPage","@id":"https:\/\/semarkitchen.com\/en\/discount-offers\/","url":"https:\/\/semarkitchen.com\/en\/discount-offers\/","name":"Discount offers | K\u00f6\u00f6gim\u00f6\u00f6bli valmistamine | M\u00f6\u00f6bli tootmine | V\u00e4lik\u00f6\u00f6gid","isPartOf":{"@id":"https:\/\/semarkitchen.com\/#website"},"primaryImageOfPage":{"@id":"https:\/\/semarkitchen.com\/en\/discount-offers\/#primaryimage"},"image":{"@id":"https:\/\/semarkitchen.com\/en\/discount-offers\/#primaryimage"},"thumbnailUrl":"https:\/\/semarkitchen.com\/wp-content\/uploads\/2017\/05\/3d-vaade-pvc-hall-222x147.png","datePublished":"2017-11-21T09:53:45+00:00","description":"PVC hallide m\u00fc\u00fck ja PVC hallide hinnad - meie lehelt saad k\u00f5ik vajaliku t\u00e4pselt teada. Vaata edasi siit","breadcrumb":{"@id":"https:\/\/semarkitchen.com\/en\/discount-offers\/#breadcrumb"},"inLanguage":"en-US","potentialAction":[{"@type":"ReadAction","target":["https:\/\/semarkitchen.com\/en\/discount-offers\/"]}]},{"@type":"ImageObject","inLanguage":"en-US","@id":"https:\/\/semarkitchen.com\/en\/discount-offers\/#primaryimage","url":"https:\/\/semarkitchen.com\/wp-content\/uploads\/2017\/05\/3d-vaade-pvc-hall-222x147.png","contentUrl":"https:\/\/semarkitchen.com\/wp-content\/uploads\/2017\/05\/3d-vaade-pvc-hall-222x147.png"},{"@type":"BreadcrumbList","@id":"https:\/\/semarkitchen.com\/en\/discount-offers\/#breadcrumb","itemListElement":[{"@type":"ListItem","position":1,"name":"Home","item":"https:\/\/semarkitchen.com\/en\/"},{"@type":"ListItem","position":2,"name":"Discount offers"}]},{"@type":"WebSite","@id":"https:\/\/semarkitchen.com\/#website","url":"https:\/\/semarkitchen.com\/","name":"K\u00f6\u00f6gim\u00f6\u00f6bli valmistamine | M\u00f6\u00f6bli tootmine | V\u00e4lik\u00f6\u00f6gid","description":"K\u00f6\u00f6gim\u00f6\u00f6bli valmistamine | M\u00f6\u00f6bli tootmine | V\u00e4lik\u00f6\u00f6gid","potentialAction":[{"@type":"SearchAction","target":{"@type":"EntryPoint","urlTemplate":"https:\/\/semarkitchen.com\/?s={search_term_string}"},"query-input":{"@type":"PropertyValueSpecification","valueRequired":true,"valueName":"search_term_string"}}],"inLanguage":"en-US"}]}},"_links":{"self":[{"href":"https:\/\/semarkitchen.com\/en\/wp-json\/wp\/v2\/pages\/817","targetHints":{"allow":["GET"]}}],"collection":[{"href":"https:\/\/semarkitchen.com\/en\/wp-json\/wp\/v2\/pages"}],"about":[{"href":"https:\/\/semarkitchen.com\/en\/wp-json\/wp\/v2\/types\/page"}],"author":[{"embeddable":true,"href":"https:\/\/semarkitchen.com\/en\/wp-json\/wp\/v2\/users\/1"}],"replies":[{"embeddable":true,"href":"https:\/\/semarkitchen.com\/en\/wp-json\/wp\/v2\/comments?post=817"}],"version-history":[{"count":1,"href":"https:\/\/semarkitchen.com\/en\/wp-json\/wp\/v2\/pages\/817\/revisions"}],"predecessor-version":[{"id":818,"href":"https:\/\/semarkitchen.com\/en\/wp-json\/wp\/v2\/pages\/817\/revisions\/818"}],"wp:attachment":[{"href":"https:\/\/semarkitchen.com\/en\/wp-json\/wp\/v2\/media?parent=817"}],"curies":[{"name":"wp","href":"https:\/\/api.w.org\/{rel}","templated":true}]}}